{"id":55067,"date":"2021-10-18T13:16:13","date_gmt":"2021-10-18T11:16:13","guid":{"rendered":"http:\/\/www.libraria-occitana.org\/product\/dictionnaire-des-comparaisons-occitanes\/"},"modified":"2026-04-13T21:01:41","modified_gmt":"2026-04-13T19:01:41","slug":"dictionnaire-des-comparaisons-occitanes","status":"publish","type":"product","link":"https:\/\/www.libraria-occitana.org\/en\/product\/dictionnaire-des-comparaisons-occitanes\/","title":{"rendered":"Dictionnaire des comparaisons occitanes"},"content":{"rendered":"<p>Dans ce dictionnaire, des milliers d\u2019expressions patiemment recueillies par Achille Mir (1822-1901), fin connaisseur de la parole populaire languedocienne et \u00e9crivain occitan lui-m\u00eame, sont r\u00e9unies et de nouveau accessibles au lecteur.<br \/>\nC\u2019est toute une mine de mots et d\u2019expressions occitanes qui est mise \u00e0 disposition de tous ceux qui s\u2019int\u00e9ressent, de pr\u00e8s ou de loin, \u00e0 la langue d\u2019oc. Gage de l\u2019authenticit\u00e9 et de la valeur de la collecte d\u2019Achille Mir, nombre de ces comparaisons ont \u00e9t\u00e9 int\u00e9gr\u00e9es par Fr\u00e9d\u00e9ric Mistral dans son fameux dictionnaire, <a href=\"http:\/\/www.libraria-occitana.org\/produit\/lou-tresor-dou-felibrige-2-volumes\/\"><em>Lou Tresor d\u00f3u Felibrige<\/em><\/a>.<br \/>\nTout le suc et la force de la langue d\u2019oc se retrouvent dans ces comparaisons imag\u00e9es, ironiques, concr\u00e8tes, faisant quelquefois \u00e9cho \u00e0 des r\u00e9alit\u00e9s du pass\u00e9, ou bien encore allant droit au but, sans peur d\u2019employer des mots crus et sans fausse pudeur.<br \/>\n\u00c0 consulter pour le plaisir de savourer des mots, de d\u00e9couvrir ou red\u00e9couvrir l\u2019ironie piquante du parler populaire, de comprendre une expression entendue ou lue, ou d\u2019enrichir sa connaissance de l\u2019occitan.<br \/>\nPeut se d\u00e9guster sans mod\u00e9ration.<br \/>\nL\u2019ensemble du texte paru en 1882 a \u00e9t\u00e9 transcrit dans la graphie actuelle de l\u2019occitan, compl\u00e9t\u00e9 par la traduction fran\u00e7aise int\u00e9grale de toutes les comparaisons, organis\u00e9es par ordre alphab\u00e9tique.<\/p>\n","protected":false},"excerpt":{"rendered":"<p>Dans ce dictionnaire, des milliers d\u2019expressions patiemment recueillies par Achille Mir (1822-1901), fin connaisseur de la parole populaire languedocienne et \u00e9crivain occitan lui-m\u00eame, sont r\u00e9unies et de nouveau accessibles au lecteur. C\u2019est toute une mine de mots et d\u2019expressions occitanes qui est mise \u00e0 disposition de tous ceux qui s\u2019int\u00e9ressent, de pr\u00e8s ou de loin, [&hellip;]<\/p>\n","protected":false},"featured_media":55064,"template":"","meta":{"_acf_changed":false,"_genesis_hide_title":false,"_genesis_hide_breadcrumbs":false,"_genesis_hide_singular_image":false,"_genesis_hide_footer_widgets":false,"_genesis_custom_body_class":"","_genesis_custom_post_class":"","_genesis_layout":""},"product_brand":[],"product_cat":[7132,7136,7146],"product_tag":[],"class_list":{"0":"post-55067","1":"product","2":"type-product","3":"status-publish","4":"has-post-thumbnail","6":"product_cat-books","7":"product_cat-dictionaries-language-educational-en","8":"product_cat-vocabulary-idioms-en","9":"pa_auteur-mir-achille-en","10":"pa_editeur-letras-doc-en","11":"pa_langue-occitan-lengadocian-en","12":"pa_langue-occitan-francais-en","13":"entry","15":"first","16":"instock","17":"shipping-taxable","18":"purchasable","19":"product-type-simple"},"acf":[],"_links":{"self":[{"href":"https:\/\/www.libraria-occitana.org\/en\/wp-json\/wp\/v2\/product\/55067","targetHints":{"allow":["GET"]}}],"collection":[{"href":"https:\/\/www.libraria-occitana.org\/en\/wp-json\/wp\/v2\/product"}],"about":[{"href":"https:\/\/www.libraria-occitana.org\/en\/wp-json\/wp\/v2\/types\/product"}],"wp:featuredmedia":[{"embeddable":true,"href":"https:\/\/www.libraria-occitana.org\/en\/wp-json\/wp\/v2\/media\/55064"}],"wp:attachment":[{"href":"https:\/\/www.libraria-occitana.org\/en\/wp-json\/wp\/v2\/media?parent=55067"}],"wp:term":[{"taxonomy":"product_brand","embeddable":true,"href":"https:\/\/www.libraria-occitana.org\/en\/wp-json\/wp\/v2\/product_brand?post=55067"},{"taxonomy":"product_cat","embeddable":true,"href":"https:\/\/www.libraria-occitana.org\/en\/wp-json\/wp\/v2\/product_cat?post=55067"},{"taxonomy":"product_tag","embeddable":true,"href":"https:\/\/www.libraria-occitana.org\/en\/wp-json\/wp\/v2\/product_tag?post=55067"}],"curies":[{"name":"wp","href":"https:\/\/api.w.org\/{rel}","templated":true}]}}