{"id":55105,"date":"2021-10-25T16:22:48","date_gmt":"2021-10-25T14:22:48","guid":{"rendered":"http:\/\/www.libraria-occitana.org\/?post_type=product&#038;p=55105"},"modified":"2026-04-13T22:06:08","modified_gmt":"2026-04-13T20:06:08","slug":"dolmens-menhirs-tumulus-et-pierres-a-legende-en-charente","status":"publish","type":"product","link":"https:\/\/www.libraria-occitana.org\/en\/product\/dolmens-menhirs-tumulus-et-pierres-a-legende-en-charente\/","title":{"rendered":"Dolmens, menhirs, tumulus et pierres \u00e0 l\u00e9gende en Charente"},"content":{"rendered":"<p>Les m\u00e9galithes sont les plus anciennes constructions humaines connues en Europe. Les menhirs, ou pierres dress\u00e9es, et les dolmens, qui sont des s\u00e9pultures collectives, ont \u00e9t\u00e9 \u00e9rig\u00e9s durant la Pr\u00e9histoire, au N\u00e9olithique. Ils t\u00e9moignent d&#8217;une p\u00e9riode de bouleversements sans pr\u00e9c\u00e9dent dans l&#8217;histoire de l&#8217;humanit\u00e9, qui, en Europe, a d\u00e9but\u00e9 vers 7 000 av. J.-C. C&#8217;est durant cette \u00e9poque que les populations se sont s\u00e9dentaris\u00e9es et que se sont d\u00e9velopp\u00e9s et g\u00e9n\u00e9ralis\u00e9s l&#8217;\u00e9levage, l&#8217;agriculture et toute une s\u00e9rie de techniques telles que la vannerie, la c\u00e9ramique, le tissage&#8230; Ces r\u00e9volutions sont \u00e0 la base de notre organisation sociale et de notre mode de vie.<br \/>\nGrand voyageur et passionn\u00e9 depuis l&#8217;\u00e2ge de 11 ans par le patrimoine et les m\u00e9galithes de sa r\u00e9gion, Jean-S\u00e9bastien Pourtaud a peu \u00e0 peu \u00e9largi ses investigations aux m\u00e9galithes de l&#8217;hexagone, puis \u00e0 travers le monde, \u00e0 ceux de l&#8217;\u00eele de Malte \u00e0 l&#8217;Argentine, en passant par l&#8217;Indon\u00e9sie et l&#8217;\u00eele de P\u00e2ques. Il a particip\u00e9 \u00e0 plusieurs campagnes de fouilles arch\u00e9ologiques dont celles du site du dolmen d&#8217;Ors au Ch\u00e2teau-d&#8217;Ol\u00e9ron depuis 2015, sous la direction de Ludovic Soler.<\/p>\n","protected":false},"excerpt":{"rendered":"<p>Les m\u00e9galithes sont les plus anciennes constructions humaines connues en Europe. Les menhirs, ou pierres dress\u00e9es, et les dolmens, qui sont des s\u00e9pultures collectives, ont \u00e9t\u00e9 \u00e9rig\u00e9s durant la Pr\u00e9histoire, au N\u00e9olithique. Ils t\u00e9moignent d&#8217;une p\u00e9riode de bouleversements sans pr\u00e9c\u00e9dent dans l&#8217;histoire de l&#8217;humanit\u00e9, qui, en Europe, a d\u00e9but\u00e9 vers 7 000 av. J.-C. C&#8217;est [&hellip;]<\/p>\n","protected":false},"featured_media":55108,"template":"","meta":{"_acf_changed":false,"_genesis_hide_title":false,"_genesis_hide_breadcrumbs":false,"_genesis_hide_singular_image":false,"_genesis_hide_footer_widgets":false,"_genesis_custom_body_class":"","_genesis_custom_post_class":"","_genesis_layout":""},"product_brand":[],"product_cat":[7132,7198,7196],"product_tag":[],"class_list":{"0":"post-55105","1":"product","2":"type-product","3":"status-publish","4":"has-post-thumbnail","6":"product_cat-books","7":"product_cat-guides-tourism-en","8":"product_cat-nature-tourism-en","9":"pa_auteur-pourtaud-jean-sebastien-en","10":"pa_editeur-les-indes-savantes-en","11":"pa_langue-francais-en","12":"entry","14":"first","15":"instock","16":"shipping-taxable","17":"purchasable","18":"product-type-simple"},"acf":[],"_links":{"self":[{"href":"https:\/\/www.libraria-occitana.org\/en\/wp-json\/wp\/v2\/product\/55105","targetHints":{"allow":["GET"]}}],"collection":[{"href":"https:\/\/www.libraria-occitana.org\/en\/wp-json\/wp\/v2\/product"}],"about":[{"href":"https:\/\/www.libraria-occitana.org\/en\/wp-json\/wp\/v2\/types\/product"}],"wp:featuredmedia":[{"embeddable":true,"href":"https:\/\/www.libraria-occitana.org\/en\/wp-json\/wp\/v2\/media\/55108"}],"wp:attachment":[{"href":"https:\/\/www.libraria-occitana.org\/en\/wp-json\/wp\/v2\/media?parent=55105"}],"wp:term":[{"taxonomy":"product_brand","embeddable":true,"href":"https:\/\/www.libraria-occitana.org\/en\/wp-json\/wp\/v2\/product_brand?post=55105"},{"taxonomy":"product_cat","embeddable":true,"href":"https:\/\/www.libraria-occitana.org\/en\/wp-json\/wp\/v2\/product_cat?post=55105"},{"taxonomy":"product_tag","embeddable":true,"href":"https:\/\/www.libraria-occitana.org\/en\/wp-json\/wp\/v2\/product_tag?post=55105"}],"curies":[{"name":"wp","href":"https:\/\/api.w.org\/{rel}","templated":true}]}}