{"id":55118,"date":"2020-11-25T18:28:12","date_gmt":"2020-11-25T17:28:12","guid":{"rendered":"http:\/\/www.libraria-occitana.org\/product\/abril-e-lo-monde-trucat\/"},"modified":"2026-04-29T04:46:11","modified_gmt":"2026-04-29T02:46:11","slug":"abril-e-lo-monde-trucat","status":"publish","type":"product","link":"https:\/\/www.libraria-occitana.org\/en\/product\/abril-e-lo-monde-trucat\/","title":{"rendered":"Abril e lo Monde Trucat"},"content":{"rendered":"<p>Version occitane du film d&#8217;animation franco-belgo-canadien <em>Avril et le Monde truqu\u00e9<\/em> (Je suis bien content \/ Studiocanal).<\/p>\n<p><strong>Embarquez pour une grande aventure dessin\u00e9e par Tardi !<\/strong><\/p>\n<p>1941 \u00e0 Paris. Avril est une jeune fille orpheline dont les parents ont myst\u00e9rieusement disparu comme tous les scientifiques depuis 70 ans. Dans un monde truqu\u00e9 priv\u00e9 d\u2019arbre, d\u2019\u00e9lectricit\u00e9 ou encore de radio, Avril consacre ses journ\u00e9es \u00e0 la recherche de ses parents et d\u2019une formule scientifique qui permettrait de rendre vie \u00e0 la nature. Accompagn\u00e9e de son chat parlant Darwin, elle fait la rencontre d\u2019un jeune gredin nomm\u00e9 Julius. Ensemble, ils vont tenter de r\u00e9soudre les myst\u00e8res de ce monde truqu\u00e9 : qui enl\u00e8ve les savants ? Dans quel but ?<\/p>\n<p>En occitan. Sous-titrage possible en fran\u00e7ais.<br \/>\nBonus<\/p>\n<p>Avec les voix de J\u00f2rdi Besombes, Joan-Lo\u00eds Blenet, Silvan Carr\u00e8ra, Cecila Chapduelh, Ives Durand, Pierrick Bordenave, Emilie Esquerr\u00e9, Dan\u00eds Galvier, Alban Garr\u00f2s, P\u00e8ir-Arnaut Grosclaude Lapl\u00e9ch\u00e8re, H\u00e9lio Labadie, Laurent Labadie, Violette Labadie, Delphine Lafon, Mario Peperoni, Olivier Pijasson, C\u00e9line Ricard, Guilhem Surpas.<\/p>\n<p><iframe loading=\"lazy\" title=\"YouTube video player\" src=\"https:\/\/www.youtube.com\/embed\/IBb0o0m1YRM\" width=\"560\" height=\"315\" frameborder=\"0\" allowfullscreen=\"allowfullscreen\"><\/iframe><\/p>\n","protected":false},"excerpt":{"rendered":"<p>Version occitane du film d&#8217;animation franco-belgo-canadien Avril et le Monde truqu\u00e9 (Je suis bien content \/ Studiocanal). Embarquez pour une grande aventure dessin\u00e9e par Tardi ! 1941 \u00e0 Paris. Avril est une jeune fille orpheline dont les parents ont myst\u00e9rieusement disparu comme tous les scientifiques depuis 70 ans. Dans un monde truqu\u00e9 priv\u00e9 d\u2019arbre, d\u2019\u00e9lectricit\u00e9 [&hellip;]<\/p>\n","protected":false},"featured_media":55116,"template":"","meta":{"_acf_changed":false,"_genesis_hide_title":false,"_genesis_hide_breadcrumbs":false,"_genesis_hide_singular_image":false,"_genesis_hide_footer_widgets":false,"_genesis_custom_body_class":"","_genesis_custom_post_class":"","_genesis_layout":""},"product_brand":[],"product_cat":[7245,7249],"product_tag":[],"class_list":{"0":"post-55118","1":"product","2":"type-product","3":"status-publish","4":"has-post-thumbnail","6":"product_cat-juvenile-and-teen-videos-2-en","7":"product_cat-videos-3-en","8":"pa_auteur-desmares-christian-en","9":"pa_auteur-ekinci-franck-en","10":"pa_editeur-contam-en","11":"pa_editeur-je-suis-bien-content-en","12":"pa_editeur-studiocanal-en","13":"pa_langue-occitan-francais-en","14":"entry","16":"first","17":"outofstock","18":"shipping-taxable","19":"purchasable","20":"product-type-simple"},"acf":[],"_links":{"self":[{"href":"https:\/\/www.libraria-occitana.org\/en\/wp-json\/wp\/v2\/product\/55118","targetHints":{"allow":["GET"]}}],"collection":[{"href":"https:\/\/www.libraria-occitana.org\/en\/wp-json\/wp\/v2\/product"}],"about":[{"href":"https:\/\/www.libraria-occitana.org\/en\/wp-json\/wp\/v2\/types\/product"}],"wp:featuredmedia":[{"embeddable":true,"href":"https:\/\/www.libraria-occitana.org\/en\/wp-json\/wp\/v2\/media\/55116"}],"wp:attachment":[{"href":"https:\/\/www.libraria-occitana.org\/en\/wp-json\/wp\/v2\/media?parent=55118"}],"wp:term":[{"taxonomy":"product_brand","embeddable":true,"href":"https:\/\/www.libraria-occitana.org\/en\/wp-json\/wp\/v2\/product_brand?post=55118"},{"taxonomy":"product_cat","embeddable":true,"href":"https:\/\/www.libraria-occitana.org\/en\/wp-json\/wp\/v2\/product_cat?post=55118"},{"taxonomy":"product_tag","embeddable":true,"href":"https:\/\/www.libraria-occitana.org\/en\/wp-json\/wp\/v2\/product_tag?post=55118"}],"curies":[{"name":"wp","href":"https:\/\/api.w.org\/{rel}","templated":true}]}}