{"id":55142,"date":"2020-11-26T16:00:27","date_gmt":"2020-11-26T15:00:27","guid":{"rendered":"http:\/\/www.libraria-occitana.org\/product\/zog-zebulon-le-dragon\/"},"modified":"2026-04-25T05:26:41","modified_gmt":"2026-04-25T03:26:41","slug":"zog-zebulon-le-dragon","status":"publish","type":"product","link":"https:\/\/www.libraria-occitana.org\/en\/product\/zog-zebulon-le-dragon\/","title":{"rendered":"ZOG"},"content":{"rendered":"<p>Version occitane de <em>Z\u00e9bulon le dragon<\/em> (Magic Light Pictures).<\/p>\n<p>Au cours de ses premi\u00e8res ann\u00e9es \u00e0 l\u2019\u00e9cole des dragons, Zog apprend \u00e0 voler, \u00e0 rugir et \u00e0 cracher du feu. Mais il est sujet aux accidents et chaque ann\u00e9e, il doit \u00eatre aid\u00e9 par une gentille jeune fille qui lui rafistole ses bosses et ses bleus. Puis, en quatri\u00e8me ann\u00e9e, il doit capturer une princesse. La jeune fille peut-elle l\u2019aider \u00e0 relever son d\u00e9fi le plus difficile ?<\/p>\n<p>En occitan. Sous-titrage possible en fran\u00e7ais.<br \/>\nBonus.<\/p>\n<p>Avec les voix de Silvan Carr\u00e8ra, Bruno Cecillon, \u00c9milie Esquerr\u00e9, Alban Garr\u00f2s, Violette Labadie.<\/p>\n","protected":false},"excerpt":{"rendered":"<p>Version occitane de Z\u00e9bulon le dragon (Magic Light Pictures). Au cours de ses premi\u00e8res ann\u00e9es \u00e0 l\u2019\u00e9cole des dragons, Zog apprend \u00e0 voler, \u00e0 rugir et \u00e0 cracher du feu. Mais il est sujet aux accidents et chaque ann\u00e9e, il doit \u00eatre aid\u00e9 par une gentille jeune fille qui lui rafistole ses bosses et ses [&hellip;]<\/p>\n","protected":false},"featured_media":55134,"template":"","meta":{"_acf_changed":false,"_genesis_hide_title":false,"_genesis_hide_breadcrumbs":false,"_genesis_hide_singular_image":false,"_genesis_hide_footer_widgets":false,"_genesis_custom_body_class":"","_genesis_custom_post_class":"","_genesis_layout":""},"product_brand":[],"product_cat":[7245,7249],"product_tag":[],"class_list":{"0":"post-55142","1":"product","2":"type-product","3":"status-publish","4":"has-post-thumbnail","6":"product_cat-juvenile-and-teen-videos-2-en","7":"product_cat-videos-3-en","8":"pa_auteur-lang-max-en","9":"pa_auteur-olga-de-jong-sophie-en","10":"pa_auteur-snaddon-daniel-en","11":"pa_editeur-contam-en","12":"pa_editeur-magic-light-pictures-en","13":"pa_langue-occitan-francais-en","14":"entry","16":"first","17":"instock","18":"shipping-taxable","19":"purchasable","20":"product-type-simple"},"acf":[],"_links":{"self":[{"href":"https:\/\/www.libraria-occitana.org\/en\/wp-json\/wp\/v2\/product\/55142","targetHints":{"allow":["GET"]}}],"collection":[{"href":"https:\/\/www.libraria-occitana.org\/en\/wp-json\/wp\/v2\/product"}],"about":[{"href":"https:\/\/www.libraria-occitana.org\/en\/wp-json\/wp\/v2\/types\/product"}],"wp:featuredmedia":[{"embeddable":true,"href":"https:\/\/www.libraria-occitana.org\/en\/wp-json\/wp\/v2\/media\/55134"}],"wp:attachment":[{"href":"https:\/\/www.libraria-occitana.org\/en\/wp-json\/wp\/v2\/media?parent=55142"}],"wp:term":[{"taxonomy":"product_brand","embeddable":true,"href":"https:\/\/www.libraria-occitana.org\/en\/wp-json\/wp\/v2\/product_brand?post=55142"},{"taxonomy":"product_cat","embeddable":true,"href":"https:\/\/www.libraria-occitana.org\/en\/wp-json\/wp\/v2\/product_cat?post=55142"},{"taxonomy":"product_tag","embeddable":true,"href":"https:\/\/www.libraria-occitana.org\/en\/wp-json\/wp\/v2\/product_tag?post=55142"}],"curies":[{"name":"wp","href":"https:\/\/api.w.org\/{rel}","templated":true}]}}