{"id":55176,"date":"2021-10-28T19:02:21","date_gmt":"2021-10-28T17:02:21","guid":{"rendered":"http:\/\/www.libraria-occitana.org\/product\/vesins-trasfolesits-e-autras-istorias-de-mon-immoble-libre-audio\/"},"modified":"2026-04-09T05:41:48","modified_gmt":"2026-04-09T03:41:48","slug":"vesins-trasfolesits-e-autras-istorias-de-mon-immoble-libre-audio","status":"publish","type":"product","link":"https:\/\/www.libraria-occitana.org\/en\/product\/vesins-trasfolesits-e-autras-istorias-de-mon-immoble-libre-audio\/","title":{"rendered":"Vesins trasfolesits e autras ist\u00f2rias de mon imm\u00f2ble (libre + audi\u00f2)"},"content":{"rendered":"<p>Adaptation en occitan (limousin) de <em>Voisins zinzins et autres histoires de mon immeuble<\/em> (\u00c9ditions du Rouergue, 2015).<\/p>\n<p>26 petites histoires qui se d\u00e9roulent dans un immeuble o\u00f9 vivent Taavi et sa maman.<br \/>\n\u00c0 chaque \u00e9tage, les voisins sont plus farfelus les uns que les autres.<br \/>\nIl y a la dame championne de bulles de chewing-gum, le crocodile malheureux en amour, la petite fille \u00e0 la tresse longue comme la queue d&#8217;un gros animal&#8230;<br \/>\nM\u00eame la femme de m\u00e9nage attrape la salet\u00e9 avec un filet \u00e0 papillons !<\/p>\n<p>CE2-Cycle 3.<br \/>\nLecture de Joan Ganhaire disponible sur <a href=\"http:\/\/www.capoc.fr\/\">http:\/\/www.capoc.fr\/<\/a> (Accueil &gt; Ressources num\u00e9riques : \u00c0 partir de A1-A2).<\/p>\n","protected":false},"excerpt":{"rendered":"<p>Adaptation en occitan (limousin) de Voisins zinzins et autres histoires de mon immeuble (\u00c9ditions du Rouergue, 2015). 26 petites histoires qui se d\u00e9roulent dans un immeuble o\u00f9 vivent Taavi et sa maman. \u00c0 chaque \u00e9tage, les voisins sont plus farfelus les uns que les autres. Il y a la dame championne de bulles de chewing-gum, [&hellip;]<\/p>\n","protected":false},"featured_media":55174,"template":"","meta":{"_acf_changed":false,"_genesis_hide_title":false,"_genesis_hide_breadcrumbs":false,"_genesis_hide_singular_image":false,"_genesis_hide_footer_widgets":false,"_genesis_custom_body_class":"","_genesis_custom_post_class":"","_genesis_layout":""},"product_brand":[],"product_cat":[7132,7170,7164,7166],"product_tag":[],"class_list":{"0":"post-55176","1":"product","2":"type-product","3":"status-publish","4":"has-post-thumbnail","6":"product_cat-books","7":"product_cat-juvenile-en","8":"product_cat-juvenile-and-teen-comics-humour-en","9":"product_cat-teen-en","10":"pa_auteur-raud-piret-en","11":"pa_editeur-canope-editions-en","12":"pa_illustrateur-leveque-joan-lois-leveque-jean-louis-en","13":"pa_langue-occitan-en","14":"pa_langue-occitan-lemosin-en","15":"entry","17":"first","18":"instock","19":"shipping-taxable","20":"purchasable","21":"product-type-simple"},"acf":[],"_links":{"self":[{"href":"https:\/\/www.libraria-occitana.org\/en\/wp-json\/wp\/v2\/product\/55176","targetHints":{"allow":["GET"]}}],"collection":[{"href":"https:\/\/www.libraria-occitana.org\/en\/wp-json\/wp\/v2\/product"}],"about":[{"href":"https:\/\/www.libraria-occitana.org\/en\/wp-json\/wp\/v2\/types\/product"}],"wp:featuredmedia":[{"embeddable":true,"href":"https:\/\/www.libraria-occitana.org\/en\/wp-json\/wp\/v2\/media\/55174"}],"wp:attachment":[{"href":"https:\/\/www.libraria-occitana.org\/en\/wp-json\/wp\/v2\/media?parent=55176"}],"wp:term":[{"taxonomy":"product_brand","embeddable":true,"href":"https:\/\/www.libraria-occitana.org\/en\/wp-json\/wp\/v2\/product_brand?post=55176"},{"taxonomy":"product_cat","embeddable":true,"href":"https:\/\/www.libraria-occitana.org\/en\/wp-json\/wp\/v2\/product_cat?post=55176"},{"taxonomy":"product_tag","embeddable":true,"href":"https:\/\/www.libraria-occitana.org\/en\/wp-json\/wp\/v2\/product_tag?post=55176"}],"curies":[{"name":"wp","href":"https:\/\/api.w.org\/{rel}","templated":true}]}}