{"id":55183,"date":"2021-10-29T12:29:42","date_gmt":"2021-10-29T10:29:42","guid":{"rendered":"http:\/\/www.libraria-occitana.org\/product\/les-plantes-du-chaos-et-si-les-pestes-vegetales-etaient-des-alliees\/"},"modified":"2026-04-29T10:37:21","modified_gmt":"2026-04-29T08:37:21","slug":"les-plantes-du-chaos-et-si-les-pestes-vegetales-etaient-des-alliees","status":"publish","type":"product","link":"https:\/\/www.libraria-occitana.org\/en\/product\/les-plantes-du-chaos-et-si-les-pestes-vegetales-etaient-des-alliees\/","title":{"rendered":"Les plantes du chaos : Et si les pestes v\u00e9g\u00e9tales \u00e9taient des alli\u00e9es ?"},"content":{"rendered":"<p>\u00ab Ce livre est un vrai miroir diffractant\u2005: il stimule les nouvelles id\u00e9es, il change le regard, il d\u00e9boussole, il fait bifurquer. \u00bb<\/p>\n<p style=\"text-align: right;\">Pablo Servigne<\/p>\n<p>Nous les avons import\u00e9es d\u2019Asie, d\u2019Am\u00e9rique ou d\u2019Afrique dans la fr\u00e9n\u00e9sie qui \u00e9tait la n\u00f4tre d\u2019exploiter la plan\u00e8te et de commercer. Tr\u00e8s vite, elles ont prosp\u00e9r\u00e9 avec une vitalit\u00e9 stup\u00e9fiante dans nos milieux ravag\u00e9s par l\u2019urbanisation et artificialis\u00e9s par tous les \u00ab am\u00e9nagements \u00bb agricoles et industriels.<\/p>\n<p>Maintenant, on les qualifie d\u2019invasives, voire de dangereuses, et il faut les arracher, parfois les d\u00e9truire. Ces herbes du diable, ces fleurs du mal \u2013\u2002autant de surnoms dont on les a affubl\u00e9es au fil des ann\u00e9es alors qu\u2019en m\u00eame temps on cr\u00e9ait les conditions id\u00e9ales de leur propagation et de leur mutation \u2013 deviennent les boucs \u00e9missaires pour expliquer le d\u00e9sordre environnemental et nos angoisses qui en d\u00e9coulent\u2005: pollution atmosph\u00e9rique, rar\u00e9faction d\u2019eau douce, et tant d\u2019autres dangers que nous connaissons actuellement. Jussie, ailante, ambroisie, arbre aux papillons, renou\u00e9e du Japon, armoise, pour ne nommer que celles-l\u00e0, sont-elles vraiment des pestes v\u00e9g\u00e9tales\u2005?<\/p>\n<p>Thierry Th\u00e9venin nous invite \u00e0 comprendre les raisons de leur arriv\u00e9e et de leur extension, \u00e0 d\u00e9couvrir les bienfaits qu\u2019elles nous apportent et \u00e0 nous \u00e9merveiller de l\u2019interaction positive qu\u2019elles \u00e9tablissent avec nos \u00e9cosyst\u00e8mes \u00e0 bout de souffle. Et si ces pestes \u00e9trang\u00e8res pouvaient nous aider \u00e0 panser les plaies de nos actes les plus d\u00e9sastreux\u2005? L\u2019auteur nous apprend \u00e0 changer le regard que nous portons sur elles, \u00e0 voir leur beaut\u00e9 et, pourquoi pas, \u00e0 en faire nos alli\u00e9es, dans une nouvelle relation au chaos dont elles t\u00e9moignent.<\/p>\n<p>Pr\u00e9face de Pablo Servigne.<br \/>\nIllustrations de Jacky Jousson.<\/p>\n","protected":false},"excerpt":{"rendered":"<p>\u00ab Ce livre est un vrai miroir diffractant\u2005: il stimule les nouvelles id\u00e9es, il change le regard, il d\u00e9boussole, il fait bifurquer. \u00bb Pablo Servigne Nous les avons import\u00e9es d\u2019Asie, d\u2019Am\u00e9rique ou d\u2019Afrique dans la fr\u00e9n\u00e9sie qui \u00e9tait la n\u00f4tre d\u2019exploiter la plan\u00e8te et de commercer. Tr\u00e8s vite, elles ont prosp\u00e9r\u00e9 avec une vitalit\u00e9 stup\u00e9fiante [&hellip;]<\/p>\n","protected":false},"featured_media":55181,"template":"","meta":{"_acf_changed":false,"_genesis_hide_title":false,"_genesis_hide_breadcrumbs":false,"_genesis_hide_singular_image":false,"_genesis_hide_footer_widgets":false,"_genesis_custom_body_class":"","_genesis_custom_post_class":"","_genesis_layout":""},"product_brand":[],"product_cat":[7132,7200,7196],"product_tag":[],"class_list":{"0":"post-55183","1":"product","2":"type-product","3":"status-publish","4":"has-post-thumbnail","6":"product_cat-books","7":"product_cat-nature-gardening-en","8":"product_cat-nature-tourism-en","9":"pa_auteur-thevenin-thierry-en","10":"pa_editeur-lucien-souny-en","11":"pa_illustrateur-jousson-jacky-1-en","12":"pa_langue-francais-en","13":"entry","15":"first","16":"instock","17":"shipping-taxable","18":"purchasable","19":"product-type-simple"},"acf":[],"_links":{"self":[{"href":"https:\/\/www.libraria-occitana.org\/en\/wp-json\/wp\/v2\/product\/55183","targetHints":{"allow":["GET"]}}],"collection":[{"href":"https:\/\/www.libraria-occitana.org\/en\/wp-json\/wp\/v2\/product"}],"about":[{"href":"https:\/\/www.libraria-occitana.org\/en\/wp-json\/wp\/v2\/types\/product"}],"wp:featuredmedia":[{"embeddable":true,"href":"https:\/\/www.libraria-occitana.org\/en\/wp-json\/wp\/v2\/media\/55181"}],"wp:attachment":[{"href":"https:\/\/www.libraria-occitana.org\/en\/wp-json\/wp\/v2\/media?parent=55183"}],"wp:term":[{"taxonomy":"product_brand","embeddable":true,"href":"https:\/\/www.libraria-occitana.org\/en\/wp-json\/wp\/v2\/product_brand?post=55183"},{"taxonomy":"product_cat","embeddable":true,"href":"https:\/\/www.libraria-occitana.org\/en\/wp-json\/wp\/v2\/product_cat?post=55183"},{"taxonomy":"product_tag","embeddable":true,"href":"https:\/\/www.libraria-occitana.org\/en\/wp-json\/wp\/v2\/product_tag?post=55183"}],"curies":[{"name":"wp","href":"https:\/\/api.w.org\/{rel}","templated":true}]}}