{"id":55255,"date":"2020-07-17T12:19:51","date_gmt":"2020-07-17T10:19:51","guid":{"rendered":"http:\/\/www.libraria-occitana.org\/product\/sur-la-piste-du-chat-sauvage\/"},"modified":"2026-04-29T07:11:09","modified_gmt":"2026-04-29T05:11:09","slug":"sur-la-piste-du-chat-sauvage","status":"publish","type":"product","link":"https:\/\/www.libraria-occitana.org\/en\/product\/sur-la-piste-du-chat-sauvage\/","title":{"rendered":"Sur la piste du Chat sauvage"},"content":{"rendered":"<p>Si Salvador Dali d\u00e9cr\u00e9ta que la gare de Perpignan \u00e9tait le centre du monde, pour le passionn\u00e9 de Chats forestiers que je suis, le centre du monde se trouve plut\u00f4t en Creuse, aux alentours du village de Villesauveix que domine le Puy de Plane, sur la commune de La Nouaille.<\/p>\n<p>L&#8217;image inqui\u00e9tante, phantasm\u00e9e et irrationnelle, que les Fran\u00e7ais ont pu avoir du Chat sauvage doit aujourd&#8217;hui passer aux oubliettes de la chaotique histoire de notre civilisation. Les faits sont l\u00e0 et ils donnent \u00e0 conna\u00eetre un animal discret, solitaire et paisible, qui ne prend jamais \u00e0 la nature plus que de besoin, qui ne d\u00e9truit rien de son environnement.<\/p>\n<p>100% des photos publi\u00e9es dans ce livre ont \u00e9t\u00e9 prises dans la nature sauvage du Sud Creuse, o\u00f9 je vous propose de partir sur la piste du Chat sauvage europ\u00e9en. Vous allez partager ce que j&#8217;en ai d\u00e9couvert et observ\u00e9 lors de mes \u201cexp\u00e9ditions\u201d men\u00e9es, pour la plupart&#8230; \u00e0 quelques centaines de m\u00e8tres de mon jardin, tout au plus \u00e0 quelques kilom\u00e8tres.<\/p>\n<p style=\"text-align: right;\">Jean-Claude Champeau<\/p>\n","protected":false},"excerpt":{"rendered":"<p>Si Salvador Dali d\u00e9cr\u00e9ta que la gare de Perpignan \u00e9tait le centre du monde, pour le passionn\u00e9 de Chats forestiers que je suis, le centre du monde se trouve plut\u00f4t en Creuse, aux alentours du village de Villesauveix que domine le Puy de Plane, sur la commune de La Nouaille. L&#8217;image inqui\u00e9tante, phantasm\u00e9e et irrationnelle, [&hellip;]<\/p>\n","protected":false},"featured_media":55253,"template":"","meta":{"_acf_changed":false,"_genesis_hide_title":false,"_genesis_hide_breadcrumbs":false,"_genesis_hide_singular_image":false,"_genesis_hide_footer_widgets":false,"_genesis_custom_body_class":"","_genesis_custom_post_class":"","_genesis_layout":""},"product_brand":[],"product_cat":[7132,7200,7196],"product_tag":[],"class_list":{"0":"post-55255","1":"product","2":"type-product","3":"status-publish","4":"has-post-thumbnail","6":"product_cat-books","7":"product_cat-nature-gardening-en","8":"product_cat-nature-tourism-en","9":"pa_auteur-champeau-jean-claude-en","10":"pa_editeur-objectif-vie-nature-en","11":"pa_langue-francais-en","12":"entry","14":"first","15":"outofstock","16":"shipping-taxable","17":"purchasable","18":"product-type-simple"},"acf":[],"_links":{"self":[{"href":"https:\/\/www.libraria-occitana.org\/en\/wp-json\/wp\/v2\/product\/55255","targetHints":{"allow":["GET"]}}],"collection":[{"href":"https:\/\/www.libraria-occitana.org\/en\/wp-json\/wp\/v2\/product"}],"about":[{"href":"https:\/\/www.libraria-occitana.org\/en\/wp-json\/wp\/v2\/types\/product"}],"wp:featuredmedia":[{"embeddable":true,"href":"https:\/\/www.libraria-occitana.org\/en\/wp-json\/wp\/v2\/media\/55253"}],"wp:attachment":[{"href":"https:\/\/www.libraria-occitana.org\/en\/wp-json\/wp\/v2\/media?parent=55255"}],"wp:term":[{"taxonomy":"product_brand","embeddable":true,"href":"https:\/\/www.libraria-occitana.org\/en\/wp-json\/wp\/v2\/product_brand?post=55255"},{"taxonomy":"product_cat","embeddable":true,"href":"https:\/\/www.libraria-occitana.org\/en\/wp-json\/wp\/v2\/product_cat?post=55255"},{"taxonomy":"product_tag","embeddable":true,"href":"https:\/\/www.libraria-occitana.org\/en\/wp-json\/wp\/v2\/product_tag?post=55255"}],"curies":[{"name":"wp","href":"https:\/\/api.w.org\/{rel}","templated":true}]}}