{"id":55265,"date":"2021-11-17T16:42:26","date_gmt":"2021-11-17T15:42:26","guid":{"rendered":"http:\/\/www.libraria-occitana.org\/product\/poetesses-et-escrivaines-en-occitanie-medievale-la-trace-la-voix-le-genre\/"},"modified":"2026-04-29T10:28:48","modified_gmt":"2026-04-29T08:28:48","slug":"poetesses-et-escrivaines-en-occitanie-medievale-la-trace-la-voix-le-genre","status":"publish","type":"product","link":"https:\/\/www.libraria-occitana.org\/en\/product\/poetesses-et-escrivaines-en-occitanie-medievale-la-trace-la-voix-le-genre\/","title":{"rendered":"Po\u00e9tesses et escrivaines en Occitanie m\u00e9di\u00e9vale : La trace, la voix, le genre"},"content":{"rendered":"<p>Dix-sept po\u00e9tesses ont compos\u00e9 en Occitanie m\u00e9di\u00e9vale entre 1170 et 1240 des pi\u00e8ces lyriques, des lettres et des d\u00e9bats. Pour autant nous ne d\u00e9tenons de cet \u00e2ge d&#8217;or, ant\u00e9rieur \u00e0 la Croisade des Albigeois, que des fragments \u00e9pars, des pi\u00e8ces isol\u00e9es, des capitales orn\u00e9es et de rares notations musicales. Il est pourtant assur\u00e9 que <em>trobairitz<\/em> et troubadours dispos\u00e8rent d&#8217;un r\u00e9seau d&#8217;\u00e9changes et mobilis\u00e8rent des jongleurs pour relayer leur production po\u00e9tique sur de vastes territoires. Ce sont approximativement trente-quatre po\u00e8mes qui nous sont parvenus, soit 1,2 % de la lyrique occitane.<\/p>\n<p>Ces po\u00e9tesses compos\u00e8rent en langue d&#8217;oc, une langue de culture relativement homog\u00e8ne. Leur appartenance \u00e0 la noblesse, leur \u00e9ducation et la libert\u00e9 probable dont elles jouissaient les y disposaient.<\/p>\n<p>On red\u00e9couvre aujourd&#8217;hui qu&#8217;elles furent consid\u00e9r\u00e9es en leur temps, et par leurs pairs, comme des autrices \u00e0 part enti\u00e8re, pratiquant des genres litt\u00e9raires qui n&#8217;\u00e9taient pas mineurs. Aucun \u00ab genre des genres \u00bb, selon l&#8217;expression de Christine Plant\u00e9, n&#8217;est \u00e0 d\u00e9plorer les concernant, pas de territoire inf\u00e9rieur o\u00f9 l&#8217;\u00e9criture, parce que \u00ab f\u00e9minine \u00bb, se serait exerc\u00e9e en des formes litt\u00e9raires basses et marginales. Elles embrass\u00e8rent ce qu&#8217;il y avait de mieux : <em>cansos<\/em>, <em>tensos<\/em>, <em>sirvent\u00e9s<\/em> et <em>saluts<\/em>.<\/p>\n<p><a href=\"http:\/\/www.libraria-occitana.org\/wp-content\/uploads\/2021\/11\/8c5add41-3035-459b-9cf2-e4f1022edc3b.pdf\"><strong>Ensenhador \/ Table des mati\u00e8res<\/strong><\/a><\/p>\n","protected":false},"excerpt":{"rendered":"<p>Dix-sept po\u00e9tesses ont compos\u00e9 en Occitanie m\u00e9di\u00e9vale entre 1170 et 1240 des pi\u00e8ces lyriques, des lettres et des d\u00e9bats. Pour autant nous ne d\u00e9tenons de cet \u00e2ge d&#8217;or, ant\u00e9rieur \u00e0 la Croisade des Albigeois, que des fragments \u00e9pars, des pi\u00e8ces isol\u00e9es, des capitales orn\u00e9es et de rares notations musicales. Il est pourtant assur\u00e9 que trobairitz [&hellip;]<\/p>\n","protected":false},"featured_media":55260,"template":"","meta":{"_acf_changed":false,"_genesis_hide_title":false,"_genesis_hide_breadcrumbs":false,"_genesis_hide_singular_image":false,"_genesis_hide_footer_widgets":false,"_genesis_custom_body_class":"","_genesis_custom_post_class":"","_genesis_layout":""},"product_brand":[],"product_cat":[7188,7132,7174],"product_tag":[],"class_list":{"0":"post-55265","1":"product","2":"type-product","3":"status-publish","4":"has-post-thumbnail","6":"product_cat-arts-studies-en","7":"product_cat-books","8":"product_cat-literature-en","9":"pa_auteur-le-nan-frederique-en","10":"pa_editeur-pu-rennes-en","11":"pa_langue-francais-en","12":"entry","14":"first","15":"outofstock","16":"shipping-taxable","17":"purchasable","18":"product-type-simple"},"acf":[],"_links":{"self":[{"href":"https:\/\/www.libraria-occitana.org\/en\/wp-json\/wp\/v2\/product\/55265","targetHints":{"allow":["GET"]}}],"collection":[{"href":"https:\/\/www.libraria-occitana.org\/en\/wp-json\/wp\/v2\/product"}],"about":[{"href":"https:\/\/www.libraria-occitana.org\/en\/wp-json\/wp\/v2\/types\/product"}],"wp:featuredmedia":[{"embeddable":true,"href":"https:\/\/www.libraria-occitana.org\/en\/wp-json\/wp\/v2\/media\/55260"}],"wp:attachment":[{"href":"https:\/\/www.libraria-occitana.org\/en\/wp-json\/wp\/v2\/media?parent=55265"}],"wp:term":[{"taxonomy":"product_brand","embeddable":true,"href":"https:\/\/www.libraria-occitana.org\/en\/wp-json\/wp\/v2\/product_brand?post=55265"},{"taxonomy":"product_cat","embeddable":true,"href":"https:\/\/www.libraria-occitana.org\/en\/wp-json\/wp\/v2\/product_cat?post=55265"},{"taxonomy":"product_tag","embeddable":true,"href":"https:\/\/www.libraria-occitana.org\/en\/wp-json\/wp\/v2\/product_tag?post=55265"}],"curies":[{"name":"wp","href":"https:\/\/api.w.org\/{rel}","templated":true}]}}