{"id":55307,"date":"2021-11-22T13:46:31","date_gmt":"2021-11-22T12:46:31","guid":{"rendered":"http:\/\/www.libraria-occitana.org\/?post_type=product&#038;p=55307"},"modified":"2026-04-25T23:51:12","modified_gmt":"2026-04-25T21:51:12","slug":"noms-de-lieux-celtiques-de-leurope-ancienne-500-500-dictionnaire","status":"publish","type":"product","link":"https:\/\/www.libraria-occitana.org\/en\/product\/noms-de-lieux-celtiques-de-leurope-ancienne-500-500-dictionnaire\/","title":{"rendered":"Noms de lieux celtiques de l&#8217;Europe ancienne (-500 \/ +500) : Dictionnaire"},"content":{"rendered":"<p><strong>Nouvelle \u00e9dition.<\/strong><\/p>\n<p>Les <em>Noms de lieux celtiques de l\u2019Europe ancienne<\/em> pr\u00e9sentent sous forme de dictionnaire un relev\u00e9 des noms de lieux celtiques de l\u2019Antiquit\u00e9, soit attest\u00e9 tels quels par les Anciens (C\u00e9sar, Strabon, Ptol\u00e9m\u00e9e, itin\u00e9raires, etc.), soit reconstruits \u00e0 partir de leur forme m\u00e9di\u00e9vale (chartes, cartulaires, vie de saints) ou de leur forme moderne. Ils ont \u00e9t\u00e9 form\u00e9s pour la plupart avant l\u2019extension de l\u2019Empire romain et attestent, de par leur simple existence, de la pr\u00e9sence des Celtes sur une majeure partie du continent europ\u00e9en dans la p\u00e9riode qui a pr\u00e9c\u00e9d\u00e9 cette conqu\u00eate, au tournant de notre \u00e8re. Cette extension, qui ne se r\u00e9sume pas \u00e0 la Gaule, ni m\u00eame \u00e0 l\u2019hexagone, et que d\u2019Arbois de Jubainville avait appel\u00e9e \u00ab L\u2019Empire Celtique \u00bb, va de la Germanie rh\u00e9nane \u00e0 l\u2019Espagne occidentale en passant par les Gaules, et de la Bretagne \u00e0 la Pannonie, en passant par la Cisalpine, c&#8217;est-\u00e0-dire l&#8217;Italie du Nord. Apr\u00e8s une introduction qui explique la formation des noms de lieux celtiques et le dictionnaire proprement dit, des index abondants permettent de retrouver un nom de lieu ancien \u00e0 partir d&#8217;un nom moderne et les noms de personnes celtiques qui ont form\u00e9 un nom de lieu. Une traduction des toponymes est propos\u00e9e.<\/p>\n","protected":false},"excerpt":{"rendered":"<p>Nouvelle \u00e9dition. Les Noms de lieux celtiques de l\u2019Europe ancienne pr\u00e9sentent sous forme de dictionnaire un relev\u00e9 des noms de lieux celtiques de l\u2019Antiquit\u00e9, soit attest\u00e9 tels quels par les Anciens (C\u00e9sar, Strabon, Ptol\u00e9m\u00e9e, itin\u00e9raires, etc.), soit reconstruits \u00e0 partir de leur forme m\u00e9di\u00e9vale (chartes, cartulaires, vie de saints) ou de leur forme moderne. Ils [&hellip;]<\/p>\n","protected":false},"featured_media":55310,"template":"","meta":{"_acf_changed":false,"_genesis_hide_title":false,"_genesis_hide_breadcrumbs":false,"_genesis_hide_singular_image":false,"_genesis_hide_footer_widgets":false,"_genesis_custom_body_class":"","_genesis_custom_post_class":"","_genesis_layout":""},"product_brand":[],"product_cat":[7132,7148,7162],"product_tag":[],"class_list":{"0":"post-55307","1":"product","2":"type-product","3":"status-publish","4":"has-post-thumbnail","6":"product_cat-books","7":"product_cat-history-geography-en","8":"product_cat-place-names-peoples-names-en","9":"pa_auteur-delamarre-xavier-en","10":"pa_editeur-editions-errance-en","11":"pa_langue-francais-en","12":"entry","14":"first","15":"instock","16":"shipping-taxable","17":"purchasable","18":"product-type-simple"},"acf":[],"_links":{"self":[{"href":"https:\/\/www.libraria-occitana.org\/en\/wp-json\/wp\/v2\/product\/55307","targetHints":{"allow":["GET"]}}],"collection":[{"href":"https:\/\/www.libraria-occitana.org\/en\/wp-json\/wp\/v2\/product"}],"about":[{"href":"https:\/\/www.libraria-occitana.org\/en\/wp-json\/wp\/v2\/types\/product"}],"wp:featuredmedia":[{"embeddable":true,"href":"https:\/\/www.libraria-occitana.org\/en\/wp-json\/wp\/v2\/media\/55310"}],"wp:attachment":[{"href":"https:\/\/www.libraria-occitana.org\/en\/wp-json\/wp\/v2\/media?parent=55307"}],"wp:term":[{"taxonomy":"product_brand","embeddable":true,"href":"https:\/\/www.libraria-occitana.org\/en\/wp-json\/wp\/v2\/product_brand?post=55307"},{"taxonomy":"product_cat","embeddable":true,"href":"https:\/\/www.libraria-occitana.org\/en\/wp-json\/wp\/v2\/product_cat?post=55307"},{"taxonomy":"product_tag","embeddable":true,"href":"https:\/\/www.libraria-occitana.org\/en\/wp-json\/wp\/v2\/product_tag?post=55307"}],"curies":[{"name":"wp","href":"https:\/\/api.w.org\/{rel}","templated":true}]}}