{"id":55403,"date":"2021-11-30T17:02:35","date_gmt":"2021-11-30T16:02:35","guid":{"rendered":"http:\/\/www.libraria-occitana.org\/product\/enquestas-de-pas-creire-de-gaetan-causac-daus-ombradors\/"},"modified":"2026-04-08T04:31:59","modified_gmt":"2026-04-08T02:31:59","slug":"enquestas-de-pas-creire-de-gaetan-causac-daus-ombradors","status":"publish","type":"product","link":"https:\/\/www.libraria-occitana.org\/en\/product\/enquestas-de-pas-creire-de-gaetan-causac-daus-ombradors\/","title":{"rendered":"Enquestas de pas creire de Ga\u00ebtan Ca\u00fcsac daus Ombradors"},"content":{"rendered":"<p>Il n&#8217;est pas bien fringant, le comte Ga\u00ebtan Cahuzac des Ombradours, tout noble et ch\u00e2telain qu&#8217;il soit, il est aveugle, a toujours froid, a toujours besoin de boire et de pisser, et son caract\u00e8re, n&#8217;en parlons pas ! Et pourtant son pass\u00e9 de brillant commissaire de police et sa reconversion en d\u00e9tective priv\u00e9 lui donnent l&#8217;occasion de r\u00e9soudre les myst\u00e8res les plus incroyables : celui de l&#8217;horrible cave aux chauve-souris, celui des manchots que l&#8217;on semble rencontrer \u00e0 chaque coin de rue \u00e0 Bordeaux, celui de cette femme dont les maris paraissent toujours tomber d&#8217;un peu trop haut, celui de la maison de repos o\u00f9 les gens meurent d&#8217;une \u00e9trange mani\u00e8re, celui du gar\u00e7on muet sorti de nulle part sur une place de Clermont-Ferrand, celui de la maison hant\u00e9e par le po\u00e8me mal\u00e9fique d&#8217;un certain Rimbaud (Arthur)&#8230;<\/p>\n<p>S&#8217;il n&#8217;y voit gu\u00e8re, il a toute sa t\u00eate et gr\u00e2ce \u00e0 Julien Vergnen\u00e8gre et \u00e0 Francisco Iglesias, deux anciens escrocs pass\u00e9s \u00e0 son service, il saura mener \u00e0 bien ses enqu\u00eates vraiment incroyables. Et quand la fine \u00e9quipe quittera le ch\u00e2teau des Ombradours pour partir en chasse, accrochez-vous bonnes gens, vous n&#8217;aurez pas fini de rire et de frissonner !<\/p>\n","protected":false},"excerpt":{"rendered":"<p>Il n&#8217;est pas bien fringant, le comte Ga\u00ebtan Cahuzac des Ombradours, tout noble et ch\u00e2telain qu&#8217;il soit, il est aveugle, a toujours froid, a toujours besoin de boire et de pisser, et son caract\u00e8re, n&#8217;en parlons pas ! Et pourtant son pass\u00e9 de brillant commissaire de police et sa reconversion en d\u00e9tective priv\u00e9 lui donnent [&hellip;]<\/p>\n","protected":false},"featured_media":55400,"template":"","meta":{"_acf_changed":false,"_genesis_hide_title":false,"_genesis_hide_breadcrumbs":false,"_genesis_hide_singular_image":false,"_genesis_hide_footer_widgets":false,"_genesis_custom_body_class":"","_genesis_custom_post_class":"","_genesis_layout":""},"product_brand":[],"product_cat":[7132,7174,7182],"product_tag":[],"class_list":{"0":"post-55403","1":"product","2":"type-product","3":"status-publish","4":"has-post-thumbnail","6":"product_cat-books","7":"product_cat-literature-en","8":"product_cat-novels-short-stories-en","9":"pa_auteur-ganhaire-joan-en","10":"pa_editeur-ieo-perigord-novelum-en","11":"pa_langue-occitan-en","12":"pa_langue-occitan-lemosin-en","13":"entry","15":"first","16":"instock","17":"shipping-taxable","18":"purchasable","19":"product-type-simple"},"acf":[],"_links":{"self":[{"href":"https:\/\/www.libraria-occitana.org\/en\/wp-json\/wp\/v2\/product\/55403","targetHints":{"allow":["GET"]}}],"collection":[{"href":"https:\/\/www.libraria-occitana.org\/en\/wp-json\/wp\/v2\/product"}],"about":[{"href":"https:\/\/www.libraria-occitana.org\/en\/wp-json\/wp\/v2\/types\/product"}],"wp:featuredmedia":[{"embeddable":true,"href":"https:\/\/www.libraria-occitana.org\/en\/wp-json\/wp\/v2\/media\/55400"}],"wp:attachment":[{"href":"https:\/\/www.libraria-occitana.org\/en\/wp-json\/wp\/v2\/media?parent=55403"}],"wp:term":[{"taxonomy":"product_brand","embeddable":true,"href":"https:\/\/www.libraria-occitana.org\/en\/wp-json\/wp\/v2\/product_brand?post=55403"},{"taxonomy":"product_cat","embeddable":true,"href":"https:\/\/www.libraria-occitana.org\/en\/wp-json\/wp\/v2\/product_cat?post=55403"},{"taxonomy":"product_tag","embeddable":true,"href":"https:\/\/www.libraria-occitana.org\/en\/wp-json\/wp\/v2\/product_tag?post=55403"}],"curies":[{"name":"wp","href":"https:\/\/api.w.org\/{rel}","templated":true}]}}