{"id":55484,"date":"2018-06-10T11:20:18","date_gmt":"2018-06-10T09:20:18","guid":{"rendered":"http:\/\/www.libraria-occitana.org\/product\/chanson-de-la-croisade-albigeoise\/"},"modified":"2026-04-29T10:06:06","modified_gmt":"2026-04-29T08:06:06","slug":"chanson-de-la-croisade-albigeoise","status":"publish","type":"product","link":"https:\/\/www.libraria-occitana.org\/en\/product\/chanson-de-la-croisade-albigeoise\/","title":{"rendered":"Chanson de la croisade albigeoise"},"content":{"rendered":"<p>\u00ab Tuez-les tous, Dieu reconna\u00eetra les siens ! \u00bb.<\/p>\n<p>En une seule phrase, prononc\u00e9e dit-on par Arnaud-Amaury, abb\u00e9 de C\u00eeteaux, peu avant le massacre de B\u00e9ziers, il semble que soit r\u00e9sum\u00e9e toute l\u2019histoire de la Croisade contre les Albigeois. Elle a dur\u00e9 cependant bien pr\u00e8s d\u2019un demi-si\u00e8cle, jusqu\u2019au tragique final du b\u00fbcher de Monts\u00e9gur o\u00f9 les deux cents derniers Cathares furent br\u00fbl\u00e9s vifs, enferm\u00e9s par une palissade et sous bonne garde.<br \/>\nQui \u00e9taient donc ces gens, plusieurs centaines de mille, qui avaient os\u00e9 d\u00e9fier le Pape, son clerg\u00e9, et l\u2019une des plus fortes arm\u00e9es, de toutes nationalit\u00e9s, mises sur pied de guerre ainsi que celles des croisades en Terre sainte ? C\u2019est ce que nous raconte, en quelques dix mille vers et en occitan, cette <em>Chanson de la Croisade albigeoise<\/em>, \u00e9crite et d\u00e9clam\u00e9e \u00e0 la Cour ou devant le menu peuple du Languedoc, par deux clercs \u2013 des po\u00e8tes \u2013 dont l\u2019un au moins, plut\u00f4t favorable aux h\u00e9r\u00e9tiques, est demeur\u00e9 parfaitement inconnu.<\/p>\n<p>Une geste haute en couleurs et en p\u00e9rip\u00e9ties, entr\u00e9e dans la m\u00e9moire collective, en c\u00e9l\u00e9brant, malgr\u00e9 les innombrables morts que cette guerre a caus\u00e9es, une des plus brillantes civilisations qu\u2019ait connue, avec ses troubadours et ses cours d\u2019amour, le monde occidental : celle du pays d\u2019Oc.<\/p>\n<p>Traduction de l&#8217;occitan et pr\u00e9face de Claude Mourth\u00e9.<\/p>\n","protected":false},"excerpt":{"rendered":"<p>\u00ab Tuez-les tous, Dieu reconna\u00eetra les siens ! \u00bb. En une seule phrase, prononc\u00e9e dit-on par Arnaud-Amaury, abb\u00e9 de C\u00eeteaux, peu avant le massacre de B\u00e9ziers, il semble que soit r\u00e9sum\u00e9e toute l\u2019histoire de la Croisade contre les Albigeois. Elle a dur\u00e9 cependant bien pr\u00e8s d\u2019un demi-si\u00e8cle, jusqu\u2019au tragique final du b\u00fbcher de Monts\u00e9gur o\u00f9 [&hellip;]<\/p>\n","protected":false},"featured_media":55482,"template":"","meta":{"_acf_changed":false,"_genesis_hide_title":false,"_genesis_hide_breadcrumbs":false,"_genesis_hide_singular_image":false,"_genesis_hide_footer_widgets":false,"_genesis_custom_body_class":"","_genesis_custom_post_class":"","_genesis_layout":""},"product_brand":[],"product_cat":[7132,7148,7160],"product_tag":[],"class_list":{"0":"post-55484","1":"product","2":"type-product","3":"status-publish","4":"has-post-thumbnail","6":"product_cat-books","7":"product_cat-history-geography-en","8":"product_cat-medieval-history-en","9":"pa_auteur-anonime-en","10":"pa_auteur-tudela-guilhem-de-en","11":"pa_editeur-les-belles-lettres-en","12":"pa_illustrateur-fauche-jacques-en","13":"pa_illustrateur-mourthe-claude-en","14":"pa_langue-occitan-medievau-en","15":"pa_langue-occitan-francais-en","16":"entry","18":"first","19":"outofstock","20":"shipping-taxable","21":"purchasable","22":"product-type-simple"},"acf":[],"_links":{"self":[{"href":"https:\/\/www.libraria-occitana.org\/en\/wp-json\/wp\/v2\/product\/55484","targetHints":{"allow":["GET"]}}],"collection":[{"href":"https:\/\/www.libraria-occitana.org\/en\/wp-json\/wp\/v2\/product"}],"about":[{"href":"https:\/\/www.libraria-occitana.org\/en\/wp-json\/wp\/v2\/types\/product"}],"wp:featuredmedia":[{"embeddable":true,"href":"https:\/\/www.libraria-occitana.org\/en\/wp-json\/wp\/v2\/media\/55482"}],"wp:attachment":[{"href":"https:\/\/www.libraria-occitana.org\/en\/wp-json\/wp\/v2\/media?parent=55484"}],"wp:term":[{"taxonomy":"product_brand","embeddable":true,"href":"https:\/\/www.libraria-occitana.org\/en\/wp-json\/wp\/v2\/product_brand?post=55484"},{"taxonomy":"product_cat","embeddable":true,"href":"https:\/\/www.libraria-occitana.org\/en\/wp-json\/wp\/v2\/product_cat?post=55484"},{"taxonomy":"product_tag","embeddable":true,"href":"https:\/\/www.libraria-occitana.org\/en\/wp-json\/wp\/v2\/product_tag?post=55484"}],"curies":[{"name":"wp","href":"https:\/\/api.w.org\/{rel}","templated":true}]}}