{"id":55542,"date":"2021-12-20T13:33:51","date_gmt":"2021-12-20T12:33:51","guid":{"rendered":"http:\/\/www.libraria-occitana.org\/product\/peiraguda-integral-de-1978-a-2015-3-cd\/"},"modified":"2026-04-29T05:31:25","modified_gmt":"2026-04-29T03:31:25","slug":"peiraguda-integral-de-1978-a-2015-3-cd","status":"publish","type":"product","link":"https:\/\/www.libraria-occitana.org\/en\/product\/peiraguda-integral-de-1978-a-2015-3-cd\/","title":{"rendered":"Peiraguda : Int\u00e9gral de 1978 \u00e0 2015 (3 CD)"},"content":{"rendered":"<p>La compilation des 57 chansons enregistr\u00e9es par Peiraguda entre 1978 et 2015, les vinyls num\u00e9ris\u00e9s (albums <em>Lo leberon<\/em>, <em>Rai\u00e7s<\/em>, <em>La dama pijoni\u00e8ra<\/em>, <em>De mai en mai<\/em>), <em>Lo temps de la mem\u00f2ria<\/em>, le CD deux titres <em>Un pais que canta<\/em> \/ <em>S\u00e8m e ser\u00e8m<\/em> avec en bonus 3 chansons.<\/p>\n<p>Les textes des chansons, la traduction, les accords sont \u00e0 retrouver dans le livre <em><a href=\"http:\/\/www.libraria-occitana.org\/produit\/peiraguda-antologia-lintegrale-des-chansons-occitanes-de-peiraguda\/\">Peiraguda : Antologia, L&#8217;int\u00e9grale des chansons occitanes de Peiraguda<\/a><\/em>.<\/p>\n","protected":false},"excerpt":{"rendered":"<p>La compilation des 57 chansons enregistr\u00e9es par Peiraguda entre 1978 et 2015, les vinyls num\u00e9ris\u00e9s (albums Lo leberon, Rai\u00e7s, La dama pijoni\u00e8ra, De mai en mai), Lo temps de la mem\u00f2ria, le CD deux titres Un pais que canta \/ S\u00e8m e ser\u00e8m avec en bonus 3 chansons. Les textes des chansons, la traduction, les [&hellip;]<\/p>\n","protected":false},"featured_media":55538,"template":"","meta":{"_acf_changed":false,"_genesis_hide_title":false,"_genesis_hide_breadcrumbs":false,"_genesis_hide_singular_image":false,"_genesis_hide_footer_widgets":false,"_genesis_custom_body_class":"","_genesis_custom_post_class":"","_genesis_layout":""},"product_brand":[],"product_cat":[7228,7216],"product_tag":[],"class_list":{"0":"post-55542","1":"product","2":"type-product","3":"status-publish","4":"has-post-thumbnail","6":"product_cat-modern-folk-en","7":"product_cat-music-en","8":"pa_auteur-peiraguda-en","9":"pa_editeur-ieo-perigord-novelum-en","10":"pa_langue-occitan-en","11":"pa_langue-occitan-lengadocian-en","12":"entry","14":"first","15":"outofstock","16":"shipping-taxable","17":"purchasable","18":"product-type-simple"},"acf":[],"_links":{"self":[{"href":"https:\/\/www.libraria-occitana.org\/en\/wp-json\/wp\/v2\/product\/55542","targetHints":{"allow":["GET"]}}],"collection":[{"href":"https:\/\/www.libraria-occitana.org\/en\/wp-json\/wp\/v2\/product"}],"about":[{"href":"https:\/\/www.libraria-occitana.org\/en\/wp-json\/wp\/v2\/types\/product"}],"wp:featuredmedia":[{"embeddable":true,"href":"https:\/\/www.libraria-occitana.org\/en\/wp-json\/wp\/v2\/media\/55538"}],"wp:attachment":[{"href":"https:\/\/www.libraria-occitana.org\/en\/wp-json\/wp\/v2\/media?parent=55542"}],"wp:term":[{"taxonomy":"product_brand","embeddable":true,"href":"https:\/\/www.libraria-occitana.org\/en\/wp-json\/wp\/v2\/product_brand?post=55542"},{"taxonomy":"product_cat","embeddable":true,"href":"https:\/\/www.libraria-occitana.org\/en\/wp-json\/wp\/v2\/product_cat?post=55542"},{"taxonomy":"product_tag","embeddable":true,"href":"https:\/\/www.libraria-occitana.org\/en\/wp-json\/wp\/v2\/product_tag?post=55542"}],"curies":[{"name":"wp","href":"https:\/\/api.w.org\/{rel}","templated":true}]}}