{"id":55553,"date":"2021-12-20T13:57:08","date_gmt":"2021-12-20T12:57:08","guid":{"rendered":"http:\/\/www.libraria-occitana.org\/product\/loccitan-limousin-a-saint-junien\/"},"modified":"2026-04-18T06:56:41","modified_gmt":"2026-04-18T04:56:41","slug":"loccitan-limousin-a-saint-junien","status":"publish","type":"product","link":"https:\/\/www.libraria-occitana.org\/en\/product\/loccitan-limousin-a-saint-junien\/","title":{"rendered":"L&#8217;occitan limousin \u00e0 Saint-Junien"},"content":{"rendered":"<p>Fruit d&#8217;un travail assidu entre un locuteur passionn\u00e9 par sa langue maternelle (Jean-Ren\u00e9 Pascaud)\u00a0 et l&#8217;ethnolinguiste pointilleux (Michel Vali\u00e8re), cet ouvrage veut t\u00e9moigner de la permanence et de la vivacit\u00e9 de l&#8217;occitan en Limousin.<\/p>\n<p>Au travers de ce lexique (occitan &gt; fran\u00e7ais) transparaissent l&#8217;exp\u00e9rience v\u00e9cue, les activit\u00e9s domestiques et les \u00e9motions du quotidien d&#8217;une communaut\u00e9 villageoise qui n&#8217;a pas oubli\u00e9 son dialecte.<\/p>\n<p>De rencontres en rendez-vous et questionnements, l&#8217;exercice a r\u00e9v\u00e9l\u00e9 toute la richesse souvent ignor\u00e9e de la langue.<\/p>\n","protected":false},"excerpt":{"rendered":"<p>Fruit d&#8217;un travail assidu entre un locuteur passionn\u00e9 par sa langue maternelle (Jean-Ren\u00e9 Pascaud)\u00a0 et l&#8217;ethnolinguiste pointilleux (Michel Vali\u00e8re), cet ouvrage veut t\u00e9moigner de la permanence et de la vivacit\u00e9 de l&#8217;occitan en Limousin. Au travers de ce lexique (occitan &gt; fran\u00e7ais) transparaissent l&#8217;exp\u00e9rience v\u00e9cue, les activit\u00e9s domestiques et les \u00e9motions du quotidien d&#8217;une communaut\u00e9 [&hellip;]<\/p>\n","protected":false},"featured_media":55548,"template":"","meta":{"_acf_changed":false,"_genesis_hide_title":false,"_genesis_hide_breadcrumbs":false,"_genesis_hide_singular_image":false,"_genesis_hide_footer_widgets":false,"_genesis_custom_body_class":"","_genesis_custom_post_class":"","_genesis_layout":""},"product_brand":[],"product_cat":[7132,7138,7136],"product_tag":[],"class_list":{"0":"post-55553","1":"product","2":"type-product","3":"status-publish","4":"has-post-thumbnail","6":"product_cat-books","7":"product_cat-dictionaries-grammars-en","8":"product_cat-dictionaries-language-educational-en","9":"pa_auteur-pascaud-jean-rene-en","10":"pa_auteur-valiere-michel-en","11":"pa_editeur-a-r-p-e-en","12":"pa_langue-occitan-lemosin-en","13":"pa_langue-occitan-francais-en","14":"entry","16":"first","17":"instock","18":"shipping-taxable","19":"purchasable","20":"product-type-simple"},"acf":[],"_links":{"self":[{"href":"https:\/\/www.libraria-occitana.org\/en\/wp-json\/wp\/v2\/product\/55553","targetHints":{"allow":["GET"]}}],"collection":[{"href":"https:\/\/www.libraria-occitana.org\/en\/wp-json\/wp\/v2\/product"}],"about":[{"href":"https:\/\/www.libraria-occitana.org\/en\/wp-json\/wp\/v2\/types\/product"}],"wp:featuredmedia":[{"embeddable":true,"href":"https:\/\/www.libraria-occitana.org\/en\/wp-json\/wp\/v2\/media\/55548"}],"wp:attachment":[{"href":"https:\/\/www.libraria-occitana.org\/en\/wp-json\/wp\/v2\/media?parent=55553"}],"wp:term":[{"taxonomy":"product_brand","embeddable":true,"href":"https:\/\/www.libraria-occitana.org\/en\/wp-json\/wp\/v2\/product_brand?post=55553"},{"taxonomy":"product_cat","embeddable":true,"href":"https:\/\/www.libraria-occitana.org\/en\/wp-json\/wp\/v2\/product_cat?post=55553"},{"taxonomy":"product_tag","embeddable":true,"href":"https:\/\/www.libraria-occitana.org\/en\/wp-json\/wp\/v2\/product_tag?post=55553"}],"curies":[{"name":"wp","href":"https:\/\/api.w.org\/{rel}","templated":true}]}}