{"id":55567,"date":"2021-12-20T15:20:51","date_gmt":"2021-12-20T14:20:51","guid":{"rendered":"http:\/\/www.libraria-occitana.org\/product\/cirano-libre-audio\/"},"modified":"2026-04-18T06:01:08","modified_gmt":"2026-04-18T04:01:08","slug":"cirano-libre-audio","status":"publish","type":"product","link":"https:\/\/www.libraria-occitana.org\/en\/product\/cirano-libre-audio\/","title":{"rendered":"Cirano (libre + audi\u00f2)"},"content":{"rendered":"<p>Adaptation en occitan (limousin) de <em>Cyrano<\/em> (\u00c9ditions Gautier-Languereau, 2005).<\/p>\n<p>Cyrano avait un gros nez.<br \/>\nCyrano \u00e9tait amoureux de sa cousine Roxane.<br \/>\nMais il n&#8217;osait le lui dire (\u00e0 cause de son gros nez).<\/p>\n<p>Heureusement, Cyrano \u00e9tait po\u00e8te.<\/p>\n<p>Voici les aventures tumultueuses de Cyrano racont\u00e9es tr\u00e8s librement (et m\u00eame d&#8217;une fa\u00e7on un peu cavali\u00e8re*), d&#8217;apr\u00e8s l&#8217;\u0153uvre <em>Cyrano de Bergerac<\/em> d\u2019Edmond Rostand.<\/p>\n<p>*Une fa\u00e7on cavali\u00e8re est une fa\u00e7on de cheval. Une fa\u00e7on un peu cavali\u00e8re est une fa\u00e7on un peu de cheval.<\/p>\n<p>Cycle 3.<br \/>\nLecture de Patrick Ratineaud disponible sur <a href=\"http:\/\/www.capoc.fr\/\">http:\/\/www.capoc.fr\/<\/a> (Accueil &gt; Ressources num\u00e9riques : \u00c0 partir de A1-A2).<\/p>\n","protected":false},"excerpt":{"rendered":"<p>Adaptation en occitan (limousin) de Cyrano (\u00c9ditions Gautier-Languereau, 2005). Cyrano avait un gros nez. Cyrano \u00e9tait amoureux de sa cousine Roxane. Mais il n&#8217;osait le lui dire (\u00e0 cause de son gros nez). Heureusement, Cyrano \u00e9tait po\u00e8te. Voici les aventures tumultueuses de Cyrano racont\u00e9es tr\u00e8s librement (et m\u00eame d&#8217;une fa\u00e7on un peu cavali\u00e8re*), d&#8217;apr\u00e8s l&#8217;\u0153uvre [&hellip;]<\/p>\n","protected":false},"featured_media":55564,"template":"","meta":{"_acf_changed":false,"_genesis_hide_title":false,"_genesis_hide_breadcrumbs":false,"_genesis_hide_singular_image":false,"_genesis_hide_footer_widgets":false,"_genesis_custom_body_class":"","_genesis_custom_post_class":"","_genesis_layout":""},"product_brand":[],"product_cat":[7132,7170,7164],"product_tag":[],"class_list":{"0":"post-55567","1":"product","2":"type-product","3":"status-publish","4":"has-post-thumbnail","6":"product_cat-books","7":"product_cat-juvenile-en","8":"product_cat-juvenile-and-teen-comics-humour-en","9":"pa_auteur-dautremer-rebecca-en","10":"pa_auteur-le-thanh-tai-marc-en","11":"pa_editeur-canope-editions-en","12":"pa_illustrateur-ratinaud-patrick-ratineaud-patrick-en","13":"pa_langue-occitan-en","14":"pa_langue-occitan-lemosin-en","15":"entry","17":"first","18":"instock","19":"shipping-taxable","20":"purchasable","21":"product-type-simple"},"acf":[],"_links":{"self":[{"href":"https:\/\/www.libraria-occitana.org\/en\/wp-json\/wp\/v2\/product\/55567","targetHints":{"allow":["GET"]}}],"collection":[{"href":"https:\/\/www.libraria-occitana.org\/en\/wp-json\/wp\/v2\/product"}],"about":[{"href":"https:\/\/www.libraria-occitana.org\/en\/wp-json\/wp\/v2\/types\/product"}],"wp:featuredmedia":[{"embeddable":true,"href":"https:\/\/www.libraria-occitana.org\/en\/wp-json\/wp\/v2\/media\/55564"}],"wp:attachment":[{"href":"https:\/\/www.libraria-occitana.org\/en\/wp-json\/wp\/v2\/media?parent=55567"}],"wp:term":[{"taxonomy":"product_brand","embeddable":true,"href":"https:\/\/www.libraria-occitana.org\/en\/wp-json\/wp\/v2\/product_brand?post=55567"},{"taxonomy":"product_cat","embeddable":true,"href":"https:\/\/www.libraria-occitana.org\/en\/wp-json\/wp\/v2\/product_cat?post=55567"},{"taxonomy":"product_tag","embeddable":true,"href":"https:\/\/www.libraria-occitana.org\/en\/wp-json\/wp\/v2\/product_tag?post=55567"}],"curies":[{"name":"wp","href":"https:\/\/api.w.org\/{rel}","templated":true}]}}