{"id":55611,"date":"2018-04-23T14:00:39","date_gmt":"2018-04-23T12:00:39","guid":{"rendered":"http:\/\/www.libraria-occitana.org\/?post_type=product&#038;p=55611"},"modified":"2026-04-14T22:26:45","modified_gmt":"2026-04-14T20:26:45","slug":"las-aventuras-de-sherlock-holmes-ii-gentlemen-e-aventuras","status":"publish","type":"product","link":"https:\/\/www.libraria-occitana.org\/en\/product\/las-aventuras-de-sherlock-holmes-ii-gentlemen-e-aventuras\/","title":{"rendered":"Las aventuras de Sherlock Holmes II : Gentlemen e aventuras"},"content":{"rendered":"<p>Les aventures de Sherlock Holmes traduites en occitan.<\/p>\n<blockquote>\n<p>Ai una r\u00e8gla vi\u00e8lha que ditz que quand a v\u00e8tz bandit l\u2019impossible, \u00e7\u00f2 que dem\u00f2ra, emai si\u00e1 improbable, deu \u00e8sser la vertat.<\/p>\n<\/blockquote>\n<p>Le personnage de Sherlock Holmes a \u00e9t\u00e9 cr\u00e9e par Sir Arthur Conan Doyle en 1887. S&#8217;il n&#8217;est pas le premier d\u00e9tective dans l&#8217;histoire de la litt\u00e9rature, il est n\u00e9anmoins le plus connu. Le corpus de ses aventures comporte 4 romans et 56 nouvelles.<\/p>\n<p>Grand, mince, intelligent, il s&#8217;adonne parfois \u00e0 la coca\u00efne, mais est aussi m\u00e9lomane (il fait du violon), chimiste et sportif accompli (il\u00a0pratique la boxe, le <em>baritsu<\/em> et la canne).<br \/>\nSes aventures sont cont\u00e9es par son meilleur ami le Docteur Watson qui l&#8217;accompagne dans ses enqu\u00eates.<br \/>\nPlus d&#8217;un si\u00e8cle apr\u00e8s sa cr\u00e9ation, son personnage demeure tr\u00e8s populaire. Il a \u00e9t\u00e9 adapt\u00e9 plusieurs fois dans des s\u00e9ries t\u00e9l\u00e9vis\u00e9es et dans des films, et cela continue.<br \/>\nLes premi\u00e8res nouvelles des Aventures de Sherlock Holmes furent publi\u00e9es \u00e0 l&#8217;origine dans le journal <em>Strand Magazine<\/em> entre juillet 1891 et juin 1892, puis regroup\u00e9s dans un seul livre.<\/p>\n<p><em>Gentlemen et Aventures<\/em> regroupe L&#8217;Escarboucle bleue, Le Ruban mouchet\u00e9, Le Pouce de l&#8217;ing\u00e9nieur, Un Gentleman c\u00e9libataire, Le Diad\u00e8me de b\u00e9ryls, et Les H\u00eatres rouges.<\/p>\n<p><a href=\"http:\/\/www.libraria-occitana.org\/produit\/las-aventuras-de-sherlock-holmes-i-escandals-e-misteris\/\"><em>Las aventuras de Sherlock Holmes I : Escandals e mist\u00e8ris<\/em><\/a><\/p>\n","protected":false},"excerpt":{"rendered":"<p>Les aventures de Sherlock Holmes traduites en occitan. Ai una r\u00e8gla vi\u00e8lha que ditz que quand a v\u00e8tz bandit l\u2019impossible, \u00e7\u00f2 que dem\u00f2ra, emai si\u00e1 improbable, deu \u00e8sser la vertat. Le personnage de Sherlock Holmes a \u00e9t\u00e9 cr\u00e9e par Sir Arthur Conan Doyle en 1887. S&#8217;il n&#8217;est pas le premier d\u00e9tective dans l&#8217;histoire de la [&hellip;]<\/p>\n","protected":false},"featured_media":55594,"template":"","meta":{"_acf_changed":false,"_genesis_hide_title":false,"_genesis_hide_breadcrumbs":false,"_genesis_hide_singular_image":false,"_genesis_hide_footer_widgets":false,"_genesis_custom_body_class":"","_genesis_custom_post_class":"","_genesis_layout":""},"product_brand":[],"product_cat":[7132,7174,7182],"product_tag":[],"class_list":{"0":"post-55611","1":"product","2":"type-product","3":"status-publish","4":"has-post-thumbnail","6":"product_cat-books","7":"product_cat-literature-en","8":"product_cat-novels-short-stories-en","9":"pa_auteur-doyle-arthur-conan-en","10":"pa_editeur-ieo-fr-en","11":"pa_illustrateur-beziat-peire-en","12":"pa_langue-occitan-en","13":"pa_langue-occitan-lengadocian-en","14":"entry","16":"first","17":"instock","18":"shipping-taxable","19":"purchasable","20":"product-type-simple"},"acf":[],"_links":{"self":[{"href":"https:\/\/www.libraria-occitana.org\/en\/wp-json\/wp\/v2\/product\/55611","targetHints":{"allow":["GET"]}}],"collection":[{"href":"https:\/\/www.libraria-occitana.org\/en\/wp-json\/wp\/v2\/product"}],"about":[{"href":"https:\/\/www.libraria-occitana.org\/en\/wp-json\/wp\/v2\/types\/product"}],"wp:featuredmedia":[{"embeddable":true,"href":"https:\/\/www.libraria-occitana.org\/en\/wp-json\/wp\/v2\/media\/55594"}],"wp:attachment":[{"href":"https:\/\/www.libraria-occitana.org\/en\/wp-json\/wp\/v2\/media?parent=55611"}],"wp:term":[{"taxonomy":"product_brand","embeddable":true,"href":"https:\/\/www.libraria-occitana.org\/en\/wp-json\/wp\/v2\/product_brand?post=55611"},{"taxonomy":"product_cat","embeddable":true,"href":"https:\/\/www.libraria-occitana.org\/en\/wp-json\/wp\/v2\/product_cat?post=55611"},{"taxonomy":"product_tag","embeddable":true,"href":"https:\/\/www.libraria-occitana.org\/en\/wp-json\/wp\/v2\/product_tag?post=55611"}],"curies":[{"name":"wp","href":"https:\/\/api.w.org\/{rel}","templated":true}]}}