{"id":55615,"date":"2021-08-24T12:49:28","date_gmt":"2021-08-24T10:49:28","guid":{"rendered":"http:\/\/www.libraria-occitana.org\/product\/deux-flics-aux-ptits-oignons-les-recettes-des-commissaires-dumontel-et-varlaud\/"},"modified":"2024-07-05T00:12:31","modified_gmt":"2024-07-04T22:12:31","slug":"deux-flics-aux-ptits-oignons-les-recettes-des-commissaires-dumontel-et-varlaud","status":"publish","type":"product","link":"https:\/\/www.libraria-occitana.org\/en\/product\/deux-flics-aux-ptits-oignons-les-recettes-des-commissaires-dumontel-et-varlaud\/","title":{"rendered":"Deux flics aux p&#8217;tits oignons : Les recettes des commissaires Dumontel et Varlaud"},"content":{"rendered":"<p>Plongez dans l\u2019univers des polars de Franck Linol et Jo\u00ebl Nivard avec les commissaires Dumontel et Varlaud, et suivez-les dans leurs vir\u00e9es gastronomiques.<\/p>\n<p>N\u00e9s sous la plume des \u00e9crivains Franck Linol et Jo\u00ebl Nivard, les commissaires Dumontel et Varlaud m\u00e8nent leurs enqu\u00eates en v\u00e9ritables \u00e9picuriens. La cuisine et le vin pr\u00e9sents en abondance dans leurs romans en attestent. Dans ce livre in\u00e9dit et truculent, les deux poulets se mettent \u00e0 table et nous livrent fa\u00e7on \u00ab Menu du jour \u00bb leurs recettes favorites. Les fins limiers nous proposent des flacons dont ils ont le secret, vins de copains ou nectars plus raffin\u00e9s. Pour pimenter \u00e0 la sauce polar cette escapade culinaire, de nombreux extraits et commentaires issus de leurs aventures agr\u00e9mentent ces recettes. C\u00f4t\u00e9 atmosph\u00e8re et d\u00e9cor, on d\u00e9couvre ici, gr\u00e2ce aux photos de Patrick Granger, la vie bouillonnante des \u00ab Halles \u00bb de Limoges. Cerise sur le g\u00e2teau, une nouvelle in\u00e9dite \u00e9crite \u00e0 quatre mains vous est offerte par les deux auteurs de polars bien connus dans la r\u00e9gion. Alors ch\u00e8res lectrices et chers lecteurs, \u00e0 votre tour de vous mettre \u00e0 table ! Mais avant : \u00c0 vos fourneaux, comme dirait Landru, qui savait ce que cuisiner veut dire !<\/p>\n","protected":false},"excerpt":{"rendered":"<p>Plongez dans l\u2019univers des polars de Franck Linol et Jo\u00ebl Nivard avec les commissaires Dumontel et Varlaud, et suivez-les dans leurs vir\u00e9es gastronomiques. N\u00e9s sous la plume des \u00e9crivains Franck Linol et Jo\u00ebl Nivard, les commissaires Dumontel et Varlaud m\u00e8nent leurs enqu\u00eates en v\u00e9ritables \u00e9picuriens. La cuisine et le vin pr\u00e9sents en abondance dans leurs [&hellip;]<\/p>\n","protected":false},"featured_media":55603,"template":"","meta":{"_acf_changed":false,"_genesis_hide_title":false,"_genesis_hide_breadcrumbs":false,"_genesis_hide_singular_image":false,"_genesis_hide_footer_widgets":false,"_genesis_custom_body_class":"","_genesis_custom_post_class":"","_genesis_layout":""},"product_brand":[],"product_cat":[7132,7206,7210],"product_tag":[],"class_list":{"0":"post-55615","1":"product","2":"type-product","3":"status-publish","4":"has-post-thumbnail","6":"product_cat-books","7":"product_cat-traditions-heritage-en","8":"product_cat-cooking-cuisine-en","9":"pa_auteur-granger-patrick-en","10":"pa_auteur-linol-franck-en","11":"pa_auteur-nivard-joel-en","12":"pa_editeur-geste-en","13":"pa_langue-francais-en","14":"entry","16":"first","17":"outofstock","18":"shipping-taxable","19":"purchasable","20":"product-type-simple"},"acf":[],"_links":{"self":[{"href":"https:\/\/www.libraria-occitana.org\/en\/wp-json\/wp\/v2\/product\/55615","targetHints":{"allow":["GET"]}}],"collection":[{"href":"https:\/\/www.libraria-occitana.org\/en\/wp-json\/wp\/v2\/product"}],"about":[{"href":"https:\/\/www.libraria-occitana.org\/en\/wp-json\/wp\/v2\/types\/product"}],"wp:featuredmedia":[{"embeddable":true,"href":"https:\/\/www.libraria-occitana.org\/en\/wp-json\/wp\/v2\/media\/55603"}],"wp:attachment":[{"href":"https:\/\/www.libraria-occitana.org\/en\/wp-json\/wp\/v2\/media?parent=55615"}],"wp:term":[{"taxonomy":"product_brand","embeddable":true,"href":"https:\/\/www.libraria-occitana.org\/en\/wp-json\/wp\/v2\/product_brand?post=55615"},{"taxonomy":"product_cat","embeddable":true,"href":"https:\/\/www.libraria-occitana.org\/en\/wp-json\/wp\/v2\/product_cat?post=55615"},{"taxonomy":"product_tag","embeddable":true,"href":"https:\/\/www.libraria-occitana.org\/en\/wp-json\/wp\/v2\/product_tag?post=55615"}],"curies":[{"name":"wp","href":"https:\/\/api.w.org\/{rel}","templated":true}]}}