{"id":55618,"date":"2021-10-24T13:01:48","date_gmt":"2021-10-24T11:01:48","guid":{"rendered":"http:\/\/www.libraria-occitana.org\/?post_type=product&#038;p=55618"},"modified":"2026-04-03T00:37:06","modified_gmt":"2026-04-02T22:37:06","slug":"petites-et-grandes-histoires-de-la-basse-marche-en-region-limousin-tome-ii","status":"publish","type":"product","link":"https:\/\/www.libraria-occitana.org\/en\/product\/petites-et-grandes-histoires-de-la-basse-marche-en-region-limousin-tome-ii\/","title":{"rendered":"Petites et grandes histoires de la Basse-Marche en R\u00e9gion Limousin Tome II"},"content":{"rendered":"<p>Chaque semaine Claude Peyronnet raconte les petites et grandes histoires de la Basse-Marche sur les ondes de la radio des Meilleurs Jours. Ce sont 14 de ces chroniques qui sont reprises dans ce tome 2.<br \/>\nDes histoires de vie qui, \u00e0 partir de textes d\u2019auteurs locaux, s\u2019appuient sur l\u2019histoire, le patrimoine, la personnalit\u00e9 de la Basse-Marche pour exprimer les racines de la r\u00e9gion et d\u00e9rouler un fil qui nous d\u00e9voile le nord de la Haute-Vienne et ses marges creusoises, berrichonnes et charentaises&#8230; Des \u00e9trennes \u00e0 l\u2019\u00e9piphanie et \u00e0 la chandeleur, les tanneurs et les tanneries en Basse-Marche, des accordailles aux \u00e9pousailles, les routes de la poste, les dimanches et les f\u00eates, se laver, l\u2019hygi\u00e8ne, le pain, les passages, les chemins et les transports, la fauchaison et la fenaison, de la moisson \u00e0 la batteuse, la m\u00e9t\u00e9o, jadis en Basse-Marche, les moutons les moulins, etc&#8230;<\/p>\n<p><a href=\"http:\/\/www.libraria-occitana.org\/produit\/petites-et-grandes-histoires-de-la-basse-marche-en-region-limousin\/\"><em>Petites et grandes histoires de la Basse-Marche en R\u00e9gion Limousin<\/em><\/a>\u00a0(tome I)<\/p>\n","protected":false},"excerpt":{"rendered":"<p>Chaque semaine Claude Peyronnet raconte les petites et grandes histoires de la Basse-Marche sur les ondes de la radio des Meilleurs Jours. Ce sont 14 de ces chroniques qui sont reprises dans ce tome 2. Des histoires de vie qui, \u00e0 partir de textes d\u2019auteurs locaux, s\u2019appuient sur l\u2019histoire, le patrimoine, la personnalit\u00e9 de la [&hellip;]<\/p>\n","protected":false},"featured_media":55588,"template":"","meta":{"_acf_changed":false,"_genesis_hide_title":false,"_genesis_hide_breadcrumbs":false,"_genesis_hide_singular_image":false,"_genesis_hide_footer_widgets":false,"_genesis_custom_body_class":"","_genesis_custom_post_class":"","_genesis_layout":""},"product_brand":[],"product_cat":[7132,7206,7208,7212],"product_tag":[],"class_list":{"0":"post-55618","1":"product","2":"type-product","3":"status-publish","4":"has-post-thumbnail","6":"product_cat-books","7":"product_cat-traditions-heritage-en","8":"product_cat-customs-rites-and-beliefs-en","9":"product_cat-traditional-skills-savoirs-faire-en","10":"pa_auteur-peyronnet-claude-en","11":"pa_editeur-geste-en","12":"pa_langue-francais-en","13":"entry","15":"first","16":"instock","17":"shipping-taxable","18":"purchasable","19":"product-type-simple"},"acf":[],"_links":{"self":[{"href":"https:\/\/www.libraria-occitana.org\/en\/wp-json\/wp\/v2\/product\/55618","targetHints":{"allow":["GET"]}}],"collection":[{"href":"https:\/\/www.libraria-occitana.org\/en\/wp-json\/wp\/v2\/product"}],"about":[{"href":"https:\/\/www.libraria-occitana.org\/en\/wp-json\/wp\/v2\/types\/product"}],"wp:featuredmedia":[{"embeddable":true,"href":"https:\/\/www.libraria-occitana.org\/en\/wp-json\/wp\/v2\/media\/55588"}],"wp:attachment":[{"href":"https:\/\/www.libraria-occitana.org\/en\/wp-json\/wp\/v2\/media?parent=55618"}],"wp:term":[{"taxonomy":"product_brand","embeddable":true,"href":"https:\/\/www.libraria-occitana.org\/en\/wp-json\/wp\/v2\/product_brand?post=55618"},{"taxonomy":"product_cat","embeddable":true,"href":"https:\/\/www.libraria-occitana.org\/en\/wp-json\/wp\/v2\/product_cat?post=55618"},{"taxonomy":"product_tag","embeddable":true,"href":"https:\/\/www.libraria-occitana.org\/en\/wp-json\/wp\/v2\/product_tag?post=55618"}],"curies":[{"name":"wp","href":"https:\/\/api.w.org\/{rel}","templated":true}]}}