{"id":55621,"date":"2021-11-24T16:08:11","date_gmt":"2021-11-24T15:08:11","guid":{"rendered":"http:\/\/www.libraria-occitana.org\/product\/les-gueules-seches-100-ans-et-toujours-dans-lair-du-temps\/"},"modified":"2026-04-25T02:01:15","modified_gmt":"2026-04-25T00:01:15","slug":"les-gueules-seches-100-ans-et-toujours-dans-lair-du-temps","status":"publish","type":"product","link":"https:\/\/www.libraria-occitana.org\/en\/product\/les-gueules-seches-100-ans-et-toujours-dans-lair-du-temps\/","title":{"rendered":"Les gueules s\u00e8ches : 100 ans et toujours dans l&#8217;air du temps"},"content":{"rendered":"<p>Un beau livre sur un si\u00e8cle de la fanfare des Gueules S\u00e8ches (avec docs, photos), fanfare embl\u00e9matique de Limoges.<\/p>\n<p>Au lendemain de la Grande Guerre, en 1922, Pierre Desnoyers qui \u00e9tait cheminot \u00e0 Limoges r\u00e9unit quelques amis musiciens et les r\u00e9p\u00e9titions d\u00e9butent dans la cuisine de ses parents. Apr\u00e8s ces ann\u00e9es d\u2019horreur et pour fuir le traumatisme, leur d\u00e9sir, comme celui de l\u2019ensemble de la population, est avant tout de retrouver le bonheur de vivre, la gait\u00e9, la joie de go\u00fbter \u00e0 nouveau aux plaisirs d\u2019antan. Leur premi\u00e8re apparition \u00e0 Limoges se fera \u00e0 l\u2019occasion du carnaval de 1923. Le succ\u00e8s de leur prestation sera fantastique si bien que la bande de copains d\u00e9cide de continuer cette aventure musicale. Il leur faut un nom : en hommage aux \u00ab gueules cass\u00e9es \u00bb et \u00e0 une habitude vite prise de se faire payer un verre dans les bistrots de la ville, ce sera Les Gueules S\u00e8ches ! Un si\u00e8cle plus tard la fanfare est toujours l\u00e0, plus dynamique que jamais. Ce livre conte l\u2019histoire in\u00e9dite et exceptionnelle de ces musiciens fanfaristes : une petite histoire dans la grande histoire qui plongera le lecteur dans le contexte des \u00e9poques pass\u00e9es gr\u00e2ce \u00e0 des documents d\u2019archives surprenants.<\/p>\n","protected":false},"excerpt":{"rendered":"<p>Un beau livre sur un si\u00e8cle de la fanfare des Gueules S\u00e8ches (avec docs, photos), fanfare embl\u00e9matique de Limoges. Au lendemain de la Grande Guerre, en 1922, Pierre Desnoyers qui \u00e9tait cheminot \u00e0 Limoges r\u00e9unit quelques amis musiciens et les r\u00e9p\u00e9titions d\u00e9butent dans la cuisine de ses parents. Apr\u00e8s ces ann\u00e9es d\u2019horreur et pour fuir [&hellip;]<\/p>\n","protected":false},"featured_media":55600,"template":"","meta":{"_acf_changed":false,"_genesis_hide_title":false,"_genesis_hide_breadcrumbs":false,"_genesis_hide_singular_image":false,"_genesis_hide_footer_widgets":false,"_genesis_custom_body_class":"","_genesis_custom_post_class":"","_genesis_layout":""},"product_brand":[],"product_cat":[7132,7148,7158],"product_tag":[],"class_list":{"0":"post-55621","1":"product","2":"type-product","3":"status-publish","4":"has-post-thumbnail","6":"product_cat-books","7":"product_cat-history-geography-en","8":"product_cat-modern-and-contemporary-history-en","9":"pa_auteur-collectiu-en-2","10":"pa_auteur-linol-franck-en","11":"pa_editeur-geste-en","12":"pa_langue-francais-en","13":"entry","15":"first","16":"outofstock","17":"shipping-taxable","18":"purchasable","19":"product-type-simple"},"acf":[],"_links":{"self":[{"href":"https:\/\/www.libraria-occitana.org\/en\/wp-json\/wp\/v2\/product\/55621","targetHints":{"allow":["GET"]}}],"collection":[{"href":"https:\/\/www.libraria-occitana.org\/en\/wp-json\/wp\/v2\/product"}],"about":[{"href":"https:\/\/www.libraria-occitana.org\/en\/wp-json\/wp\/v2\/types\/product"}],"wp:featuredmedia":[{"embeddable":true,"href":"https:\/\/www.libraria-occitana.org\/en\/wp-json\/wp\/v2\/media\/55600"}],"wp:attachment":[{"href":"https:\/\/www.libraria-occitana.org\/en\/wp-json\/wp\/v2\/media?parent=55621"}],"wp:term":[{"taxonomy":"product_brand","embeddable":true,"href":"https:\/\/www.libraria-occitana.org\/en\/wp-json\/wp\/v2\/product_brand?post=55621"},{"taxonomy":"product_cat","embeddable":true,"href":"https:\/\/www.libraria-occitana.org\/en\/wp-json\/wp\/v2\/product_cat?post=55621"},{"taxonomy":"product_tag","embeddable":true,"href":"https:\/\/www.libraria-occitana.org\/en\/wp-json\/wp\/v2\/product_tag?post=55621"}],"curies":[{"name":"wp","href":"https:\/\/api.w.org\/{rel}","templated":true}]}}