{"id":55682,"date":"2022-01-12T12:27:17","date_gmt":"2022-01-12T11:27:17","guid":{"rendered":"http:\/\/www.libraria-occitana.org\/product\/catarina-barba-fina-comptines-limousines-occitan-francais-libre-audio\/"},"modified":"2026-04-29T01:31:20","modified_gmt":"2026-04-28T23:31:20","slug":"catarina-barba-fina-comptines-limousines-occitan-francais-libre-audio","status":"publish","type":"product","link":"https:\/\/www.libraria-occitana.org\/en\/product\/catarina-barba-fina-comptines-limousines-occitan-francais-libre-audio\/","title":{"rendered":"Catarina Barba Fina : Comptines limousines occitan-fran\u00e7ais (libre + audi\u00f2)"},"content":{"rendered":"<blockquote>\n<p><em>Greu, greu, suert de ton chasteu !<\/em><\/p>\n<p>Grillon, grillon, sors de ton ch\u00e2teau !<\/p>\n<\/blockquote>\n<p>De <em>La pita lebre<\/em> \u00e0 <em>Arri, arri mon polin<\/em>, voici une douzaine de comptines limousines de tradition, en occitan accompagn\u00e9es de leur traduction en fran\u00e7ais. Regroup\u00e9es dans un album joliment illustr\u00e9, ces comptines peuvent s&#8217;\u00e9couter en ligne.<\/p>\n<p>Cet ouvrage prolonge le travail de transmission de la langue entam\u00e9 \u00e0 la cr\u00e9ation du spectacle jeune public <em>Catarina Barba Fina<\/em> en 2016 par la Compagnie L\u00e9onie Tricote.<\/p>\n","protected":false},"excerpt":{"rendered":"<p>Greu, greu, suert de ton chasteu ! Grillon, grillon, sors de ton ch\u00e2teau ! De La pita lebre \u00e0 Arri, arri mon polin, voici une douzaine de comptines limousines de tradition, en occitan accompagn\u00e9es de leur traduction en fran\u00e7ais. Regroup\u00e9es dans un album joliment illustr\u00e9, ces comptines peuvent s&#8217;\u00e9couter en ligne. Cet ouvrage prolonge le [&hellip;]<\/p>\n","protected":false},"featured_media":55680,"template":"","meta":{"_acf_changed":false,"_genesis_hide_title":false,"_genesis_hide_breadcrumbs":false,"_genesis_hide_singular_image":false,"_genesis_hide_footer_widgets":false,"_genesis_custom_body_class":"","_genesis_custom_post_class":"","_genesis_layout":""},"product_brand":[],"product_cat":[7132,7170,7164],"product_tag":[],"class_list":{"0":"post-55682","1":"product","2":"type-product","3":"status-publish","4":"has-post-thumbnail","6":"product_cat-books","7":"product_cat-juvenile-en","8":"product_cat-juvenile-and-teen-comics-humour-en","9":"pa_auteur-compagnie-leonie-tricote-en","10":"pa_editeur-ieo-lemosin-en-2","11":"pa_langue-occitan-lemosin-en","12":"pa_langue-occitan-francais-en","13":"entry","15":"first","16":"instock","17":"shipping-taxable","18":"purchasable","19":"product-type-simple"},"acf":[],"_links":{"self":[{"href":"https:\/\/www.libraria-occitana.org\/en\/wp-json\/wp\/v2\/product\/55682","targetHints":{"allow":["GET"]}}],"collection":[{"href":"https:\/\/www.libraria-occitana.org\/en\/wp-json\/wp\/v2\/product"}],"about":[{"href":"https:\/\/www.libraria-occitana.org\/en\/wp-json\/wp\/v2\/types\/product"}],"wp:featuredmedia":[{"embeddable":true,"href":"https:\/\/www.libraria-occitana.org\/en\/wp-json\/wp\/v2\/media\/55680"}],"wp:attachment":[{"href":"https:\/\/www.libraria-occitana.org\/en\/wp-json\/wp\/v2\/media?parent=55682"}],"wp:term":[{"taxonomy":"product_brand","embeddable":true,"href":"https:\/\/www.libraria-occitana.org\/en\/wp-json\/wp\/v2\/product_brand?post=55682"},{"taxonomy":"product_cat","embeddable":true,"href":"https:\/\/www.libraria-occitana.org\/en\/wp-json\/wp\/v2\/product_cat?post=55682"},{"taxonomy":"product_tag","embeddable":true,"href":"https:\/\/www.libraria-occitana.org\/en\/wp-json\/wp\/v2\/product_tag?post=55682"}],"curies":[{"name":"wp","href":"https:\/\/api.w.org\/{rel}","templated":true}]}}