{"id":55754,"date":"2022-02-02T12:06:48","date_gmt":"2022-02-02T11:06:48","guid":{"rendered":"http:\/\/www.libraria-occitana.org\/?post_type=product&#038;p=55754"},"modified":"2026-04-29T10:15:00","modified_gmt":"2026-04-29T08:15:00","slug":"mademoiselle-ernestine-la-legende-de-montcigoux","status":"publish","type":"product","link":"https:\/\/www.libraria-occitana.org\/en\/product\/mademoiselle-ernestine-la-legende-de-montcigoux\/","title":{"rendered":"Mademoiselle Ernestine : La l\u00e9gende de Montcigoux"},"content":{"rendered":"<p>D\u00e9but du XXe si\u00e8cle, la d\u00e9couverte d\u2019un squelette humain au domaine de Montcigoux, met les villageois en \u00e9moi. L\u2019inqui\u00e9tude se r\u00e9pand, \u00e9veille les soup\u00e7ons\u2026 La l\u00e9gende accusatrice sur Ernest et Ernestine, anciens propri\u00e9taires du ch\u00e2teau, voit le jour.<br \/>\nLa commission d\u2019enqu\u00eate arrivera-t-elle \u00e0 \u00e9lucider ce qui s\u2019est v\u00e9ritablement pass\u00e9 ?<\/p>\n<p>Aujourd\u2019hui encore, cette l\u00e9gende perdure : histoire r\u00e9elle ou vieille fake news \u00e0 la peau dure&#8230; Qui est donc ce myst\u00e9rieux squelette ?<\/p>\n","protected":false},"excerpt":{"rendered":"<p>D\u00e9but du XXe si\u00e8cle, la d\u00e9couverte d\u2019un squelette humain au domaine de Montcigoux, met les villageois en \u00e9moi. L\u2019inqui\u00e9tude se r\u00e9pand, \u00e9veille les soup\u00e7ons\u2026 La l\u00e9gende accusatrice sur Ernest et Ernestine, anciens propri\u00e9taires du ch\u00e2teau, voit le jour. La commission d\u2019enqu\u00eate arrivera-t-elle \u00e0 \u00e9lucider ce qui s\u2019est v\u00e9ritablement pass\u00e9 ? Aujourd\u2019hui encore, cette l\u00e9gende perdure [&hellip;]<\/p>\n","protected":false},"featured_media":55757,"template":"","meta":{"_acf_changed":false,"_genesis_hide_title":false,"_genesis_hide_breadcrumbs":false,"_genesis_hide_singular_image":false,"_genesis_hide_footer_widgets":false,"_genesis_custom_body_class":"","_genesis_custom_post_class":"","_genesis_layout":""},"product_brand":[],"product_cat":[7132,7168,7164],"product_tag":[],"class_list":{"0":"post-55754","1":"product","2":"type-product","3":"status-publish","4":"has-post-thumbnail","6":"product_cat-books","7":"product_cat-comics-en","8":"product_cat-juvenile-and-teen-comics-humour-en","9":"pa_auteur-compin-christophe-en","10":"pa_auteur-depelley-jean-en","11":"pa_editeur-les-monedieres-en","12":"pa_langue-francais-en","13":"entry","15":"first","16":"instock","17":"shipping-taxable","18":"purchasable","19":"product-type-simple"},"acf":[],"_links":{"self":[{"href":"https:\/\/www.libraria-occitana.org\/en\/wp-json\/wp\/v2\/product\/55754","targetHints":{"allow":["GET"]}}],"collection":[{"href":"https:\/\/www.libraria-occitana.org\/en\/wp-json\/wp\/v2\/product"}],"about":[{"href":"https:\/\/www.libraria-occitana.org\/en\/wp-json\/wp\/v2\/types\/product"}],"wp:featuredmedia":[{"embeddable":true,"href":"https:\/\/www.libraria-occitana.org\/en\/wp-json\/wp\/v2\/media\/55757"}],"wp:attachment":[{"href":"https:\/\/www.libraria-occitana.org\/en\/wp-json\/wp\/v2\/media?parent=55754"}],"wp:term":[{"taxonomy":"product_brand","embeddable":true,"href":"https:\/\/www.libraria-occitana.org\/en\/wp-json\/wp\/v2\/product_brand?post=55754"},{"taxonomy":"product_cat","embeddable":true,"href":"https:\/\/www.libraria-occitana.org\/en\/wp-json\/wp\/v2\/product_cat?post=55754"},{"taxonomy":"product_tag","embeddable":true,"href":"https:\/\/www.libraria-occitana.org\/en\/wp-json\/wp\/v2\/product_tag?post=55754"}],"curies":[{"name":"wp","href":"https:\/\/api.w.org\/{rel}","templated":true}]}}