{"id":55783,"date":"2022-02-02T17:24:13","date_gmt":"2022-02-02T16:24:13","guid":{"rendered":"http:\/\/www.libraria-occitana.org\/?post_type=product&#038;p=55783"},"modified":"2026-04-29T01:06:07","modified_gmt":"2026-04-28T23:06:07","slug":"dila-entre-doas-ribas-dila-entre-deux-rives","status":"publish","type":"product","link":"https:\/\/www.libraria-occitana.org\/en\/product\/dila-entre-doas-ribas-dila-entre-deux-rives\/","title":{"rendered":"Dil\u00e0, entre doas ribas &#8211; Dil\u00e0, entre deux rives"},"content":{"rendered":"<p>Couper les ponts, voil\u00e0 une expression qui n&#8217;avait jamais \u00e9t\u00e9 autant d&#8217;actualit\u00e9.<\/p>\n<p>\u00c7a faisait trois jours que, faute d&#8217;\u00eatre bloqu\u00e9, le passage sur les deux ponts de la ville \u00e9tait r\u00e9glement\u00e9. Des milices, cr\u00e9\u00e9es dans l&#8217;urgence, assuraient le contr\u00f4le de toute personne qui passait \u00e0 pied sur le vieil ouvrage romain ou en voiture par l&#8217;arche de b\u00e9ton qui enjambe le Vidourle en amont du bourg.<\/p>\n<p>Et comme en \u00e9cho \u00e0 toute cette folie, l&#8217;eau du petit fleuve, qui ne coulait plus gu\u00e8re dans cette p\u00e9riode de s\u00e9cheresse, avait commenc\u00e9 \u00e0 tourner. Des algues d&#8217;un vert glauque flottaient dans les trous d&#8217;eau rescap\u00e9s, restes ridicules d&#8217;un cours d&#8217;eau qui, plus d&#8217;une fois, avait su montrer ses muscles destructeurs. Il ne manquait plus que, la <em>mala\u00efgue<\/em>, ce pourrissement de l&#8217;eau, pour ajouter \u00e0 cette situation puante.<\/p>\n<p>Les regards \u00e9taient devenus noirs et chacun \u00e9piait son voisin d&#8217;un \u0153il suspicieux. Les portes se fermaient sur des odeurs acres de peur et de haine. Dans les rues de la vieille ville, des bandes de n\u00e9o-justiciers d\u00e9ambulaient fi\u00e8rement, arm\u00e9s de tout ce qu&#8217;ils avaient trouv\u00e9 pour affirmer leur pouvoir. On ne comptait plus les altercations qu&#8217;un mot, une attitude, un regard interpr\u00e9t\u00e9 ou la certitude d&#8217;avoir trouv\u00e9 un activiste dangereux suffisaient \u00e0 d\u00e9clencher. Les policiers assistaient impuissants \u00e0 ces \u00e9chauffour\u00e9es, quand ils n&#8217;en \u00e9taient pas les initiateurs.<\/p>\n<p>Traduction fran\u00e7aise de l&#8217;auteur.<\/p>\n","protected":false},"excerpt":{"rendered":"<p>Couper les ponts, voil\u00e0 une expression qui n&#8217;avait jamais \u00e9t\u00e9 autant d&#8217;actualit\u00e9. \u00c7a faisait trois jours que, faute d&#8217;\u00eatre bloqu\u00e9, le passage sur les deux ponts de la ville \u00e9tait r\u00e9glement\u00e9. Des milices, cr\u00e9\u00e9es dans l&#8217;urgence, assuraient le contr\u00f4le de toute personne qui passait \u00e0 pied sur le vieil ouvrage romain ou en voiture par [&hellip;]<\/p>\n","protected":false},"featured_media":55777,"template":"","meta":{"_acf_changed":false,"_genesis_hide_title":false,"_genesis_hide_breadcrumbs":false,"_genesis_hide_singular_image":false,"_genesis_hide_footer_widgets":false,"_genesis_custom_body_class":"","_genesis_custom_post_class":"","_genesis_layout":""},"product_brand":[],"product_cat":[7132,7174,7182],"product_tag":[],"class_list":{"0":"post-55783","1":"product","2":"type-product","3":"status-publish","4":"has-post-thumbnail","6":"product_cat-books","7":"product_cat-literature-en","8":"product_cat-novels-short-stories-en","9":"pa_auteur-galvier-denis-en","10":"pa_editeur-lauceu-libre-en","11":"pa_langue-occitan-lengadocian-en","12":"pa_langue-occitan-francais-en","13":"entry","15":"first","16":"instock","17":"shipping-taxable","18":"purchasable","19":"product-type-simple"},"acf":[],"_links":{"self":[{"href":"https:\/\/www.libraria-occitana.org\/en\/wp-json\/wp\/v2\/product\/55783","targetHints":{"allow":["GET"]}}],"collection":[{"href":"https:\/\/www.libraria-occitana.org\/en\/wp-json\/wp\/v2\/product"}],"about":[{"href":"https:\/\/www.libraria-occitana.org\/en\/wp-json\/wp\/v2\/types\/product"}],"wp:featuredmedia":[{"embeddable":true,"href":"https:\/\/www.libraria-occitana.org\/en\/wp-json\/wp\/v2\/media\/55777"}],"wp:attachment":[{"href":"https:\/\/www.libraria-occitana.org\/en\/wp-json\/wp\/v2\/media?parent=55783"}],"wp:term":[{"taxonomy":"product_brand","embeddable":true,"href":"https:\/\/www.libraria-occitana.org\/en\/wp-json\/wp\/v2\/product_brand?post=55783"},{"taxonomy":"product_cat","embeddable":true,"href":"https:\/\/www.libraria-occitana.org\/en\/wp-json\/wp\/v2\/product_cat?post=55783"},{"taxonomy":"product_tag","embeddable":true,"href":"https:\/\/www.libraria-occitana.org\/en\/wp-json\/wp\/v2\/product_tag?post=55783"}],"curies":[{"name":"wp","href":"https:\/\/api.w.org\/{rel}","templated":true}]}}