{"id":55791,"date":"2022-02-02T18:34:27","date_gmt":"2022-02-02T17:34:27","guid":{"rendered":"http:\/\/www.libraria-occitana.org\/product\/la-petite-liturgie-du-vent-larche\/"},"modified":"2026-04-03T01:16:36","modified_gmt":"2026-04-02T23:16:36","slug":"la-petite-liturgie-du-vent-larche","status":"publish","type":"product","link":"https:\/\/www.libraria-occitana.org\/en\/product\/la-petite-liturgie-du-vent-larche\/","title":{"rendered":"La petite liturgie du vent &#8211; L&#8217;arche"},"content":{"rendered":"<p>Deux po\u00e8mes de Marcelle Delpastre mis en voix. Ces deux textes ont \u00e9t\u00e9 \u00e9dit\u00e9s dans les <a href=\"http:\/\/www.libraria-occitana.org\/produit\/poemes-dramatiques-i\/\"><em>Po\u00e8mes dramatiques<\/em> I<\/a>.<\/p>\n<p><strong>La petite liturgie du vent<\/strong><\/p>\n<p>La voix : Th\u00e9r\u00e8se Canet<br \/>\nLes voix, le premier ch\u0153ur : Jean-Claude Bergon, Bernard Comby, Jan dau Melhau<br \/>\nLe second ch\u0153ur : Brigitte Fleygnac, Genevi\u00e8ve Lavaud, Christine Virolle Da Silva<\/p>\n<p><strong>L&#8217;arche<\/strong><\/p>\n<p>Les voix, le ch\u0153ur : Jean-Claude Bergon, Th\u00e9r\u00e8se Canet, Bernard Comby, Brigitte Fleygnac<br \/>\nLa voix off : Jan dau Melhau<\/p>\n<p>Direction artistique : Jan dau Melhau<\/p>\n","protected":false},"excerpt":{"rendered":"<p>Deux po\u00e8mes de Marcelle Delpastre mis en voix. Ces deux textes ont \u00e9t\u00e9 \u00e9dit\u00e9s dans les Po\u00e8mes dramatiques I. La petite liturgie du vent La voix : Th\u00e9r\u00e8se Canet Les voix, le premier ch\u0153ur : Jean-Claude Bergon, Bernard Comby, Jan dau Melhau Le second ch\u0153ur : Brigitte Fleygnac, Genevi\u00e8ve Lavaud, Christine Virolle Da Silva L&#8217;arche [&hellip;]<\/p>\n","protected":false},"featured_media":55765,"template":"","meta":{"_acf_changed":false,"_genesis_hide_title":false,"_genesis_hide_breadcrumbs":false,"_genesis_hide_singular_image":false,"_genesis_hide_footer_widgets":false,"_genesis_custom_body_class":"","_genesis_custom_post_class":"","_genesis_layout":""},"product_brand":[],"product_cat":[7224,7216],"product_tag":[],"class_list":{"0":"post-55791","1":"product","2":"type-product","3":"status-publish","4":"has-post-thumbnail","6":"product_cat-litterature-musique-en","7":"product_cat-music-en","8":"pa_auteur-delpastre-marcela-en","9":"pa_editeur-lo-chamin-de-sent-jaume-en","10":"pa_langue-francais-en","11":"entry","13":"first","14":"instock","15":"shipping-taxable","16":"purchasable","17":"product-type-simple"},"acf":[],"_links":{"self":[{"href":"https:\/\/www.libraria-occitana.org\/en\/wp-json\/wp\/v2\/product\/55791","targetHints":{"allow":["GET"]}}],"collection":[{"href":"https:\/\/www.libraria-occitana.org\/en\/wp-json\/wp\/v2\/product"}],"about":[{"href":"https:\/\/www.libraria-occitana.org\/en\/wp-json\/wp\/v2\/types\/product"}],"wp:featuredmedia":[{"embeddable":true,"href":"https:\/\/www.libraria-occitana.org\/en\/wp-json\/wp\/v2\/media\/55765"}],"wp:attachment":[{"href":"https:\/\/www.libraria-occitana.org\/en\/wp-json\/wp\/v2\/media?parent=55791"}],"wp:term":[{"taxonomy":"product_brand","embeddable":true,"href":"https:\/\/www.libraria-occitana.org\/en\/wp-json\/wp\/v2\/product_brand?post=55791"},{"taxonomy":"product_cat","embeddable":true,"href":"https:\/\/www.libraria-occitana.org\/en\/wp-json\/wp\/v2\/product_cat?post=55791"},{"taxonomy":"product_tag","embeddable":true,"href":"https:\/\/www.libraria-occitana.org\/en\/wp-json\/wp\/v2\/product_tag?post=55791"}],"curies":[{"name":"wp","href":"https:\/\/api.w.org\/{rel}","templated":true}]}}