{"id":55805,"date":"2021-11-02T19:19:38","date_gmt":"2021-11-02T18:19:38","guid":{"rendered":"http:\/\/www.libraria-occitana.org\/product\/duo-vargoz\/"},"modified":"2026-04-19T02:26:34","modified_gmt":"2026-04-19T00:26:34","slug":"duo-vargoz","status":"publish","type":"product","link":"https:\/\/www.libraria-occitana.org\/en\/product\/duo-vargoz\/","title":{"rendered":"Duo Vargoz"},"content":{"rendered":"<p><strong>Guillaume Vargoz :<\/strong> Harmonicas<br \/>\n<strong>Robin Vargoz :<\/strong> Violon, violon alto, pieds, voix<\/p>\n<p>L&#8217;harmonica et le violon sont deux instruments populaires porteurs d&#8217;histoires et d&#8217;imaginaires. En jouant des airs patin\u00e9s par le temps, ce duo cherche avec une \u00e9nergie commune, sa propre libert\u00e9 de jeu et une complicit\u00e9 avec les danseurs.<br \/>\nLe r\u00e9pertoire interpr\u00e9t\u00e9 ici est issu de collectes datant du XIXe et XXe si\u00e8cle, principalement sur le territoire du Dauphin\u00e9 : Hautes-Alpes, Dr\u00f4me, Is\u00e8re.<\/p>\n<p><strong>Titres :<\/strong><br \/>\n1. Rigodon Jean de la Riole<br \/>\n2. Rigodon de Veynes \/ Lei Patare\u00f9<br \/>\n3. Valses \u00e0 F\u00e9licien<br \/>\n4. Bourr\u00e9e \u00e0 Chastagnol \/ \u00e0 P\u00e9chadre<br \/>\n5. Rigodon de l&#8217;\u00e2ne<br \/>\n6. Mazurka \u00e0 Escalle<br \/>\n7. Polka du Champsaur \/ Pas piqu\u00e9<br \/>\n8. Rigodon de Saint Firmin \/ Rigodon d&#8217;en haut<br \/>\n9. San Boun\u00e9t \/ Hog went to the fence yoke and all<br \/>\n10. Valse \u00e0 Roussin \/ \u00e0 Escalle (solo harmonica)<br \/>\n11. Marche et Mazurka \u00e0 Roussin \/ Mazurka \u00e0 Tournadre<br \/>\n12. Rigodon \u00e0 Patacol (solo violon)<br \/>\n13. Rigodons en cort\u00e8ge<br \/>\n14. Renveill\u00e9 \/ Polka Polonaise<\/p>\n","protected":false},"excerpt":{"rendered":"<p>Guillaume Vargoz : Harmonicas Robin Vargoz : Violon, violon alto, pieds, voix L&#8217;harmonica et le violon sont deux instruments populaires porteurs d&#8217;histoires et d&#8217;imaginaires. En jouant des airs patin\u00e9s par le temps, ce duo cherche avec une \u00e9nergie commune, sa propre libert\u00e9 de jeu et une complicit\u00e9 avec les danseurs. Le r\u00e9pertoire interpr\u00e9t\u00e9 ici est [&hellip;]<\/p>\n","protected":false},"featured_media":55803,"template":"","meta":{"_acf_changed":false,"_genesis_hide_title":false,"_genesis_hide_breadcrumbs":false,"_genesis_hide_singular_image":false,"_genesis_hide_footer_widgets":false,"_genesis_custom_body_class":"","_genesis_custom_post_class":"","_genesis_layout":""},"product_brand":[],"product_cat":[7228,7216],"product_tag":[],"class_list":{"0":"post-55805","1":"product","2":"type-product","3":"status-publish","4":"has-post-thumbnail","6":"product_cat-modern-folk-en","7":"product_cat-music-en","8":"pa_auteur-duo-vargoz-en","9":"pa_editeur-la-compagnie-du-rigodon-en","10":"pa_editeur-phonolithe-en","11":"pa_langue-occitan-en","12":"pa_langue-occitan-vivaroaupenc-en","13":"entry","15":"first","16":"outofstock","17":"shipping-taxable","18":"purchasable","19":"product-type-simple"},"acf":[],"_links":{"self":[{"href":"https:\/\/www.libraria-occitana.org\/en\/wp-json\/wp\/v2\/product\/55805","targetHints":{"allow":["GET"]}}],"collection":[{"href":"https:\/\/www.libraria-occitana.org\/en\/wp-json\/wp\/v2\/product"}],"about":[{"href":"https:\/\/www.libraria-occitana.org\/en\/wp-json\/wp\/v2\/types\/product"}],"wp:featuredmedia":[{"embeddable":true,"href":"https:\/\/www.libraria-occitana.org\/en\/wp-json\/wp\/v2\/media\/55803"}],"wp:attachment":[{"href":"https:\/\/www.libraria-occitana.org\/en\/wp-json\/wp\/v2\/media?parent=55805"}],"wp:term":[{"taxonomy":"product_brand","embeddable":true,"href":"https:\/\/www.libraria-occitana.org\/en\/wp-json\/wp\/v2\/product_brand?post=55805"},{"taxonomy":"product_cat","embeddable":true,"href":"https:\/\/www.libraria-occitana.org\/en\/wp-json\/wp\/v2\/product_cat?post=55805"},{"taxonomy":"product_tag","embeddable":true,"href":"https:\/\/www.libraria-occitana.org\/en\/wp-json\/wp\/v2\/product_tag?post=55805"}],"curies":[{"name":"wp","href":"https:\/\/api.w.org\/{rel}","templated":true}]}}