{"id":55910,"date":"2022-02-25T19:23:15","date_gmt":"2022-02-25T18:23:15","guid":{"rendered":"http:\/\/www.libraria-occitana.org\/?post_type=product&#038;p=55910"},"modified":"2026-04-22T23:51:57","modified_gmt":"2026-04-22T21:51:57","slug":"venus-a-lescorpion","status":"publish","type":"product","link":"https:\/\/www.libraria-occitana.org\/en\/product\/venus-a-lescorpion\/","title":{"rendered":"V\u00e8nus a l&#8217;Escorpion &#8211; V\u00e9nus en scorpion"},"content":{"rendered":"<p><em>V\u00e9nus en Scorpion<\/em> est un r\u00e9cit po\u00e9tique original sur les th\u00e8mes du d\u00e9sir et de la Langue, o\u00f9 la voix de la langue occitane menac\u00e9e s&#8217;incarne dans un personnage f\u00e9minin onirique et intemporel avec en fond de sc\u00e8ne un tableau vivant et r\u00e9aliste de la ville de Montr\u00e9al, au Qu\u00e9bec.<br \/>\nC&#8217;est le deuxi\u00e8me livre de Ma\u00eblle Dupon.<\/p>\n<p>\u00ab Ma\u00eblle Dupon s&#8217;est empar\u00e9e sensuellement de la langue occitane telle qu&#8217;elle l&#8217;a trouv\u00e9e, en morceaux, occulte, et pourtant riche de tant de textes qui englobent l&#8217;univers dans leur \u00e9treinte. Sans aucune inhibition ni aucune prudence, elle a fait de ces petits morceaux reconquis un grand brasier inextinguible. \u00bb (Jean-Fr\u00e9d\u00e9ric Brun)<\/p>\n","protected":false},"excerpt":{"rendered":"<p>V\u00e9nus en Scorpion est un r\u00e9cit po\u00e9tique original sur les th\u00e8mes du d\u00e9sir et de la Langue, o\u00f9 la voix de la langue occitane menac\u00e9e s&#8217;incarne dans un personnage f\u00e9minin onirique et intemporel avec en fond de sc\u00e8ne un tableau vivant et r\u00e9aliste de la ville de Montr\u00e9al, au Qu\u00e9bec. C&#8217;est le deuxi\u00e8me livre de [&hellip;]<\/p>\n","protected":false},"featured_media":55913,"template":"","meta":{"_acf_changed":false,"_genesis_hide_title":false,"_genesis_hide_breadcrumbs":false,"_genesis_hide_singular_image":false,"_genesis_hide_footer_widgets":false,"_genesis_custom_body_class":"","_genesis_custom_post_class":"","_genesis_layout":""},"product_brand":[],"product_cat":[7132,7174,7182],"product_tag":[],"class_list":{"0":"post-55910","1":"product","2":"type-product","3":"status-publish","4":"has-post-thumbnail","6":"product_cat-books","7":"product_cat-literature-en","8":"product_cat-novels-short-stories-en","9":"pa_auteur-dupon-maelle-en","10":"pa_editeur-reclams-en","11":"pa_langue-occitan-lengadocian-en","12":"pa_langue-occitan-francais-en","13":"entry","15":"first","16":"instock","17":"shipping-taxable","18":"purchasable","19":"product-type-simple"},"acf":[],"_links":{"self":[{"href":"https:\/\/www.libraria-occitana.org\/en\/wp-json\/wp\/v2\/product\/55910","targetHints":{"allow":["GET"]}}],"collection":[{"href":"https:\/\/www.libraria-occitana.org\/en\/wp-json\/wp\/v2\/product"}],"about":[{"href":"https:\/\/www.libraria-occitana.org\/en\/wp-json\/wp\/v2\/types\/product"}],"wp:featuredmedia":[{"embeddable":true,"href":"https:\/\/www.libraria-occitana.org\/en\/wp-json\/wp\/v2\/media\/55913"}],"wp:attachment":[{"href":"https:\/\/www.libraria-occitana.org\/en\/wp-json\/wp\/v2\/media?parent=55910"}],"wp:term":[{"taxonomy":"product_brand","embeddable":true,"href":"https:\/\/www.libraria-occitana.org\/en\/wp-json\/wp\/v2\/product_brand?post=55910"},{"taxonomy":"product_cat","embeddable":true,"href":"https:\/\/www.libraria-occitana.org\/en\/wp-json\/wp\/v2\/product_cat?post=55910"},{"taxonomy":"product_tag","embeddable":true,"href":"https:\/\/www.libraria-occitana.org\/en\/wp-json\/wp\/v2\/product_tag?post=55910"}],"curies":[{"name":"wp","href":"https:\/\/api.w.org\/{rel}","templated":true}]}}