{"id":56018,"date":"2022-03-09T16:35:26","date_gmt":"2022-03-09T15:35:26","guid":{"rendered":"http:\/\/www.libraria-occitana.org\/?post_type=product&#038;p=56018"},"modified":"2026-04-29T10:55:11","modified_gmt":"2026-04-29T08:55:11","slug":"ercules-liniciat","status":"publish","type":"product","link":"https:\/\/www.libraria-occitana.org\/en\/product\/ercules-liniciat\/","title":{"rendered":"Ercules l&#8217;iniciat"},"content":{"rendered":"<p>Les douze travaux d\u2019Hercule sont des exploits charg\u00e9s d\u2019enseignements, c\u2019est ce qu\u2019a voulu retrouver l\u2019autrice, Anne-Pierre Darr\u00e9es. Raconter les aventures et aussi lire les symboles qui permettront au h\u00e9ros de devenir un homme, de vaincre l\u2019animalit\u00e9, les vices, d\u2019\u00e9largir sa conscience. Avec ce livre, les lecteurs pourront aller plus loin dans leur connaissance du h\u00e9ros le plus populaire de la mythologie grecque.<\/p>\n<p>Chaque travail est illustr\u00e9 d&#8217;un ou deux dessins r\u00e9alis\u00e9s par une jeune illustratrice de talent, Margot Raill\u00e9.<\/p>\n","protected":false},"excerpt":{"rendered":"<p>Les douze travaux d\u2019Hercule sont des exploits charg\u00e9s d\u2019enseignements, c\u2019est ce qu\u2019a voulu retrouver l\u2019autrice, Anne-Pierre Darr\u00e9es. Raconter les aventures et aussi lire les symboles qui permettront au h\u00e9ros de devenir un homme, de vaincre l\u2019animalit\u00e9, les vices, d\u2019\u00e9largir sa conscience. Avec ce livre, les lecteurs pourront aller plus loin dans leur connaissance du h\u00e9ros [&hellip;]<\/p>\n","protected":false},"featured_media":56010,"template":"","meta":{"_acf_changed":false,"_genesis_hide_title":false,"_genesis_hide_breadcrumbs":false,"_genesis_hide_singular_image":false,"_genesis_hide_footer_widgets":false,"_genesis_custom_body_class":"","_genesis_custom_post_class":"","_genesis_layout":""},"product_brand":[],"product_cat":[7132,7164,7166],"product_tag":[],"class_list":{"0":"post-56018","1":"product","2":"type-product","3":"status-publish","4":"has-post-thumbnail","6":"product_cat-books","7":"product_cat-juvenile-and-teen-comics-humour-en","8":"product_cat-teen-en","9":"pa_auteur-darrees-anne-pierre-en","10":"pa_editeur-reclams-en","11":"pa_langue-occitan-gascon-en","12":"pa_langue-occitan-francais-en","13":"entry","15":"first","16":"outofstock","17":"shipping-taxable","18":"purchasable","19":"product-type-simple"},"acf":[],"_links":{"self":[{"href":"https:\/\/www.libraria-occitana.org\/en\/wp-json\/wp\/v2\/product\/56018","targetHints":{"allow":["GET"]}}],"collection":[{"href":"https:\/\/www.libraria-occitana.org\/en\/wp-json\/wp\/v2\/product"}],"about":[{"href":"https:\/\/www.libraria-occitana.org\/en\/wp-json\/wp\/v2\/types\/product"}],"wp:featuredmedia":[{"embeddable":true,"href":"https:\/\/www.libraria-occitana.org\/en\/wp-json\/wp\/v2\/media\/56010"}],"wp:attachment":[{"href":"https:\/\/www.libraria-occitana.org\/en\/wp-json\/wp\/v2\/media?parent=56018"}],"wp:term":[{"taxonomy":"product_brand","embeddable":true,"href":"https:\/\/www.libraria-occitana.org\/en\/wp-json\/wp\/v2\/product_brand?post=56018"},{"taxonomy":"product_cat","embeddable":true,"href":"https:\/\/www.libraria-occitana.org\/en\/wp-json\/wp\/v2\/product_cat?post=56018"},{"taxonomy":"product_tag","embeddable":true,"href":"https:\/\/www.libraria-occitana.org\/en\/wp-json\/wp\/v2\/product_tag?post=56018"}],"curies":[{"name":"wp","href":"https:\/\/api.w.org\/{rel}","templated":true}]}}