{"id":56022,"date":"2021-07-09T17:42:46","date_gmt":"2021-07-09T15:42:46","guid":{"rendered":"http:\/\/www.libraria-occitana.org\/?post_type=product&#038;p=56022"},"modified":"2026-04-08T05:16:23","modified_gmt":"2026-04-08T03:16:23","slug":"grabieu-e-la-corrida-gabriel-et-la-corrida","status":"publish","type":"product","link":"https:\/\/www.libraria-occitana.org\/en\/product\/grabieu-e-la-corrida-gabriel-et-la-corrida\/","title":{"rendered":"Grabi\u00e8u e la corrida &#8211; Gabriel et la corrida"},"content":{"rendered":"<p>Gabriel est un gar\u00e7on un peu seul dans son village. Sa m\u00e8re, elle, est seule pour l\u2019\u00e9lever et, pour tant qu\u2019elle l\u2019aime, quand son gar\u00e7on rentre de l\u2019\u00e9cole, elle, est au travail.<br \/>\nPar chance, un vieux voisin joue le r\u00f4le de grand-p\u00e8re et de conseiller affectueux.<br \/>\nSa premi\u00e8re prestation en tant que matador sera un vrai traumatisme, suivi de grandes remises en question !<\/p>\n","protected":false},"excerpt":{"rendered":"<p>Gabriel est un gar\u00e7on un peu seul dans son village. Sa m\u00e8re, elle, est seule pour l\u2019\u00e9lever et, pour tant qu\u2019elle l\u2019aime, quand son gar\u00e7on rentre de l\u2019\u00e9cole, elle, est au travail. Par chance, un vieux voisin joue le r\u00f4le de grand-p\u00e8re et de conseiller affectueux. Sa premi\u00e8re prestation en tant que matador sera un [&hellip;]<\/p>\n","protected":false},"featured_media":55977,"template":"","meta":{"_acf_changed":false,"_genesis_hide_title":false,"_genesis_hide_breadcrumbs":false,"_genesis_hide_singular_image":false,"_genesis_hide_footer_widgets":false,"_genesis_custom_body_class":"","_genesis_custom_post_class":"","_genesis_layout":""},"product_brand":[],"product_cat":[7132,7164,7166],"product_tag":[],"class_list":{"0":"post-56022","1":"product","2":"type-product","3":"status-publish","4":"has-post-thumbnail","6":"product_cat-books","7":"product_cat-juvenile-and-teen-comics-humour-en","8":"product_cat-teen-en","9":"pa_auteur-gaich-claude-en","10":"pa_editeur-editions-edite-moi-en","11":"pa_langue-occitan-lengadocian-en","12":"pa_langue-occitan-francais-en","13":"entry","15":"first","16":"instock","17":"shipping-taxable","18":"purchasable","19":"product-type-simple"},"acf":[],"_links":{"self":[{"href":"https:\/\/www.libraria-occitana.org\/en\/wp-json\/wp\/v2\/product\/56022","targetHints":{"allow":["GET"]}}],"collection":[{"href":"https:\/\/www.libraria-occitana.org\/en\/wp-json\/wp\/v2\/product"}],"about":[{"href":"https:\/\/www.libraria-occitana.org\/en\/wp-json\/wp\/v2\/types\/product"}],"wp:featuredmedia":[{"embeddable":true,"href":"https:\/\/www.libraria-occitana.org\/en\/wp-json\/wp\/v2\/media\/55977"}],"wp:attachment":[{"href":"https:\/\/www.libraria-occitana.org\/en\/wp-json\/wp\/v2\/media?parent=56022"}],"wp:term":[{"taxonomy":"product_brand","embeddable":true,"href":"https:\/\/www.libraria-occitana.org\/en\/wp-json\/wp\/v2\/product_brand?post=56022"},{"taxonomy":"product_cat","embeddable":true,"href":"https:\/\/www.libraria-occitana.org\/en\/wp-json\/wp\/v2\/product_cat?post=56022"},{"taxonomy":"product_tag","embeddable":true,"href":"https:\/\/www.libraria-occitana.org\/en\/wp-json\/wp\/v2\/product_tag?post=56022"}],"curies":[{"name":"wp","href":"https:\/\/api.w.org\/{rel}","templated":true}]}}