{"id":56033,"date":"2019-06-10T12:37:25","date_gmt":"2019-06-10T10:37:25","guid":{"rendered":"http:\/\/www.libraria-occitana.org\/?post_type=product&#038;p=56033"},"modified":"2026-04-27T06:31:19","modified_gmt":"2026-04-27T04:31:19","slug":"la-lenga-de-la-lebre","status":"publish","type":"product","link":"https:\/\/www.libraria-occitana.org\/en\/product\/la-lenga-de-la-lebre\/","title":{"rendered":"La lenga de la l\u00e8bre"},"content":{"rendered":"<p>Conte en 4 langues : occitan &#8211; catalan &#8211; castillan &#8211; fran\u00e7ais<\/p>\n<p>Comme le li\u00e8vre d\u00e9livra un jour son pays de l\u2019horrible Quatre-Langues, tous les animaux du territoire se mirent au service du li\u00e8vre. Celui-ci d\u00e9cida alors que tout le monde devait parler dans sa langue \u00e0 lui\u2026 Ce fut difficile mais finalement, \u00e0 coups de punitions et de fess\u00e9es, cela se fit. Pourtant, le grillon ne put jamais y arriver et, une belle nuit d\u2019\u00e9t\u00e9, un petit grillon se mit \u00e0 chanter dans sa langue interdite : la langue des grillons\u2026<\/p>\n","protected":false},"excerpt":{"rendered":"<p>Conte en 4 langues : occitan &#8211; catalan &#8211; castillan &#8211; fran\u00e7ais Comme le li\u00e8vre d\u00e9livra un jour son pays de l\u2019horrible Quatre-Langues, tous les animaux du territoire se mirent au service du li\u00e8vre. Celui-ci d\u00e9cida alors que tout le monde devait parler dans sa langue \u00e0 lui\u2026 Ce fut difficile mais finalement, \u00e0 coups [&hellip;]<\/p>\n","protected":false},"featured_media":55959,"template":"","meta":{"_acf_changed":false,"_genesis_hide_title":false,"_genesis_hide_breadcrumbs":false,"_genesis_hide_singular_image":false,"_genesis_hide_footer_widgets":false,"_genesis_custom_body_class":"","_genesis_custom_post_class":"","_genesis_layout":""},"product_brand":[],"product_cat":[7132,7164,7166],"product_tag":[],"class_list":{"0":"post-56033","1":"product","2":"type-product","3":"status-publish","4":"has-post-thumbnail","6":"product_cat-books","7":"product_cat-juvenile-and-teen-comics-humour-en","8":"product_cat-teen-en","9":"pa_auteur-pallier-patricia-en","10":"pa_editeur-grelh-roergas-en","11":"pa_langue-autras-lingas-en","12":"pa_langue-occitan-lengadocian-en","13":"pa_langue-occitan-francais-en","14":"entry","16":"first","17":"outofstock","18":"shipping-taxable","19":"purchasable","20":"product-type-simple"},"acf":[],"_links":{"self":[{"href":"https:\/\/www.libraria-occitana.org\/en\/wp-json\/wp\/v2\/product\/56033","targetHints":{"allow":["GET"]}}],"collection":[{"href":"https:\/\/www.libraria-occitana.org\/en\/wp-json\/wp\/v2\/product"}],"about":[{"href":"https:\/\/www.libraria-occitana.org\/en\/wp-json\/wp\/v2\/types\/product"}],"wp:featuredmedia":[{"embeddable":true,"href":"https:\/\/www.libraria-occitana.org\/en\/wp-json\/wp\/v2\/media\/55959"}],"wp:attachment":[{"href":"https:\/\/www.libraria-occitana.org\/en\/wp-json\/wp\/v2\/media?parent=56033"}],"wp:term":[{"taxonomy":"product_brand","embeddable":true,"href":"https:\/\/www.libraria-occitana.org\/en\/wp-json\/wp\/v2\/product_brand?post=56033"},{"taxonomy":"product_cat","embeddable":true,"href":"https:\/\/www.libraria-occitana.org\/en\/wp-json\/wp\/v2\/product_cat?post=56033"},{"taxonomy":"product_tag","embeddable":true,"href":"https:\/\/www.libraria-occitana.org\/en\/wp-json\/wp\/v2\/product_tag?post=56033"}],"curies":[{"name":"wp","href":"https:\/\/api.w.org\/{rel}","templated":true}]}}