{"id":56043,"date":"2021-01-10T16:53:33","date_gmt":"2021-01-10T15:53:33","guid":{"rendered":"http:\/\/www.libraria-occitana.org\/?post_type=product&#038;p=56043"},"modified":"2026-04-25T07:16:43","modified_gmt":"2026-04-25T05:16:43","slug":"parladissas-animalas","status":"publish","type":"product","link":"https:\/\/www.libraria-occitana.org\/en\/product\/parladissas-animalas\/","title":{"rendered":"Parladissas animalas"},"content":{"rendered":"<p>Nous n\u2019avons pas l\u2019habitude d\u2019\u00e9couter les animaux\u2026 et pourtant, ils en ont des choses \u00e0 nous dire, \u00e0 nous les hommes ! Dans ce livre, oiseaux, poissons, mammif\u00e8res, insectes nous racontent leur vie\u2026 et on en apprend beaucoup.<\/p>\n","protected":false},"excerpt":{"rendered":"<p>Nous n\u2019avons pas l\u2019habitude d\u2019\u00e9couter les animaux\u2026 et pourtant, ils en ont des choses \u00e0 nous dire, \u00e0 nous les hommes ! Dans ce livre, oiseaux, poissons, mammif\u00e8res, insectes nous racontent leur vie\u2026 et on en apprend beaucoup.<\/p>\n","protected":false},"featured_media":55968,"template":"","meta":{"_acf_changed":false,"_genesis_hide_title":false,"_genesis_hide_breadcrumbs":false,"_genesis_hide_singular_image":false,"_genesis_hide_footer_widgets":false,"_genesis_custom_body_class":"","_genesis_custom_post_class":"","_genesis_layout":""},"product_brand":[],"product_cat":[7132,7164,7166],"product_tag":[],"class_list":{"0":"post-56043","1":"product","2":"type-product","3":"status-publish","4":"has-post-thumbnail","6":"product_cat-books","7":"product_cat-juvenile-and-teen-comics-humour-en","8":"product_cat-teen-en","9":"pa_auteur-combas-geli-en","10":"pa_editeur-grelh-roergas-en","11":"pa_langue-occitan-en","12":"pa_langue-occitan-lengadocian-en","13":"entry","15":"first","16":"outofstock","17":"shipping-taxable","18":"purchasable","19":"product-type-simple"},"acf":[],"_links":{"self":[{"href":"https:\/\/www.libraria-occitana.org\/en\/wp-json\/wp\/v2\/product\/56043","targetHints":{"allow":["GET"]}}],"collection":[{"href":"https:\/\/www.libraria-occitana.org\/en\/wp-json\/wp\/v2\/product"}],"about":[{"href":"https:\/\/www.libraria-occitana.org\/en\/wp-json\/wp\/v2\/types\/product"}],"wp:featuredmedia":[{"embeddable":true,"href":"https:\/\/www.libraria-occitana.org\/en\/wp-json\/wp\/v2\/media\/55968"}],"wp:attachment":[{"href":"https:\/\/www.libraria-occitana.org\/en\/wp-json\/wp\/v2\/media?parent=56043"}],"wp:term":[{"taxonomy":"product_brand","embeddable":true,"href":"https:\/\/www.libraria-occitana.org\/en\/wp-json\/wp\/v2\/product_brand?post=56043"},{"taxonomy":"product_cat","embeddable":true,"href":"https:\/\/www.libraria-occitana.org\/en\/wp-json\/wp\/v2\/product_cat?post=56043"},{"taxonomy":"product_tag","embeddable":true,"href":"https:\/\/www.libraria-occitana.org\/en\/wp-json\/wp\/v2\/product_tag?post=56043"}],"curies":[{"name":"wp","href":"https:\/\/api.w.org\/{rel}","templated":true}]}}