{"id":56053,"date":"2021-08-10T18:33:22","date_gmt":"2021-08-10T16:33:22","guid":{"rendered":"http:\/\/www.libraria-occitana.org\/?post_type=product&#038;p=56053"},"modified":"2026-04-15T22:46:18","modified_gmt":"2026-04-15T20:46:18","slug":"larriu-deu-denvers-tome-2-hannah","status":"publish","type":"product","link":"https:\/\/www.libraria-occitana.org\/en\/product\/larriu-deu-denvers-tome-2-hannah\/","title":{"rendered":"L&#8217;arriu deu denv\u00e8rs T\u00f2me 2 &#8211; Hannah"},"content":{"rendered":"<p>Dans <a href=\"http:\/\/www.libraria-occitana.org\/produit\/larriu-deu-denvers-tome-1-tomec\/\"><em>La Rivi\u00e8re \u00e0 l\u2019envers<\/em> tome 1<\/a>, Tomek nous entra\u00eenait dans son incroyable qu\u00eate : trouver la rivi\u00e8re Qjar et son eau qui emp\u00eache de mourir. Nous marchions avec lui sur les pas d\u2019Hannah. Cette fois-ci, c\u2019est Hannah elle-m\u00eame qui nous raconte son voyage sur la vertigineuse Route du Ciel, puis \u00e0 travers le d\u00e9sert. Son r\u00e9cit nous fait d\u00e9couvrir des contr\u00e9es nouvelles, mais on y retrouve aussi des paysages connus : la For\u00eat de l\u2019Oubli, la prairie, l\u2019oc\u00e9an&#8230;<\/p>\n","protected":false},"excerpt":{"rendered":"<p>Dans La Rivi\u00e8re \u00e0 l\u2019envers tome 1, Tomek nous entra\u00eenait dans son incroyable qu\u00eate : trouver la rivi\u00e8re Qjar et son eau qui emp\u00eache de mourir. Nous marchions avec lui sur les pas d\u2019Hannah. Cette fois-ci, c\u2019est Hannah elle-m\u00eame qui nous raconte son voyage sur la vertigineuse Route du Ciel, puis \u00e0 travers le d\u00e9sert. [&hellip;]<\/p>\n","protected":false},"featured_media":55956,"template":"","meta":{"_acf_changed":false,"_genesis_hide_title":false,"_genesis_hide_breadcrumbs":false,"_genesis_hide_singular_image":false,"_genesis_hide_footer_widgets":false,"_genesis_custom_body_class":"","_genesis_custom_post_class":"","_genesis_layout":""},"product_brand":[],"product_cat":[7132,7164,7166],"product_tag":[],"class_list":{"0":"post-56053","1":"product","2":"type-product","3":"status-publish","4":"has-post-thumbnail","6":"product_cat-books","7":"product_cat-juvenile-and-teen-comics-humour-en","8":"product_cat-teen-en","9":"pa_auteur-mourlevat-jean-claude-en","10":"pa_editeur-per-noste-en","11":"pa_illustrateur-labandes-claudia-en","12":"pa_langue-occitan-en","13":"pa_langue-occitan-gascon-en","14":"entry","16":"first","17":"outofstock","18":"shipping-taxable","19":"purchasable","20":"product-type-simple"},"acf":[],"_links":{"self":[{"href":"https:\/\/www.libraria-occitana.org\/en\/wp-json\/wp\/v2\/product\/56053","targetHints":{"allow":["GET"]}}],"collection":[{"href":"https:\/\/www.libraria-occitana.org\/en\/wp-json\/wp\/v2\/product"}],"about":[{"href":"https:\/\/www.libraria-occitana.org\/en\/wp-json\/wp\/v2\/types\/product"}],"wp:featuredmedia":[{"embeddable":true,"href":"https:\/\/www.libraria-occitana.org\/en\/wp-json\/wp\/v2\/media\/55956"}],"wp:attachment":[{"href":"https:\/\/www.libraria-occitana.org\/en\/wp-json\/wp\/v2\/media?parent=56053"}],"wp:term":[{"taxonomy":"product_brand","embeddable":true,"href":"https:\/\/www.libraria-occitana.org\/en\/wp-json\/wp\/v2\/product_brand?post=56053"},{"taxonomy":"product_cat","embeddable":true,"href":"https:\/\/www.libraria-occitana.org\/en\/wp-json\/wp\/v2\/product_cat?post=56053"},{"taxonomy":"product_tag","embeddable":true,"href":"https:\/\/www.libraria-occitana.org\/en\/wp-json\/wp\/v2\/product_tag?post=56053"}],"curies":[{"name":"wp","href":"https:\/\/api.w.org\/{rel}","templated":true}]}}