{"id":56057,"date":"2021-05-10T19:20:04","date_gmt":"2021-05-10T17:20:04","guid":{"rendered":"http:\/\/www.libraria-occitana.org\/?post_type=product&#038;p=56057"},"modified":"2026-04-18T23:16:13","modified_gmt":"2026-04-18T21:16:13","slug":"dus-dias-sonque","status":"publish","type":"product","link":"https:\/\/www.libraria-occitana.org\/en\/product\/dus-dias-sonque\/","title":{"rendered":"Dus dias sonque"},"content":{"rendered":"<p>\u00ab Je ne suis ici que depuis hier matin mais cela me para\u00eet une \u00e9ternit\u00e9 alors que \u00e7a ne repr\u00e9sente qu\u2019une infinit\u00e9simale fraction de temps, compar\u00e9 aux soixante-quatre ans de ma vie. \u00bb<\/p>\n<p>Une hospitalisation, un anniversaire, un orage\u2026 la vie est faite de ces petits moments qui s\u2019oublient tr\u00e8s vite ou qui marquent \u00e0 tout jamais.<\/p>\n<p>D\u2019accents graves en clins d\u2019\u0153il amus\u00e9s, entre r\u00e9alit\u00e9 et fiction, avec d\u00e9rision, tendresse, suspens et humour, ce recueil de nouvelles vous fera plonger dans l\u2019imaginaire luxuriant de l\u2019auteur.<\/p>\n","protected":false},"excerpt":{"rendered":"<p>\u00ab Je ne suis ici que depuis hier matin mais cela me para\u00eet une \u00e9ternit\u00e9 alors que \u00e7a ne repr\u00e9sente qu\u2019une infinit\u00e9simale fraction de temps, compar\u00e9 aux soixante-quatre ans de ma vie. \u00bb Une hospitalisation, un anniversaire, un orage\u2026 la vie est faite de ces petits moments qui s\u2019oublient tr\u00e8s vite ou qui marquent \u00e0 [&hellip;]<\/p>\n","protected":false},"featured_media":55980,"template":"","meta":{"_acf_changed":false,"_genesis_hide_title":false,"_genesis_hide_breadcrumbs":false,"_genesis_hide_singular_image":false,"_genesis_hide_footer_widgets":false,"_genesis_custom_body_class":"","_genesis_custom_post_class":"","_genesis_layout":""},"product_brand":[],"product_cat":[7132,7174,7182],"product_tag":[],"class_list":{"0":"post-56057","1":"product","2":"type-product","3":"status-publish","4":"has-post-thumbnail","6":"product_cat-books","7":"product_cat-literature-en","8":"product_cat-novels-short-stories-en","9":"pa_auteur-dordeins-joan-miqueu-en","10":"pa_editeur-per-noste-en","11":"pa_langue-occitan-gascon-en","12":"pa_langue-occitan-francais-en","13":"entry","15":"first","16":"outofstock","17":"shipping-taxable","18":"purchasable","19":"product-type-simple"},"acf":[],"_links":{"self":[{"href":"https:\/\/www.libraria-occitana.org\/en\/wp-json\/wp\/v2\/product\/56057","targetHints":{"allow":["GET"]}}],"collection":[{"href":"https:\/\/www.libraria-occitana.org\/en\/wp-json\/wp\/v2\/product"}],"about":[{"href":"https:\/\/www.libraria-occitana.org\/en\/wp-json\/wp\/v2\/types\/product"}],"wp:featuredmedia":[{"embeddable":true,"href":"https:\/\/www.libraria-occitana.org\/en\/wp-json\/wp\/v2\/media\/55980"}],"wp:attachment":[{"href":"https:\/\/www.libraria-occitana.org\/en\/wp-json\/wp\/v2\/media?parent=56057"}],"wp:term":[{"taxonomy":"product_brand","embeddable":true,"href":"https:\/\/www.libraria-occitana.org\/en\/wp-json\/wp\/v2\/product_brand?post=56057"},{"taxonomy":"product_cat","embeddable":true,"href":"https:\/\/www.libraria-occitana.org\/en\/wp-json\/wp\/v2\/product_cat?post=56057"},{"taxonomy":"product_tag","embeddable":true,"href":"https:\/\/www.libraria-occitana.org\/en\/wp-json\/wp\/v2\/product_tag?post=56057"}],"curies":[{"name":"wp","href":"https:\/\/api.w.org\/{rel}","templated":true}]}}