{"id":56060,"date":"2011-03-10T19:31:35","date_gmt":"2011-03-10T18:31:35","guid":{"rendered":"http:\/\/www.libraria-occitana.org\/?post_type=product&#038;p=56060"},"modified":"2024-07-05T00:12:22","modified_gmt":"2024-07-04T22:12:22","slug":"de-manta-e-de-mordics-1-lo-secret-deu-janissari","status":"publish","type":"product","link":"https:\/\/www.libraria-occitana.org\/en\/product\/de-manta-e-de-mordics-1-lo-secret-deu-janissari\/","title":{"rendered":"De Manta e de Mordics : 1. Lo secret deu janissari"},"content":{"rendered":"<p>Il s&#8217;agit de la traduction du premier tome de la c\u00e9l\u00e8bre bande dessin\u00e9e de Ayroles e Masbou <em>De cape et de crocs<\/em>.<\/p>\n<p>\u00c0 bord d&#8217;un vaisseau turc, un coffre. Dans le coffre, un \u00e9crin, dans l&#8217;\u00e9crin, une bouteille, dans la bouteille, une carte, et sur cette carte\u2026 l&#8217;emplacement du fabuleux tr\u00e9sor des \u00eeles Tangerines !\u2026 Il n&#8217;en faut pas plus \u00e0 deux fiers gentilhommes, fins bretteurs, batailleurs et rimailleurs pour se jeter dans une aventure qui, de ge\u00f4les en gal\u00e8res, les m\u00e8nera jusqu&#8217;aux confins du monde.<\/p>\n<p><a href=\"http:\/\/www.libraria-occitana.org\/produit\/de-manta-e-de-mordics-2-pabalhon-negre\/\"><em>De Manta e de Mordics : 2. Pabalhon negre !<\/em><\/a><\/p>\n","protected":false},"excerpt":{"rendered":"<p>Il s&#8217;agit de la traduction du premier tome de la c\u00e9l\u00e8bre bande dessin\u00e9e de Ayroles e Masbou De cape et de crocs. \u00c0 bord d&#8217;un vaisseau turc, un coffre. Dans le coffre, un \u00e9crin, dans l&#8217;\u00e9crin, une bouteille, dans la bouteille, une carte, et sur cette carte\u2026 l&#8217;emplacement du fabuleux tr\u00e9sor des \u00eeles Tangerines !\u2026 [&hellip;]<\/p>\n","protected":false},"featured_media":56013,"template":"","meta":{"_acf_changed":false,"_genesis_hide_title":false,"_genesis_hide_breadcrumbs":false,"_genesis_hide_singular_image":false,"_genesis_hide_footer_widgets":false,"_genesis_custom_body_class":"","_genesis_custom_post_class":"","_genesis_layout":""},"product_brand":[],"product_cat":[7168,7164],"product_tag":[],"class_list":{"0":"post-56060","1":"product","2":"type-product","3":"status-publish","4":"has-post-thumbnail","6":"product_cat-comics-en","7":"product_cat-juvenile-and-teen-comics-humour-en","8":"pa_auteur-ayroles-alain-en","9":"pa_auteur-masbou-jean-luc-en","10":"pa_editeur-per-noste-en","11":"pa_illustrateur-gaubert-jean-yves-en","12":"pa_langue-occitan-en","13":"pa_langue-occitan-gascon-en","14":"entry","16":"first","17":"outofstock","18":"shipping-taxable","19":"purchasable","20":"product-type-simple"},"acf":[],"_links":{"self":[{"href":"https:\/\/www.libraria-occitana.org\/en\/wp-json\/wp\/v2\/product\/56060","targetHints":{"allow":["GET"]}}],"collection":[{"href":"https:\/\/www.libraria-occitana.org\/en\/wp-json\/wp\/v2\/product"}],"about":[{"href":"https:\/\/www.libraria-occitana.org\/en\/wp-json\/wp\/v2\/types\/product"}],"wp:featuredmedia":[{"embeddable":true,"href":"https:\/\/www.libraria-occitana.org\/en\/wp-json\/wp\/v2\/media\/56013"}],"wp:attachment":[{"href":"https:\/\/www.libraria-occitana.org\/en\/wp-json\/wp\/v2\/media?parent=56060"}],"wp:term":[{"taxonomy":"product_brand","embeddable":true,"href":"https:\/\/www.libraria-occitana.org\/en\/wp-json\/wp\/v2\/product_brand?post=56060"},{"taxonomy":"product_cat","embeddable":true,"href":"https:\/\/www.libraria-occitana.org\/en\/wp-json\/wp\/v2\/product_cat?post=56060"},{"taxonomy":"product_tag","embeddable":true,"href":"https:\/\/www.libraria-occitana.org\/en\/wp-json\/wp\/v2\/product_tag?post=56060"}],"curies":[{"name":"wp","href":"https:\/\/api.w.org\/{rel}","templated":true}]}}