{"id":56063,"date":"2015-04-10T19:42:10","date_gmt":"2015-04-10T17:42:10","guid":{"rendered":"http:\/\/www.libraria-occitana.org\/?post_type=product&#038;p=56063"},"modified":"2026-04-16T22:46:52","modified_gmt":"2026-04-16T20:46:52","slug":"de-manta-e-de-mordics-2-pabalhon-negre","status":"publish","type":"product","link":"https:\/\/www.libraria-occitana.org\/en\/product\/de-manta-e-de-mordics-2-pabalhon-negre\/","title":{"rendered":"De Manta e de Mordics : 2. Pabalhon negre !"},"content":{"rendered":"<p>Gentilhomme, hidalgo, corsaire barbaresque et lapin font voile vers les \u00eeles Tangerines et leur tr\u00e9sor. Mais avant d&#8217;atteindre le mythique archipel battu par les temp\u00eates, o\u00f9 rode l&#8217;ombre des vaisseaux engloutis et des monstres marins, nos hardis compagnons devront affronter un nouvel adversaire, joyeux certes, mais cruel : les pirates !<\/p>\n<p><a href=\"http:\/\/www.libraria-occitana.org\/produit\/de-manta-e-de-mordics-1-lo-secret-deu-janissari\/\"><em>De Manta e de Mordics : 1. Lo secret deu janissari<\/em><\/a><\/p>\n<p>&nbsp;<\/p>\n","protected":false},"excerpt":{"rendered":"<p>Gentilhomme, hidalgo, corsaire barbaresque et lapin font voile vers les \u00eeles Tangerines et leur tr\u00e9sor. Mais avant d&#8217;atteindre le mythique archipel battu par les temp\u00eates, o\u00f9 rode l&#8217;ombre des vaisseaux engloutis et des monstres marins, nos hardis compagnons devront affronter un nouvel adversaire, joyeux certes, mais cruel : les pirates ! De Manta e de [&hellip;]<\/p>\n","protected":false},"featured_media":56016,"template":"","meta":{"_acf_changed":false,"_genesis_hide_title":false,"_genesis_hide_breadcrumbs":false,"_genesis_hide_singular_image":false,"_genesis_hide_footer_widgets":false,"_genesis_custom_body_class":"","_genesis_custom_post_class":"","_genesis_layout":""},"product_brand":[],"product_cat":[7168,7164],"product_tag":[],"class_list":{"0":"post-56063","1":"product","2":"type-product","3":"status-publish","4":"has-post-thumbnail","6":"product_cat-comics-en","7":"product_cat-juvenile-and-teen-comics-humour-en","8":"pa_auteur-ayroles-alain-en","9":"pa_auteur-masbou-jean-luc-en","10":"pa_editeur-per-noste-en","11":"pa_illustrateur-gaubert-jean-yves-en","12":"pa_langue-occitan-en","13":"pa_langue-occitan-gascon-en","14":"entry","16":"first","17":"outofstock","18":"shipping-taxable","19":"purchasable","20":"product-type-simple"},"acf":[],"_links":{"self":[{"href":"https:\/\/www.libraria-occitana.org\/en\/wp-json\/wp\/v2\/product\/56063","targetHints":{"allow":["GET"]}}],"collection":[{"href":"https:\/\/www.libraria-occitana.org\/en\/wp-json\/wp\/v2\/product"}],"about":[{"href":"https:\/\/www.libraria-occitana.org\/en\/wp-json\/wp\/v2\/types\/product"}],"wp:featuredmedia":[{"embeddable":true,"href":"https:\/\/www.libraria-occitana.org\/en\/wp-json\/wp\/v2\/media\/56016"}],"wp:attachment":[{"href":"https:\/\/www.libraria-occitana.org\/en\/wp-json\/wp\/v2\/media?parent=56063"}],"wp:term":[{"taxonomy":"product_brand","embeddable":true,"href":"https:\/\/www.libraria-occitana.org\/en\/wp-json\/wp\/v2\/product_brand?post=56063"},{"taxonomy":"product_cat","embeddable":true,"href":"https:\/\/www.libraria-occitana.org\/en\/wp-json\/wp\/v2\/product_cat?post=56063"},{"taxonomy":"product_tag","embeddable":true,"href":"https:\/\/www.libraria-occitana.org\/en\/wp-json\/wp\/v2\/product_tag?post=56063"}],"curies":[{"name":"wp","href":"https:\/\/api.w.org\/{rel}","templated":true}]}}