{"id":56086,"date":"2022-03-11T12:51:26","date_gmt":"2022-03-11T11:51:26","guid":{"rendered":"http:\/\/www.libraria-occitana.org\/product\/instruments-de-musique-dans-les-landes-de-gascogne-heritage-insolite\/"},"modified":"2026-04-29T01:31:47","modified_gmt":"2026-04-28T23:31:47","slug":"instruments-de-musique-dans-les-landes-de-gascogne-heritage-insolite","status":"publish","type":"product","link":"https:\/\/www.libraria-occitana.org\/en\/product\/instruments-de-musique-dans-les-landes-de-gascogne-heritage-insolite\/","title":{"rendered":"Instruments de musique dans les Landes de Gascogne : H\u00e9ritage insolite"},"content":{"rendered":"<p>Un livre pour les amoureux des Landes et de leurs traditions, le plaisir de d\u00e9couvrir l&#8217;histoire insolite des instruments de musique jou\u00e9s ici, de leurs origines \u00e0 nos jours. C&#8217;est ouvrage est aussi une qu\u00eate de m\u00e9moire et une mine d&#8217;informations sur les musiques traditionnelles de Landes et de Gascogne.<\/p>\n","protected":false},"excerpt":{"rendered":"<p>Un livre pour les amoureux des Landes et de leurs traditions, le plaisir de d\u00e9couvrir l&#8217;histoire insolite des instruments de musique jou\u00e9s ici, de leurs origines \u00e0 nos jours. C&#8217;est ouvrage est aussi une qu\u00eate de m\u00e9moire et une mine d&#8217;informations sur les musiques traditionnelles de Landes et de Gascogne.<\/p>\n","protected":false},"featured_media":56084,"template":"","meta":{"_acf_changed":false,"_genesis_hide_title":false,"_genesis_hide_breadcrumbs":false,"_genesis_hide_singular_image":false,"_genesis_hide_footer_widgets":false,"_genesis_custom_body_class":"","_genesis_custom_post_class":"","_genesis_layout":""},"product_brand":[],"product_cat":[7132,7194,7190],"product_tag":[],"class_list":{"0":"post-56086","1":"product","2":"type-product","3":"status-publish","4":"has-post-thumbnail","6":"product_cat-books","7":"product_cat-studies-en","8":"product_cat-music-dances-en","9":"pa_auteur-cozian-yan-en","10":"pa_editeur-en-companhia-en","11":"pa_langue-francais-en","12":"entry","14":"first","15":"outofstock","16":"shipping-taxable","17":"purchasable","18":"product-type-simple"},"acf":[],"_links":{"self":[{"href":"https:\/\/www.libraria-occitana.org\/en\/wp-json\/wp\/v2\/product\/56086","targetHints":{"allow":["GET"]}}],"collection":[{"href":"https:\/\/www.libraria-occitana.org\/en\/wp-json\/wp\/v2\/product"}],"about":[{"href":"https:\/\/www.libraria-occitana.org\/en\/wp-json\/wp\/v2\/types\/product"}],"wp:featuredmedia":[{"embeddable":true,"href":"https:\/\/www.libraria-occitana.org\/en\/wp-json\/wp\/v2\/media\/56084"}],"wp:attachment":[{"href":"https:\/\/www.libraria-occitana.org\/en\/wp-json\/wp\/v2\/media?parent=56086"}],"wp:term":[{"taxonomy":"product_brand","embeddable":true,"href":"https:\/\/www.libraria-occitana.org\/en\/wp-json\/wp\/v2\/product_brand?post=56086"},{"taxonomy":"product_cat","embeddable":true,"href":"https:\/\/www.libraria-occitana.org\/en\/wp-json\/wp\/v2\/product_cat?post=56086"},{"taxonomy":"product_tag","embeddable":true,"href":"https:\/\/www.libraria-occitana.org\/en\/wp-json\/wp\/v2\/product_tag?post=56086"}],"curies":[{"name":"wp","href":"https:\/\/api.w.org\/{rel}","templated":true}]}}