{"id":56094,"date":"2022-03-11T18:38:42","date_gmt":"2022-03-11T17:38:42","guid":{"rendered":"http:\/\/www.libraria-occitana.org\/?post_type=product&#038;p=56094"},"modified":"2026-04-29T10:10:36","modified_gmt":"2026-04-29T08:10:36","slug":"il-fallait-etre-fou","status":"publish","type":"product","link":"https:\/\/www.libraria-occitana.org\/en\/product\/il-fallait-etre-fou\/","title":{"rendered":"Il fallait \u00eatre fou"},"content":{"rendered":"<p>\u00ab Enfin le panneau annonciateur du terme du voyage perce le rideau d&#8217;eau. Une place d\u00e9serte avec, au fond, un b\u00e2timent qui ne peut \u00eatre qu&#8217;une salle des f\u00eates. Je m&#8217;y engouffre. C&#8217;est l\u00e0. Sur la sc\u00e8ne un homme parle&#8230; \u00bb. Andr\u00e9 Neyton vient de d\u00e9couvrir un univers inconnu de lui, absent des livres d&#8217;histoire&#8230; D\u00e8s lors, il fera de son th\u00e9\u00e2tre \u2013 sans que jamais celui-ci ne soit un pr\u00e9texte \u2013 un long combat pour la renaissance de la langue et de la culture d&#8217;oc. Il raconte ici ses espoirs encourag\u00e9s par un public fid\u00e8le, ses abattements \u00e0 chaque mauvais coup port\u00e9, l&#8217;indiff\u00e9rence ou les r\u00e9sistances \u00e0 son ind\u00e9fectible t\u00e9nacit\u00e9. Un parcours singulier, dans un milieu culturel souvent m\u00e9prisant voire hostile. Un t\u00e9moignage sans concession, \u00e0 rebondissements, qui se lit comme un roman.<\/p>\n","protected":false},"excerpt":{"rendered":"<p>\u00ab Enfin le panneau annonciateur du terme du voyage perce le rideau d&#8217;eau. Une place d\u00e9serte avec, au fond, un b\u00e2timent qui ne peut \u00eatre qu&#8217;une salle des f\u00eates. Je m&#8217;y engouffre. C&#8217;est l\u00e0. Sur la sc\u00e8ne un homme parle&#8230; \u00bb. Andr\u00e9 Neyton vient de d\u00e9couvrir un univers inconnu de lui, absent des livres d&#8217;histoire&#8230; [&hellip;]<\/p>\n","protected":false},"featured_media":56097,"template":"","meta":{"_acf_changed":false,"_genesis_hide_title":false,"_genesis_hide_breadcrumbs":false,"_genesis_hide_singular_image":false,"_genesis_hide_footer_widgets":false,"_genesis_custom_body_class":"","_genesis_custom_post_class":"","_genesis_layout":""},"product_brand":[],"product_cat":[7132,7174,7186],"product_tag":[],"class_list":{"0":"post-56094","1":"product","2":"type-product","3":"status-publish","4":"has-post-thumbnail","6":"product_cat-books","7":"product_cat-literature-en","8":"product_cat-personal-narratives-memoirs-en","9":"pa_auteur-neyton-andre-en","10":"pa_editeur-les-cahiers-de-legare-en","11":"pa_langue-francais-en","12":"entry","14":"first","15":"instock","16":"shipping-taxable","17":"purchasable","18":"product-type-simple"},"acf":[],"_links":{"self":[{"href":"https:\/\/www.libraria-occitana.org\/en\/wp-json\/wp\/v2\/product\/56094","targetHints":{"allow":["GET"]}}],"collection":[{"href":"https:\/\/www.libraria-occitana.org\/en\/wp-json\/wp\/v2\/product"}],"about":[{"href":"https:\/\/www.libraria-occitana.org\/en\/wp-json\/wp\/v2\/types\/product"}],"wp:featuredmedia":[{"embeddable":true,"href":"https:\/\/www.libraria-occitana.org\/en\/wp-json\/wp\/v2\/media\/56097"}],"wp:attachment":[{"href":"https:\/\/www.libraria-occitana.org\/en\/wp-json\/wp\/v2\/media?parent=56094"}],"wp:term":[{"taxonomy":"product_brand","embeddable":true,"href":"https:\/\/www.libraria-occitana.org\/en\/wp-json\/wp\/v2\/product_brand?post=56094"},{"taxonomy":"product_cat","embeddable":true,"href":"https:\/\/www.libraria-occitana.org\/en\/wp-json\/wp\/v2\/product_cat?post=56094"},{"taxonomy":"product_tag","embeddable":true,"href":"https:\/\/www.libraria-occitana.org\/en\/wp-json\/wp\/v2\/product_tag?post=56094"}],"curies":[{"name":"wp","href":"https:\/\/api.w.org\/{rel}","templated":true}]}}