{"id":56112,"date":"2022-03-14T11:57:11","date_gmt":"2022-03-14T10:57:11","guid":{"rendered":"http:\/\/www.libraria-occitana.org\/?post_type=product&#038;p=56112"},"modified":"2026-04-16T00:51:53","modified_gmt":"2026-04-15T22:51:53","slug":"petite-histoire-de-la-guerre-de-cent-ans-dans-le-sud-ouest","status":"publish","type":"product","link":"https:\/\/www.libraria-occitana.org\/en\/product\/petite-histoire-de-la-guerre-de-cent-ans-dans-le-sud-ouest\/","title":{"rendered":"Petite Histoire de La guerre de Cent Ans dans le Sud-Ouest"},"content":{"rendered":"<p>Une petite histoire passionnante pour d\u00e9couvrir la fameuse Guerre de Cent ans dans le Sud-Ouest : les batailles, les grands acteurs, les incidences et les changements caus\u00e9s par ce conflit historique. Un texte synth\u00e9tique et accessible \u00e0 tous pour aborder une guerre aux tr\u00e8s nombreuses phases et cons\u00e9quences. Un ouvrage de l&#8217;historien Fran\u00e7ois Couderc.<\/p>\n","protected":false},"excerpt":{"rendered":"<p>Une petite histoire passionnante pour d\u00e9couvrir la fameuse Guerre de Cent ans dans le Sud-Ouest : les batailles, les grands acteurs, les incidences et les changements caus\u00e9s par ce conflit historique. Un texte synth\u00e9tique et accessible \u00e0 tous pour aborder une guerre aux tr\u00e8s nombreuses phases et cons\u00e9quences. Un ouvrage de l&#8217;historien Fran\u00e7ois Couderc.<\/p>\n","protected":false},"featured_media":56081,"template":"","meta":{"_acf_changed":false,"_genesis_hide_title":false,"_genesis_hide_breadcrumbs":false,"_genesis_hide_singular_image":false,"_genesis_hide_footer_widgets":false,"_genesis_custom_body_class":"","_genesis_custom_post_class":"","_genesis_layout":""},"product_brand":[],"product_cat":[7132,7148,7160,7158],"product_tag":[],"class_list":{"0":"post-56112","1":"product","2":"type-product","3":"status-publish","4":"has-post-thumbnail","6":"product_cat-books","7":"product_cat-history-geography-en","8":"product_cat-medieval-history-en","9":"product_cat-modern-and-contemporary-history-en","10":"pa_auteur-couderc-francois-en","11":"pa_editeur-cairn-en","12":"pa_langue-francais-en","13":"entry","15":"first","16":"instock","17":"shipping-taxable","18":"purchasable","19":"product-type-simple"},"acf":[],"_links":{"self":[{"href":"https:\/\/www.libraria-occitana.org\/en\/wp-json\/wp\/v2\/product\/56112","targetHints":{"allow":["GET"]}}],"collection":[{"href":"https:\/\/www.libraria-occitana.org\/en\/wp-json\/wp\/v2\/product"}],"about":[{"href":"https:\/\/www.libraria-occitana.org\/en\/wp-json\/wp\/v2\/types\/product"}],"wp:featuredmedia":[{"embeddable":true,"href":"https:\/\/www.libraria-occitana.org\/en\/wp-json\/wp\/v2\/media\/56081"}],"wp:attachment":[{"href":"https:\/\/www.libraria-occitana.org\/en\/wp-json\/wp\/v2\/media?parent=56112"}],"wp:term":[{"taxonomy":"product_brand","embeddable":true,"href":"https:\/\/www.libraria-occitana.org\/en\/wp-json\/wp\/v2\/product_brand?post=56112"},{"taxonomy":"product_cat","embeddable":true,"href":"https:\/\/www.libraria-occitana.org\/en\/wp-json\/wp\/v2\/product_cat?post=56112"},{"taxonomy":"product_tag","embeddable":true,"href":"https:\/\/www.libraria-occitana.org\/en\/wp-json\/wp\/v2\/product_tag?post=56112"}],"curies":[{"name":"wp","href":"https:\/\/api.w.org\/{rel}","templated":true}]}}