{"id":56129,"date":"2018-04-14T18:02:31","date_gmt":"2018-04-14T16:02:31","guid":{"rendered":"http:\/\/www.libraria-occitana.org\/?post_type=product&#038;p=56129"},"modified":"2026-04-21T02:26:37","modified_gmt":"2026-04-21T00:26:37","slug":"aubres-arbres","status":"publish","type":"product","link":"https:\/\/www.libraria-occitana.org\/en\/product\/aubres-arbres\/","title":{"rendered":"Aubres &#8211; Arbres"},"content":{"rendered":"<p>Ces arbres, Silvan Chabaud les a rencontr\u00e9s et d\u00e9couverts, chacun dans son identit\u00e9 propre et son caract\u00e8re accompli d&#8217;individu et d&#8217;esp\u00e8ce. C&#8217;est l\u00e0, la m\u00e9thode et la richesse de ce recueil, aussi bien que de la pens\u00e9e chamanique (qu&#8217;elle soit d&#8217;Asie, d&#8217;Am\u00e9rique latine, ou qu&#8217;elle participe de la cr\u00e9ation po\u00e9tique de l&#8217;Occident) : cette richesse vient de la coexistence, de l&#8217;unit\u00e9 fonctionnelle, entre d&#8217;une part le regard pr\u00e9cis, la connaissance vraie, le savoir d&#8217;exp\u00e9rience (chaque arbre est exact, est une \u00ab personne \u00bb), et d&#8217;autre part la vision qui explore, les connotations, les r\u00e9miniscences, tout ce qui conduit \u00e0 ce que Van Gogh \u00e9crivait du cr\u00e9ateur dans l&#8217;art du Zen : <em>Si l&#8217;on \u00e9tudie l&#8217;art japonais, on voit un homme incontestablement sage et philosophe (&#8230;) qui \u00e9tudie un seul brin d&#8217;herbe. Mais ce brin d&#8217;herbe le porte \u00e0 dessiner toutes les plantes, les saisons, les grands aspects des paysages, enfin les animaux, puis la figure humaine&#8230;<\/em> La vie est seulement trop courte \u00e0 faire le tout (Lettre de Saint-R\u00e9my \u00e0 son fr\u00e8re Th\u00e9o).<br \/>\n\u00c0 travers une densit\u00e9 d&#8217;\u00e9criture qui justement se relie \u00e0 l&#8217;esprit du Zen, ces Arbres pionniers nous ouvrent des chemins qui ne cesseront plus de cheminer.<\/p>\n<p style=\"text-align: right;\">Roland P\u00e9cout<\/p>\n","protected":false},"excerpt":{"rendered":"<p>Ces arbres, Silvan Chabaud les a rencontr\u00e9s et d\u00e9couverts, chacun dans son identit\u00e9 propre et son caract\u00e8re accompli d&#8217;individu et d&#8217;esp\u00e8ce. C&#8217;est l\u00e0, la m\u00e9thode et la richesse de ce recueil, aussi bien que de la pens\u00e9e chamanique (qu&#8217;elle soit d&#8217;Asie, d&#8217;Am\u00e9rique latine, ou qu&#8217;elle participe de la cr\u00e9ation po\u00e9tique de l&#8217;Occident) : cette richesse [&hellip;]<\/p>\n","protected":false},"featured_media":56132,"template":"","meta":{"_acf_changed":false,"_genesis_hide_title":false,"_genesis_hide_breadcrumbs":false,"_genesis_hide_singular_image":false,"_genesis_hide_footer_widgets":false,"_genesis_custom_body_class":"","_genesis_custom_post_class":"","_genesis_layout":""},"product_brand":[],"product_cat":[7132,7174,7180],"product_tag":[],"class_list":{"0":"post-56129","1":"product","2":"type-product","3":"status-publish","4":"has-post-thumbnail","6":"product_cat-books","7":"product_cat-literature-en","8":"product_cat-poetry-en","9":"pa_auteur-chabaud-silvan-chabaud-sylvan-en","10":"pa_editeur-troba-vox-en","11":"pa_illustrateur-chabaud-joan-en","12":"pa_langue-occitan-provencau-en","13":"pa_langue-occitan-francais-en","14":"entry","16":"first","17":"instock","18":"shipping-taxable","19":"purchasable","20":"product-type-simple"},"acf":[],"_links":{"self":[{"href":"https:\/\/www.libraria-occitana.org\/en\/wp-json\/wp\/v2\/product\/56129","targetHints":{"allow":["GET"]}}],"collection":[{"href":"https:\/\/www.libraria-occitana.org\/en\/wp-json\/wp\/v2\/product"}],"about":[{"href":"https:\/\/www.libraria-occitana.org\/en\/wp-json\/wp\/v2\/types\/product"}],"wp:featuredmedia":[{"embeddable":true,"href":"https:\/\/www.libraria-occitana.org\/en\/wp-json\/wp\/v2\/media\/56132"}],"wp:attachment":[{"href":"https:\/\/www.libraria-occitana.org\/en\/wp-json\/wp\/v2\/media?parent=56129"}],"wp:term":[{"taxonomy":"product_brand","embeddable":true,"href":"https:\/\/www.libraria-occitana.org\/en\/wp-json\/wp\/v2\/product_brand?post=56129"},{"taxonomy":"product_cat","embeddable":true,"href":"https:\/\/www.libraria-occitana.org\/en\/wp-json\/wp\/v2\/product_cat?post=56129"},{"taxonomy":"product_tag","embeddable":true,"href":"https:\/\/www.libraria-occitana.org\/en\/wp-json\/wp\/v2\/product_tag?post=56129"}],"curies":[{"name":"wp","href":"https:\/\/api.w.org\/{rel}","templated":true}]}}