{"id":56146,"date":"2022-03-16T12:24:41","date_gmt":"2022-03-16T11:24:41","guid":{"rendered":"http:\/\/www.libraria-occitana.org\/product\/bohada\/"},"modified":"2026-04-26T02:56:35","modified_gmt":"2026-04-26T00:56:35","slug":"bohada","status":"publish","type":"product","link":"https:\/\/www.libraria-occitana.org\/en\/product\/bohada\/","title":{"rendered":"Bohada"},"content":{"rendered":"<p><strong>Arnaud Bibonne :<\/strong> Boha, bohassa, kaba gaida, pieds, chant<br \/>\n<strong>Maider Martineau :<\/strong> Trikitixa, accord\u00e9on chromatique, alboka, carem\u00e8re, pandero, pandero cuadrado, podorythmie, mandes, chant<\/p>\n<p><strong>Invit\u00e9.e.s :<\/strong> Vianney Desplantes : Euphonium (9), Beno\u00eet Roblin : Vielle \u00e0 roue (14), Julien Marques : Moog (16), Lolita Delmonteil Ayral : Chant (17)<\/p>\n<p>La musique d&#8217;Adar, ce sont des allers-retours entre musiques basques et de Gascogne, avec de nombreux instruments.<\/p>\n<p><iframe loading=\"lazy\" title=\"YouTube video player\" src=\"https:\/\/www.youtube.com\/embed\/9qXsganX8HA\" width=\"560\" height=\"315\" frameborder=\"0\" allowfullscreen=\"allowfullscreen\"><\/iframe><\/p>\n<p><strong>Titres :<\/strong><br \/>\n1. Zautziak (M. Martineau) 3&#8217;31<br \/>\n2. Mazurka \u00e0 Rapha\u00ebl (M. Martineau) 4&#8217;11<br \/>\n3. Suite de chapeloises &#8211; Bordeaux-Bari \/ Mick the horse (A. Bibonne) 2&#8217;27<br \/>\n4. Fandango &#8211; Gona Gorria (trad.) 2&#8217;07<br \/>\n5. Arin arin &#8211; Bikoitza (trad.) 1&#8217;38<br \/>\n6. Valse &#8211; Can\u00e7on d&#8217;autes c\u00f2ps (Didier Deblonde \/ Proverbes de la Grande-Lande de F\u00e9lix Arnaudin) 3&#8217;55<br \/>\n7. Suite de rondeaux des Ents (A. Bibonne) 3&#8217;16<br \/>\n8. Suite de cong\u00f2s d&#8217;Irigoinia (A. Bibonne) 2&#8217;31<br \/>\n9. Scottish \u00e0 Brunet (A. Bibonne) 3&#8217;46<br \/>\n10. Bourr\u00e9e \u00e0 trois temps &#8211; Goldatua (M. Martineau) 2&#8217;37<br \/>\n11. Ronde du Quercy &#8211; Neuf jeunes enfants (A. Bibonne) 2&#8217;48<br \/>\n12. Saut &#8211; Gau ainerak (trad.) 4&#8217;00<br \/>\n13. Rondeau &#8211; Au jardin de mon p\u00e8re (Gilles Vigneault) 4&#8217;17<br \/>\n14. Bourr\u00e9e \u00e0 trois temps &#8211; Les terres neuves (Beno\u00eet Roblin) 4&#8217;18<br \/>\n15. Scottish YT (A. Bibonne) 4&#8217;12<br \/>\n16. East wind (A. Bibonne) 5&#8217;28<br \/>\n17. Nesken Zkotix (M. Martineau \/ Lolita Delmonteil Ayral) 3&#8217;32<\/p>\n","protected":false},"excerpt":{"rendered":"<p>Arnaud Bibonne : Boha, bohassa, kaba gaida, pieds, chant Maider Martineau : Trikitixa, accord\u00e9on chromatique, alboka, carem\u00e8re, pandero, pandero cuadrado, podorythmie, mandes, chant Invit\u00e9.e.s : Vianney Desplantes : Euphonium (9), Beno\u00eet Roblin : Vielle \u00e0 roue (14), Julien Marques : Moog (16), Lolita Delmonteil Ayral : Chant (17) La musique d&#8217;Adar, ce sont des allers-retours [&hellip;]<\/p>\n","protected":false},"featured_media":56149,"template":"","meta":{"_acf_changed":false,"_genesis_hide_title":false,"_genesis_hide_breadcrumbs":false,"_genesis_hide_singular_image":false,"_genesis_hide_footer_widgets":false,"_genesis_custom_body_class":"","_genesis_custom_post_class":"","_genesis_layout":""},"product_brand":[],"product_cat":[7228,7216],"product_tag":[],"class_list":{"0":"post-56146","1":"product","2":"type-product","3":"status-publish","4":"has-post-thumbnail","6":"product_cat-modern-folk-en","7":"product_cat-music-en","8":"pa_auteur-adar-en","9":"pa_editeur-adar-1-en","10":"pa_langue-autras-lingas-en","11":"pa_langue-francais-en","12":"pa_langue-occitan-en","13":"pa_langue-occitan-gascon-en","14":"entry","16":"first","17":"instock","18":"shipping-taxable","19":"purchasable","20":"product-type-simple"},"acf":[],"_links":{"self":[{"href":"https:\/\/www.libraria-occitana.org\/en\/wp-json\/wp\/v2\/product\/56146","targetHints":{"allow":["GET"]}}],"collection":[{"href":"https:\/\/www.libraria-occitana.org\/en\/wp-json\/wp\/v2\/product"}],"about":[{"href":"https:\/\/www.libraria-occitana.org\/en\/wp-json\/wp\/v2\/types\/product"}],"wp:featuredmedia":[{"embeddable":true,"href":"https:\/\/www.libraria-occitana.org\/en\/wp-json\/wp\/v2\/media\/56149"}],"wp:attachment":[{"href":"https:\/\/www.libraria-occitana.org\/en\/wp-json\/wp\/v2\/media?parent=56146"}],"wp:term":[{"taxonomy":"product_brand","embeddable":true,"href":"https:\/\/www.libraria-occitana.org\/en\/wp-json\/wp\/v2\/product_brand?post=56146"},{"taxonomy":"product_cat","embeddable":true,"href":"https:\/\/www.libraria-occitana.org\/en\/wp-json\/wp\/v2\/product_cat?post=56146"},{"taxonomy":"product_tag","embeddable":true,"href":"https:\/\/www.libraria-occitana.org\/en\/wp-json\/wp\/v2\/product_tag?post=56146"}],"curies":[{"name":"wp","href":"https:\/\/api.w.org\/{rel}","templated":true}]}}