{"id":56247,"date":"2021-04-06T15:41:50","date_gmt":"2021-04-06T13:41:50","guid":{"rendered":"http:\/\/www.libraria-occitana.org\/?post_type=product&#038;p=56247"},"modified":"2026-04-29T10:24:18","modified_gmt":"2026-04-29T08:24:18","slug":"camille-faure-et-les-siens-du-batiment-aux-emaux-art-deco","status":"publish","type":"product","link":"https:\/\/www.libraria-occitana.org\/en\/product\/camille-faure-et-les-siens-du-batiment-aux-emaux-art-deco\/","title":{"rendered":"Camille Faur\u00e9 et les siens : Du b\u00e2timent aux \u00e9maux art d\u00e9co"},"content":{"rendered":"<p>Un sie\u0300cle de la vie d\u2019une famille de peintres en ba\u0302timents, dont est issu Camille Faur\u00e9, cre\u0301ateur a\u0300 Limoges d\u2019un atelier d\u2019e\u0301maux sur cuivre Art de\u0301co hors du commun.<\/p>\n<p>Une saga conte\u0301e avec verve, qui fait sortir de l\u2019ombre un peuple artisan trop souvent oublie\u0301 des historiens. Un monde en soi, une vie familiale aux allures de tribu, des hommes a\u0300 compe\u0301tences qui tentent de se faire une place au soleil, au c\u0153ur des villes de la Belle E\u0301poque.<\/p>\n<p>De Toulouse a\u0300 Limoges, en passant par Pe\u0301rigueux, l\u2019auteur nous fait de\u0301couvrir une France en mouvement, bouleverse\u0301e par le chemin de fer et le Progre\u0300s.<\/p>\n<p>L\u2019ouvrage, qui se lit comme un roman, pre\u0301sente aussi des documents rares et jamais publie\u0301s sur la vie et l\u2019\u0153uvre de Camille Faure\u0301.<\/p>\n","protected":false},"excerpt":{"rendered":"<p>Un sie\u0300cle de la vie d\u2019une famille de peintres en ba\u0302timents, dont est issu Camille Faur\u00e9, cre\u0301ateur a\u0300 Limoges d\u2019un atelier d\u2019e\u0301maux sur cuivre Art de\u0301co hors du commun. Une saga conte\u0301e avec verve, qui fait sortir de l\u2019ombre un peuple artisan trop souvent oublie\u0301 des historiens. Un monde en soi, une vie familiale aux [&hellip;]<\/p>\n","protected":false},"featured_media":56250,"template":"","meta":{"_acf_changed":false,"_genesis_hide_title":false,"_genesis_hide_breadcrumbs":false,"_genesis_hide_singular_image":false,"_genesis_hide_footer_widgets":false,"_genesis_custom_body_class":"","_genesis_custom_post_class":"","_genesis_layout":""},"product_brand":[],"product_cat":[7132,7212,7206],"product_tag":[],"class_list":{"0":"post-56247","1":"product","2":"type-product","3":"status-publish","4":"has-post-thumbnail","6":"product_cat-books","7":"product_cat-traditional-skills-savoirs-faire-en","8":"product_cat-traditions-heritage-en","9":"pa_auteur-kiener-michel-c-en","10":"pa_editeur-editions-mon-limousin-en","11":"pa_langue-francais-en","12":"entry","14":"first","15":"instock","16":"shipping-taxable","17":"purchasable","18":"product-type-simple"},"acf":[],"_links":{"self":[{"href":"https:\/\/www.libraria-occitana.org\/en\/wp-json\/wp\/v2\/product\/56247","targetHints":{"allow":["GET"]}}],"collection":[{"href":"https:\/\/www.libraria-occitana.org\/en\/wp-json\/wp\/v2\/product"}],"about":[{"href":"https:\/\/www.libraria-occitana.org\/en\/wp-json\/wp\/v2\/types\/product"}],"wp:featuredmedia":[{"embeddable":true,"href":"https:\/\/www.libraria-occitana.org\/en\/wp-json\/wp\/v2\/media\/56250"}],"wp:attachment":[{"href":"https:\/\/www.libraria-occitana.org\/en\/wp-json\/wp\/v2\/media?parent=56247"}],"wp:term":[{"taxonomy":"product_brand","embeddable":true,"href":"https:\/\/www.libraria-occitana.org\/en\/wp-json\/wp\/v2\/product_brand?post=56247"},{"taxonomy":"product_cat","embeddable":true,"href":"https:\/\/www.libraria-occitana.org\/en\/wp-json\/wp\/v2\/product_cat?post=56247"},{"taxonomy":"product_tag","embeddable":true,"href":"https:\/\/www.libraria-occitana.org\/en\/wp-json\/wp\/v2\/product_tag?post=56247"}],"curies":[{"name":"wp","href":"https:\/\/api.w.org\/{rel}","templated":true}]}}