{"id":56253,"date":"2021-11-06T15:59:52","date_gmt":"2021-11-06T14:59:52","guid":{"rendered":"http:\/\/www.libraria-occitana.org\/?post_type=product&#038;p=56253"},"modified":"2026-04-29T07:21:53","modified_gmt":"2026-04-29T05:21:53","slug":"les-merles-28-avril-1944-enquete-sur-une-expedition-meurtriere-pendant-loccupation-allemande-dans-un-village-du-nord-dordogne","status":"publish","type":"product","link":"https:\/\/www.libraria-occitana.org\/en\/product\/les-merles-28-avril-1944-enquete-sur-une-expedition-meurtriere-pendant-loccupation-allemande-dans-un-village-du-nord-dordogne\/","title":{"rendered":"Les Merles 28 avril 1944 : Enqu\u00eate sur une exp\u00e9dition meurtri\u00e8re pendant l&#8217;Occupation allemande dans un village du Nord-Dordogne"},"content":{"rendered":"<p>Pr\u00e9sentation de Jean Ganiayre<br \/>\nPr\u00e9face de Fabrice Grenard<\/p>\n<p>Le 28 avril 1944, une exp\u00e9dition allemande fait irruption dans le village des Merles. Quand les assaillants se retirent, \u00e0 la nuit tomb\u00e9e, quatre jeunes maquisards et six otages ont \u00e9t\u00e9 fusill\u00e9s. Parmi eux, le jeune Raoul Tr\u00e9moulinas, habitant du lieu dont la maison est en flammes.<\/p>\n<p>75 ans plus tard, Ren\u00e9 son fr\u00e8re, Odette, Ir\u00e8ne, Paulette et Marc, pr\u00e9sents sur place, se souviennent. \u00c0 partir de leurs t\u00e9moignages, les questions surgissent : les maquis, leur relations avec la population, la solidarit\u00e9, les d\u00e9nonciations. Cet ouvrage explore les d\u00e9tails de l\u2019\u00e9v\u00e9nement en m\u00eame temps qu\u2019il les restitue dans leur contexte plus g\u00e9n\u00e9ral. Il s\u2019appuie sur de nombreuses lectures, des ann\u00e9es de consultation d\u2019archives et une collecte aupr\u00e8s de nombreux t\u00e9moins ayant v\u00e9cu cette p\u00e9riode.<\/p>\n<p>L\u2019enqu\u00eate se poursuit apr\u00e8s-guerre avec une \u00e9tude exclusive du proc\u00e8s de Michael Hambrecht, le tristement c\u00e9l\u00e8bre chef de la police allemande de P\u00e9rigueux, qui a eu lieu en 1953 devant le tribunal militaire de Bordeaux et avec le lent cheminement qui m\u00e8nera aux comm\u00e9morations que nous connaissons aujourd\u2019hui. Une place originale est donn\u00e9e \u00e0 la langue occitane dans laquelle les t\u00e9moins avaient v\u00e9cu ce qu\u2019ils relatent.<\/p>\n<p>L\u2019auteur dit dans son introduction : \u00ab La R\u00e9sistance continue de nous poser des questions. Mieux la conna\u00eetre ne peut qu\u2019am\u00e9liorer la qualit\u00e9 des r\u00e9flexions qu\u2019elle suscite \u00bb. Au del\u00e0 donc, de ce que nous appelons aujourd\u2019hui \u00ab le devoir de m\u00e9moire\u00bb, il cherche avec cette enqu\u00eate \u00e0 nous faire partager sa curiosit\u00e9 historique.<\/p>\n","protected":false},"excerpt":{"rendered":"<p>Pr\u00e9sentation de Jean Ganiayre Pr\u00e9face de Fabrice Grenard Le 28 avril 1944, une exp\u00e9dition allemande fait irruption dans le village des Merles. Quand les assaillants se retirent, \u00e0 la nuit tomb\u00e9e, quatre jeunes maquisards et six otages ont \u00e9t\u00e9 fusill\u00e9s. Parmi eux, le jeune Raoul Tr\u00e9moulinas, habitant du lieu dont la maison est en flammes. [&hellip;]<\/p>\n","protected":false},"featured_media":56256,"template":"","meta":{"_acf_changed":false,"_genesis_hide_title":false,"_genesis_hide_breadcrumbs":false,"_genesis_hide_singular_image":false,"_genesis_hide_footer_widgets":false,"_genesis_custom_body_class":"","_genesis_custom_post_class":"","_genesis_layout":""},"product_brand":[],"product_cat":[7132,7148,7158],"product_tag":[],"class_list":{"0":"post-56253","1":"product","2":"type-product","3":"status-publish","4":"has-post-thumbnail","6":"product_cat-books","7":"product_cat-history-geography-en","8":"product_cat-modern-and-contemporary-history-en","9":"pa_auteur-lahieyte-jean-michel-en","10":"pa_editeur-editions-les-livres-de-lilot-en","11":"pa_langue-francais-en","12":"entry","14":"first","15":"instock","16":"shipping-taxable","17":"purchasable","18":"product-type-simple"},"acf":[],"_links":{"self":[{"href":"https:\/\/www.libraria-occitana.org\/en\/wp-json\/wp\/v2\/product\/56253","targetHints":{"allow":["GET"]}}],"collection":[{"href":"https:\/\/www.libraria-occitana.org\/en\/wp-json\/wp\/v2\/product"}],"about":[{"href":"https:\/\/www.libraria-occitana.org\/en\/wp-json\/wp\/v2\/types\/product"}],"wp:featuredmedia":[{"embeddable":true,"href":"https:\/\/www.libraria-occitana.org\/en\/wp-json\/wp\/v2\/media\/56256"}],"wp:attachment":[{"href":"https:\/\/www.libraria-occitana.org\/en\/wp-json\/wp\/v2\/media?parent=56253"}],"wp:term":[{"taxonomy":"product_brand","embeddable":true,"href":"https:\/\/www.libraria-occitana.org\/en\/wp-json\/wp\/v2\/product_brand?post=56253"},{"taxonomy":"product_cat","embeddable":true,"href":"https:\/\/www.libraria-occitana.org\/en\/wp-json\/wp\/v2\/product_cat?post=56253"},{"taxonomy":"product_tag","embeddable":true,"href":"https:\/\/www.libraria-occitana.org\/en\/wp-json\/wp\/v2\/product_tag?post=56253"}],"curies":[{"name":"wp","href":"https:\/\/api.w.org\/{rel}","templated":true}]}}