{"id":56268,"date":"2022-05-06T16:33:52","date_gmt":"2022-05-06T14:33:52","guid":{"rendered":"http:\/\/www.libraria-occitana.org\/product\/mea-culpa\/"},"modified":"2026-04-29T03:56:37","modified_gmt":"2026-04-29T01:56:37","slug":"mea-culpa","status":"publish","type":"product","link":"https:\/\/www.libraria-occitana.org\/en\/product\/mea-culpa\/","title":{"rendered":"Mea Culpa"},"content":{"rendered":"<p>A l&#8217;ora que tot lo monde, biais que biaina, se deu repentir, n&#8217;es gran de \u00e7\u00f2 qu&#8217;a pogut far, mas de \u00e7\u00f2 qu&#8217;es, avetz &#8216;qui la confession de la mi\u00e0 vita, meitat riseiarda, meitat seriosa, que n&#8217;espere plan, coma penidencia eternala, &#8216;na passejada (de tot repaus) dins lo non-res.<\/p>\n","protected":false},"excerpt":{"rendered":"<p>A l&#8217;ora que tot lo monde, biais que biaina, se deu repentir, n&#8217;es gran de \u00e7\u00f2 qu&#8217;a pogut far, mas de \u00e7\u00f2 qu&#8217;es, avetz &#8216;qui la confession de la mi\u00e0 vita, meitat riseiarda, meitat seriosa, que n&#8217;espere plan, coma penidencia eternala, &#8216;na passejada (de tot repaus) dins lo non-res.<\/p>\n","protected":false},"featured_media":56266,"template":"","meta":{"_acf_changed":false,"_genesis_hide_title":false,"_genesis_hide_breadcrumbs":false,"_genesis_hide_singular_image":false,"_genesis_hide_footer_widgets":false,"_genesis_custom_body_class":"","_genesis_custom_post_class":"","_genesis_layout":""},"product_brand":[],"product_cat":[7132,7174,7186],"product_tag":[],"class_list":{"0":"post-56268","1":"product","2":"type-product","3":"status-publish","4":"has-post-thumbnail","6":"product_cat-books","7":"product_cat-literature-en","8":"product_cat-personal-narratives-memoirs-en","9":"pa_auteur-melhau-jan-dau-fr-en","10":"pa_editeur-chas-ilhs-en","11":"pa_langue-occitan-en","12":"pa_langue-occitan-lemosin-en","13":"entry","15":"first","16":"instock","17":"shipping-taxable","18":"purchasable","19":"product-type-simple"},"acf":[],"_links":{"self":[{"href":"https:\/\/www.libraria-occitana.org\/en\/wp-json\/wp\/v2\/product\/56268","targetHints":{"allow":["GET"]}}],"collection":[{"href":"https:\/\/www.libraria-occitana.org\/en\/wp-json\/wp\/v2\/product"}],"about":[{"href":"https:\/\/www.libraria-occitana.org\/en\/wp-json\/wp\/v2\/types\/product"}],"wp:featuredmedia":[{"embeddable":true,"href":"https:\/\/www.libraria-occitana.org\/en\/wp-json\/wp\/v2\/media\/56266"}],"wp:attachment":[{"href":"https:\/\/www.libraria-occitana.org\/en\/wp-json\/wp\/v2\/media?parent=56268"}],"wp:term":[{"taxonomy":"product_brand","embeddable":true,"href":"https:\/\/www.libraria-occitana.org\/en\/wp-json\/wp\/v2\/product_brand?post=56268"},{"taxonomy":"product_cat","embeddable":true,"href":"https:\/\/www.libraria-occitana.org\/en\/wp-json\/wp\/v2\/product_cat?post=56268"},{"taxonomy":"product_tag","embeddable":true,"href":"https:\/\/www.libraria-occitana.org\/en\/wp-json\/wp\/v2\/product_tag?post=56268"}],"curies":[{"name":"wp","href":"https:\/\/api.w.org\/{rel}","templated":true}]}}