{"id":56353,"date":"2022-06-14T11:38:53","date_gmt":"2022-06-14T09:38:53","guid":{"rendered":"http:\/\/www.libraria-occitana.org\/product\/dau-molin-dau-rat-a-chas-nos\/"},"modified":"2026-04-29T02:32:03","modified_gmt":"2026-04-29T00:32:03","slug":"dau-molin-dau-rat-a-chas-nos","status":"publish","type":"product","link":"https:\/\/www.libraria-occitana.org\/en\/product\/dau-molin-dau-rat-a-chas-nos\/","title":{"rendered":"Dau Molin dau Rat a chas nos"},"content":{"rendered":"<p><strong>Jacqueline Boin, Annie Gaulard, Paul Gerbaud, Didier Jude, Pascale Nguyen :<\/strong> Violon, chant<br \/>\n<strong>Julien Caillaud :<\/strong> Violon, alto, chant<\/p>\n<p>Ce disque est une histoire de rencontres\u2026<br \/>\nRencontre avec Fran\u00e7ois Malthieu et son violon, au bal \u00e0 Bugeat, \u00e0 Rempnat ou \u00e0 sa maison de Lacombe\u2026<br \/>\nRencontre avec Pierre et Ren\u00e9 Mondoly lors de dimanches de collectages \u00e0 Eymoutiers ou \u00e0 Lacelle\u2026<br \/>\nRencontres musicales de Nedde, d\u2019o\u00f9 est issu le groupe Les Violons de Nedde&#8230;<br \/>\nSuivent alors, des bals, des concerts, et aujourd\u2019hui un CD enti\u00e8rement d\u00e9di\u00e9 \u00e0 cette musique du Plateau.<\/p>\n<p><strong>Titres :<\/strong><br \/>\n1. Filhas nos en fau&#8217;nar (chant) 2\u201947<br \/>\n2. La complainte \/ de Nard (valses) 4\u201919<br \/>\n3. \u00c0 Chamberet, petit faubourg (chant) 1\u201958<br \/>\n4. Las peras \/ Ab\u2019aqu\u00ed \/ \u00e0 Caraminot \/ de Magadou (bourr\u00e9es) 5\u201928<br \/>\n5. Tant que nous m\u00e8nerons \/ Marche du Negrou (marches) 3\u201944<br \/>\n6. Derri\u00e8re chez nous \/ Qu&#8217;es lo chat embe lo rat \/ Dessous la foug\u00e8re (chant \/ scottish-valses) 4\u201949<br \/>\n7. Tim\u00e9lou \/ La glissante (scottish) 3\u201952<br \/>\n8. T\u2019aime bien ma Janeta \/ Laplaud \/ Cassa nosilhas (mazurkas) 3\u201922<br \/>\n9. Quand Pierisson s\u2019es levat (chant) 2\u201905<br \/>\n10. Valses du Negrou \/ de Marceau 3\u201917<br \/>\n11. Para lo lop \/ Ant menarem bargiera \/ Fila vai Chamesada \/ Dins lo b\u00f2sc de la Folhada (bourr\u00e9es) 3\u201931<br \/>\n12. Pour aller voir Virginie (chant) 3\u201939<br \/>\n13. Tant qu&#8217;il y aura du riz \/ Tokay Polka (scottish \/ polka) 4\u201902<br \/>\n14. Le matin quand elle se l\u00e8ve (chant) 1\u201956<br \/>\n15. Si as paur que lo lop s\u2019espine \/ de Ratat (polkas) 2\u201908<br \/>\n16. La Margu\u00ed (chant) 4\u201956<br \/>\n17. Revenant de Luzy (bourr\u00e9e) 3\u201909<br \/>\n18. Bonus : La Ja\u00e7ona 2\u201924<\/p>\n","protected":false},"excerpt":{"rendered":"<p>Jacqueline Boin, Annie Gaulard, Paul Gerbaud, Didier Jude, Pascale Nguyen : Violon, chant Julien Caillaud : Violon, alto, chant Ce disque est une histoire de rencontres\u2026 Rencontre avec Fran\u00e7ois Malthieu et son violon, au bal \u00e0 Bugeat, \u00e0 Rempnat ou \u00e0 sa maison de Lacombe\u2026 Rencontre avec Pierre et Ren\u00e9 Mondoly lors de dimanches de [&hellip;]<\/p>\n","protected":false},"featured_media":56351,"template":"","meta":{"_acf_changed":false,"_genesis_hide_title":false,"_genesis_hide_breadcrumbs":false,"_genesis_hide_singular_image":false,"_genesis_hide_footer_widgets":false,"_genesis_custom_body_class":"","_genesis_custom_post_class":"","_genesis_layout":""},"product_brand":[],"product_cat":[7228,7216],"product_tag":[],"class_list":{"0":"post-56353","1":"product","2":"type-product","3":"status-publish","4":"has-post-thumbnail","6":"product_cat-modern-folk-en","7":"product_cat-music-en","8":"pa_auteur-les-violons-de-nedde-en","9":"pa_editeur-les-violons-de-nedde-1-en","10":"pa_langue-francais-en","11":"pa_langue-occitan-en","12":"pa_langue-occitan-lemosin-en","13":"entry","15":"first","16":"instock","17":"shipping-taxable","18":"purchasable","19":"product-type-simple"},"acf":[],"_links":{"self":[{"href":"https:\/\/www.libraria-occitana.org\/en\/wp-json\/wp\/v2\/product\/56353","targetHints":{"allow":["GET"]}}],"collection":[{"href":"https:\/\/www.libraria-occitana.org\/en\/wp-json\/wp\/v2\/product"}],"about":[{"href":"https:\/\/www.libraria-occitana.org\/en\/wp-json\/wp\/v2\/types\/product"}],"wp:featuredmedia":[{"embeddable":true,"href":"https:\/\/www.libraria-occitana.org\/en\/wp-json\/wp\/v2\/media\/56351"}],"wp:attachment":[{"href":"https:\/\/www.libraria-occitana.org\/en\/wp-json\/wp\/v2\/media?parent=56353"}],"wp:term":[{"taxonomy":"product_brand","embeddable":true,"href":"https:\/\/www.libraria-occitana.org\/en\/wp-json\/wp\/v2\/product_brand?post=56353"},{"taxonomy":"product_cat","embeddable":true,"href":"https:\/\/www.libraria-occitana.org\/en\/wp-json\/wp\/v2\/product_cat?post=56353"},{"taxonomy":"product_tag","embeddable":true,"href":"https:\/\/www.libraria-occitana.org\/en\/wp-json\/wp\/v2\/product_tag?post=56353"}],"curies":[{"name":"wp","href":"https:\/\/api.w.org\/{rel}","templated":true}]}}