{"id":56394,"date":"2022-07-07T15:46:35","date_gmt":"2022-07-07T13:46:35","guid":{"rendered":"http:\/\/www.libraria-occitana.org\/?post_type=product&#038;p=56394"},"modified":"2026-04-02T20:41:40","modified_gmt":"2026-04-02T18:41:40","slug":"dictionnaire-des-noms-de-famille-en-pays-doc","status":"publish","type":"product","link":"https:\/\/www.libraria-occitana.org\/en\/product\/dictionnaire-des-noms-de-famille-en-pays-doc\/","title":{"rendered":"Dictionnaire des noms de famille en Pays d&#8217;Oc"},"content":{"rendered":"<p>D\u00e9couvrir et conna\u00eetre l\u2019origine et la signification du nom de sa famille, de celle de ses voisins, de ses amis ou de personnages du pass\u00e9 comme de ceux d\u2019aujourd\u2019hui, c\u2019est l\u2019objet et l\u2019ambition de ce livre, des Pyr\u00e9n\u00e9es aux Alpes, des rivages du Golfe de Gascogne \u00e0 ceux de la M\u00e9diterran\u00e9e.<br \/>\nOr, en Pays d\u2019Oc, c\u2019est bien s\u00fbr la langue occitane ou langue d\u2019oc, langue romane issue du latin, qui est la source de bien des noms de personnes. Les mots du paysage, les noms de m\u00e9tiers, les noms d\u2019origine, les noms plus anciens pass\u00e9s par le filtre occitan, les surnoms et sobriquets devenus noms de famille se d\u00e9voilent alors dans les variations de la langue, du Limousin \u00e0 la Provence, du B\u00e9arn et de la Gascogne au Quercy et au Rouergue, du Languedoc \u00e0 l\u2019Auvergne, des Alpes aux Pyr\u00e9n\u00e9es\u2026<\/p>\n<p>Andr\u00e9 Lagarde, fin connaisseur de l\u2019occitan et porteur de la parole populaire d\u2019oc, a patiemment recueilli pendant de longues ann\u00e9es la mati\u00e8re de ce dictionnaire, mise en forme pour notre \u00e9dition par Christian Lagarde.<br \/>\nIl offre au plus large public le fruit de sa r\u00e9colte, organis\u00e9e et pr\u00e9sent\u00e9e de fa\u00e7on aussi simple que fiable.<br \/>\nAu fil des pages, chacun pourra y trouver mati\u00e8re \u00e0 d\u00e9couverte.<\/p>\n","protected":false},"excerpt":{"rendered":"<p>D\u00e9couvrir et conna\u00eetre l\u2019origine et la signification du nom de sa famille, de celle de ses voisins, de ses amis ou de personnages du pass\u00e9 comme de ceux d\u2019aujourd\u2019hui, c\u2019est l\u2019objet et l\u2019ambition de ce livre, des Pyr\u00e9n\u00e9es aux Alpes, des rivages du Golfe de Gascogne \u00e0 ceux de la M\u00e9diterran\u00e9e. Or, en Pays d\u2019Oc, [&hellip;]<\/p>\n","protected":false},"featured_media":56397,"template":"","meta":{"_acf_changed":false,"_genesis_hide_title":false,"_genesis_hide_breadcrumbs":false,"_genesis_hide_singular_image":false,"_genesis_hide_footer_widgets":false,"_genesis_custom_body_class":"","_genesis_custom_post_class":"","_genesis_layout":""},"product_brand":[],"product_cat":[7132,7148,7162],"product_tag":[],"class_list":{"0":"post-56394","1":"product","2":"type-product","3":"status-publish","4":"has-post-thumbnail","6":"product_cat-books","7":"product_cat-history-geography-en","8":"product_cat-place-names-peoples-names-en","9":"pa_auteur-lagarda-andrieu-en","10":"pa_editeur-letras-doc-en","11":"pa_langue-francais-en","12":"pa_langue-occitan-en","13":"pa_langue-occitan-auvernhat-en","14":"pa_langue-occitan-gascon-en","15":"pa_langue-occitan-lemosin-en","16":"pa_langue-occitan-lengadocian-en","17":"pa_langue-occitan-provencau-en","18":"pa_langue-occitan-vivaroaupenc-en","19":"entry","21":"first","22":"instock","23":"shipping-taxable","24":"purchasable","25":"product-type-simple"},"acf":[],"_links":{"self":[{"href":"https:\/\/www.libraria-occitana.org\/en\/wp-json\/wp\/v2\/product\/56394","targetHints":{"allow":["GET"]}}],"collection":[{"href":"https:\/\/www.libraria-occitana.org\/en\/wp-json\/wp\/v2\/product"}],"about":[{"href":"https:\/\/www.libraria-occitana.org\/en\/wp-json\/wp\/v2\/types\/product"}],"wp:featuredmedia":[{"embeddable":true,"href":"https:\/\/www.libraria-occitana.org\/en\/wp-json\/wp\/v2\/media\/56397"}],"wp:attachment":[{"href":"https:\/\/www.libraria-occitana.org\/en\/wp-json\/wp\/v2\/media?parent=56394"}],"wp:term":[{"taxonomy":"product_brand","embeddable":true,"href":"https:\/\/www.libraria-occitana.org\/en\/wp-json\/wp\/v2\/product_brand?post=56394"},{"taxonomy":"product_cat","embeddable":true,"href":"https:\/\/www.libraria-occitana.org\/en\/wp-json\/wp\/v2\/product_cat?post=56394"},{"taxonomy":"product_tag","embeddable":true,"href":"https:\/\/www.libraria-occitana.org\/en\/wp-json\/wp\/v2\/product_tag?post=56394"}],"curies":[{"name":"wp","href":"https:\/\/api.w.org\/{rel}","templated":true}]}}