{"id":56428,"date":"2022-07-27T13:17:45","date_gmt":"2022-07-27T11:17:45","guid":{"rendered":"http:\/\/www.libraria-occitana.org\/?post_type=product&#038;p=56428"},"modified":"2026-04-29T10:44:38","modified_gmt":"2026-04-29T08:44:38","slug":"rendetz-vos-au-cementeri","status":"publish","type":"product","link":"https:\/\/www.libraria-occitana.org\/en\/product\/rendetz-vos-au-cementeri\/","title":{"rendered":"Rendetz-vos au cementeri"},"content":{"rendered":"<p>Envoy\u00e9 en mission sp\u00e9ciale par la juge d&#8217;instruction Rosalina Lavernha, Alexandre Darnauguilhem doit quitter son commissariat de Maraval pour suivre les traces d&#8217;Ant\u00f2ni Klemeni\u00fak, dit le Polak, r\u00e9cemment lib\u00e9r\u00e9 apr\u00e8s vingt ans de prison pour l&#8217;attaque d&#8217;un fourgon blind\u00e9 rempli de bijoux, afin de retrouver le tr\u00e9sor en question.<br \/>\nDans son enqu\u00eate, il va croiser le chemin du comte Ga\u00ebtan Cahuzac des Ombradors, ancien commissaire et enqu\u00eateur priv\u00e9 \u2013 que les lecteurs des <a href=\"http:\/\/www.libraria-occitana.org\/produit\/enquestas-de-pas-creire-de-gaetan-causac-daus-ombradors\/\"><em>Enquestas de pas creire<\/em><\/a> connaissent bien \u2013 pour un rendez-vous au cimeti\u00e8re.<\/p>\n","protected":false},"excerpt":{"rendered":"<p>Envoy\u00e9 en mission sp\u00e9ciale par la juge d&#8217;instruction Rosalina Lavernha, Alexandre Darnauguilhem doit quitter son commissariat de Maraval pour suivre les traces d&#8217;Ant\u00f2ni Klemeni\u00fak, dit le Polak, r\u00e9cemment lib\u00e9r\u00e9 apr\u00e8s vingt ans de prison pour l&#8217;attaque d&#8217;un fourgon blind\u00e9 rempli de bijoux, afin de retrouver le tr\u00e9sor en question. Dans son enqu\u00eate, il va croiser [&hellip;]<\/p>\n","protected":false},"featured_media":56434,"template":"","meta":{"_acf_changed":false,"_genesis_hide_title":false,"_genesis_hide_breadcrumbs":false,"_genesis_hide_singular_image":false,"_genesis_hide_footer_widgets":false,"_genesis_custom_body_class":"","_genesis_custom_post_class":"","_genesis_layout":""},"product_brand":[],"product_cat":[7132,7174,7182],"product_tag":[],"class_list":{"0":"post-56428","1":"product","2":"type-product","3":"status-publish","4":"has-post-thumbnail","6":"product_cat-books","7":"product_cat-literature-en","8":"product_cat-novels-short-stories-en","9":"pa_auteur-ganhaire-joan-en","10":"pa_editeur-ieo-fr-en","11":"pa_editeur-ieo-perigord-novelum-en","12":"pa_langue-occitan-en","13":"pa_langue-occitan-lemosin-en","14":"entry","16":"first","17":"instock","18":"shipping-taxable","19":"purchasable","20":"product-type-simple"},"acf":[],"_links":{"self":[{"href":"https:\/\/www.libraria-occitana.org\/en\/wp-json\/wp\/v2\/product\/56428","targetHints":{"allow":["GET"]}}],"collection":[{"href":"https:\/\/www.libraria-occitana.org\/en\/wp-json\/wp\/v2\/product"}],"about":[{"href":"https:\/\/www.libraria-occitana.org\/en\/wp-json\/wp\/v2\/types\/product"}],"wp:featuredmedia":[{"embeddable":true,"href":"https:\/\/www.libraria-occitana.org\/en\/wp-json\/wp\/v2\/media\/56434"}],"wp:attachment":[{"href":"https:\/\/www.libraria-occitana.org\/en\/wp-json\/wp\/v2\/media?parent=56428"}],"wp:term":[{"taxonomy":"product_brand","embeddable":true,"href":"https:\/\/www.libraria-occitana.org\/en\/wp-json\/wp\/v2\/product_brand?post=56428"},{"taxonomy":"product_cat","embeddable":true,"href":"https:\/\/www.libraria-occitana.org\/en\/wp-json\/wp\/v2\/product_cat?post=56428"},{"taxonomy":"product_tag","embeddable":true,"href":"https:\/\/www.libraria-occitana.org\/en\/wp-json\/wp\/v2\/product_tag?post=56428"}],"curies":[{"name":"wp","href":"https:\/\/api.w.org\/{rel}","templated":true}]}}