{"id":56452,"date":"2022-07-27T19:01:31","date_gmt":"2022-07-27T17:01:31","guid":{"rendered":"http:\/\/www.libraria-occitana.org\/product\/un-pauc-dautres-cops-e-nen-parlar-enquera-histoires-de-parler\/"},"modified":"2026-04-25T08:06:29","modified_gmt":"2026-04-25T06:06:29","slug":"un-pauc-dautres-cops-e-nen-parlar-enquera-histoires-de-parler","status":"publish","type":"product","link":"https:\/\/www.libraria-occitana.org\/en\/product\/un-pauc-dautres-cops-e-nen-parlar-enquera-histoires-de-parler\/","title":{"rendered":"Un pauc d&#8217;autres c\u00f2ps e ne&#8217;n parlar enquera &#8211; Histoires de parler"},"content":{"rendered":"<p>Cet ouvrage est le fruit d&#8217;une histoire singuli\u00e8re. Arriv\u00e9 en 2017 \u00e0 l&#8217;atelier d&#8217;occitan des Archives municipales de Brive, Marcel Villeneuve, du Masmalet d&#8217;Orgnac-sur-V\u00e9z\u00e8re, se proposa aussit\u00f4t de nous conter de petites histoires qu&#8217;il avait \u00e9crites en fran\u00e7ais et nous traduisait \u00e0 la vol\u00e9e. Mais, peu \u00e0 peu il s&#8217;aper\u00e7ut, et nous avec lui, que quelque chose &#8220;ne collait pas&#8221;, que ce passage d&#8217;une langue \u00e0 l&#8217;autre faisait perdre des saveurs, manquait de rythme.<br \/>\nQu&#8217;\u00e0 cela ne tienne ! Marcel Villeneuve, qui avait fait le paysan jusqu&#8217;\u00e0 ses 85 ans, d\u00e9cida, puisqu&#8217;il n&#8217;avait jamais touch\u00e9 \u00e0 ces m\u00e9caniques-l\u00e0, de se mettre \u00e0 l&#8217;ordinateur et \u00e0 l&#8217;\u00e9criture occitane normalis\u00e9e&#8230; Ainsi, au fil des semaines, se b\u00e2tirent des chroniques orgnacoises, qu&#8217;ensemble nous avions mises en forme pour les \u00e9diter en une plaquette qui connut franc succ\u00e8s !<br \/>\nD\u00e9sormais r\u00e9vis\u00e9es et accompagn\u00e9es d&#8217;un bon nombre de nouvelles, voici, comme un aboutissement logique, ces chroniques sous la forme d&#8217;un livre. Un livre souvent s\u00e9rieux, parfois un peu coquin, mais toujours agr\u00e9ment\u00e9 de ces clins d&#8217;\u0153il qui sont la marque de fabrique de <em><strong>n\u00f2stre Mar\u00e7au<\/strong><\/em>.<br \/>\n<em><strong>Un libre de vita, de talhons mai d&#8217;esclapons d&#8217;una vita.<\/strong><\/em><br \/>\nUn livre de vie, de morceaux et d&#8217;\u00e9clats d&#8217;une vie.<\/p>\n","protected":false},"excerpt":{"rendered":"<p>Cet ouvrage est le fruit d&#8217;une histoire singuli\u00e8re. Arriv\u00e9 en 2017 \u00e0 l&#8217;atelier d&#8217;occitan des Archives municipales de Brive, Marcel Villeneuve, du Masmalet d&#8217;Orgnac-sur-V\u00e9z\u00e8re, se proposa aussit\u00f4t de nous conter de petites histoires qu&#8217;il avait \u00e9crites en fran\u00e7ais et nous traduisait \u00e0 la vol\u00e9e. Mais, peu \u00e0 peu il s&#8217;aper\u00e7ut, et nous avec lui, que [&hellip;]<\/p>\n","protected":false},"featured_media":56449,"template":"","meta":{"_acf_changed":false,"_genesis_hide_title":false,"_genesis_hide_breadcrumbs":false,"_genesis_hide_singular_image":false,"_genesis_hide_footer_widgets":false,"_genesis_custom_body_class":"","_genesis_custom_post_class":"","_genesis_layout":""},"product_brand":[],"product_cat":[7132,7174,7186],"product_tag":[],"class_list":{"0":"post-56452","1":"product","2":"type-product","3":"status-publish","4":"has-post-thumbnail","6":"product_cat-books","7":"product_cat-literature-en","8":"product_cat-personal-narratives-memoirs-en","9":"pa_auteur-vilanueva-marcau-en","10":"pa_editeur-marcel-villeneuve-en","11":"pa_langue-occitan-lemosin-en","12":"pa_langue-occitan-francais-en","13":"entry","15":"first","16":"instock","17":"shipping-taxable","18":"purchasable","19":"product-type-simple"},"acf":[],"_links":{"self":[{"href":"https:\/\/www.libraria-occitana.org\/en\/wp-json\/wp\/v2\/product\/56452","targetHints":{"allow":["GET"]}}],"collection":[{"href":"https:\/\/www.libraria-occitana.org\/en\/wp-json\/wp\/v2\/product"}],"about":[{"href":"https:\/\/www.libraria-occitana.org\/en\/wp-json\/wp\/v2\/types\/product"}],"wp:featuredmedia":[{"embeddable":true,"href":"https:\/\/www.libraria-occitana.org\/en\/wp-json\/wp\/v2\/media\/56449"}],"wp:attachment":[{"href":"https:\/\/www.libraria-occitana.org\/en\/wp-json\/wp\/v2\/media?parent=56452"}],"wp:term":[{"taxonomy":"product_brand","embeddable":true,"href":"https:\/\/www.libraria-occitana.org\/en\/wp-json\/wp\/v2\/product_brand?post=56452"},{"taxonomy":"product_cat","embeddable":true,"href":"https:\/\/www.libraria-occitana.org\/en\/wp-json\/wp\/v2\/product_cat?post=56452"},{"taxonomy":"product_tag","embeddable":true,"href":"https:\/\/www.libraria-occitana.org\/en\/wp-json\/wp\/v2\/product_tag?post=56452"}],"curies":[{"name":"wp","href":"https:\/\/api.w.org\/{rel}","templated":true}]}}