{"id":56456,"date":"2019-03-28T11:16:30","date_gmt":"2019-03-28T10:16:30","guid":{"rendered":"http:\/\/www.libraria-occitana.org\/?post_type=product&#038;p=56456"},"modified":"2026-04-26T22:21:40","modified_gmt":"2026-04-26T20:21:40","slug":"prenons-en-de-la-graine-petit-manuel-dautoproduction-de-semences-potageres-florales-et-de-cereales","status":"publish","type":"product","link":"https:\/\/www.libraria-occitana.org\/en\/product\/prenons-en-de-la-graine-petit-manuel-dautoproduction-de-semences-potageres-florales-et-de-cereales\/","title":{"rendered":"Prenons-en de la graine : Petit manuel d&#8217;autoproduction de semences potag\u00e8res, florales et de c\u00e9r\u00e9ales"},"content":{"rendered":"<p>Distinguer le meilleur parmi le savoureux, appr\u00e9cier la graine qui ira bien l&#8217;ann\u00e9e prochaine, rep\u00e9rer la plante qui ne ressemble pas aux autres et qui promet&#8230; c&#8217;est en cultivant son regard qu&#8217;on entretient au passage une libert\u00e9 fondamentale : la souverainet\u00e9 alimentaire.<\/p>\n<p>Tout en se r\u00e9galant, c&#8217;est aussi une fa\u00e7on de r\u00e9sister \u00e0 une poign\u00e9e de multinationales qui s&#8217;approprient notre patrimoine commun, celui des plantes entretenues, entre traditions nourrici\u00e8res et magnifiques jardins foisonnants, par des g\u00e9n\u00e9rations de cultivateurs anonymes.<br \/>\nEn 100 fiches, voici le mode d&#8217;emploi de la graine \u00e0 la graine, pour reproduire potag\u00e8res, c\u00e9r\u00e9ales et fleurs. Les meilleures pour les poules.<br \/>\nEt aussi tous les conseils pour \u00e9changer des semences de bonne qualit\u00e9. Ici et ailleurs. Car il n&#8217;y a pas de meilleur passeport pour faire de belles rencontres que l&#8217;\u00e9change de semences.<\/p>\n<p>Prenons-en de la graine!<\/p>\n<p><strong>Somari :<\/strong><\/p>\n<p><strong>Cultiver pour entretenir un patrimoine vivant<\/strong><\/p>\n<ul>\n<li>Pourquoi reproduire ses graines<\/li>\n<li>Un brin d\u2019histoire<\/li>\n<li>L\u2019am\u00e9lioration des plantes, une tradition fran\u00e7aise<\/li>\n<li>De l\u2019am\u00e9lioration au pillage : la prise de conscience citoyenne et plan\u00e9taire<\/li>\n<li>Quand la loi entrave la circulation des semences<\/li>\n<\/ul>\n<p><strong>On commence comment ?<\/strong><\/p>\n<ul>\n<li>Cultiver pour reproduire : un brin de m\u00e9thode<\/li>\n<li>R\u00e9ussir un semis printanier au chaud<\/li>\n<li>R\u00e9ussir un semis d\u2019\u00e9t\u00e9<\/li>\n<li>R\u00e9ussir un semis d\u2019automne<\/li>\n<li>Les fronti\u00e8res du possible : semencier, un m\u00e9tier !<\/li>\n<li>Le programme du jardinier semencier<\/li>\n<li>Pas de graines sans pollinisateurs<\/li>\n<li>Arroser sans peine<\/li>\n<li>Tuteurer et pailler<\/li>\n<li>Attention aux oiseaux<\/li>\n<li>Rep\u00e9rer la meilleure semence<\/li>\n<li>R\u00e9colte : main l\u00e9g\u00e8re et temps sec obligatoire<\/li>\n<li>S\u00e9chage : ombre et courant d\u2019air indispensables<\/li>\n<li>Trier : un art parfois fastidieux<\/li>\n<li>Conservation : \u00e0 l\u2019abri, au sec et au frais<\/li>\n<li>Tester la germination<\/li>\n<\/ul>\n<p><strong>Produire ses graines de A \u00e0 Z<\/strong><\/p>\n<ul>\n<li>Acanthe<\/li>\n<li>Amarante<\/li>\n<li>Amourette grande et petite<\/li>\n<li>Ancolie des jardins<\/li>\n<li>Aneth<\/li>\n<li>Ang\u00e9lique<\/li>\n<li>Arachide<\/li>\n<li>Armoise annuelle<\/li>\n<li>Arroche<\/li>\n<li>Artichaut, cardon<\/li>\n<li>Ascl\u00e9piade cornue<\/li>\n<li>Asperge<\/li>\n<li>Aubergine, aubergine africaine<\/li>\n<li>Avoine<\/li>\n<li>Balsamine, impatiens<\/li>\n<li>Baselle<\/li>\n<li>Basilic commun, basilic sacr\u00e9<\/li>\n<li>Belle de jour<\/li>\n<li>Belle de nuit<\/li>\n<li>Bette<\/li>\n<li>Betterave<\/li>\n<li>Bl\u00e9, \u00e9peautre<\/li>\n<li>Bleuet, centaur\u00e9e, ambrette<\/li>\n<li>Capucine<\/li>\n<li>Carotte<\/li>\n<li>Catananche<\/li>\n<li>C\u00e9leri<\/li>\n<li>Cerfeuil<\/li>\n<li>Ch\u00e9nopode bon-Henri<\/li>\n<li>Chicor\u00e9e, endive<\/li>\n<li>Chou<\/li>\n<li>Ciboule<\/li>\n<li>Claytone de Cuba<\/li>\n<li>Concombre, cornichon<\/li>\n<li>Coquelicot, pavot<\/li>\n<li>Coriandre<\/li>\n<li>Cosmos blanc, ros\u00e9 et dor\u00e9<\/li>\n<li>Courge, Courgette, Potiron<\/li>\n<li>\u00c9pinard<\/li>\n<li>Fenouil<\/li>\n<li>F\u00e8ve<\/li>\n<li>Fraisier<\/li>\n<li>Fuchsia rustique<\/li>\n<li>Gaillarde<\/li>\n<li>Girofl\u00e9e<\/li>\n<li>Gombo<\/li>\n<li>Haricot, dolique<\/li>\n<li>Hell\u00e9bore<\/li>\n<li>Hysope<\/li>\n<li>Immortelle<\/li>\n<li>Ipom\u00e9e quamoclit, volubilis<\/li>\n<li>Julienne des dames<\/li>\n<li>Laitue<\/li>\n<li>Lavat\u00e8re, malope<\/li>\n<li>Lentille<\/li>\n<li>Lin<\/li>\n<li>Lupin<\/li>\n<li>Lychnis coronaria<\/li>\n<li>M\u00e2che<\/li>\n<li>Ma\u00efs<\/li>\n<li>M\u00e9lilot blanc, jaune<\/li>\n<li>Monnaie-du-pape<\/li>\n<li>Moutarde<\/li>\n<li>Muflier<\/li>\n<li>Navet<\/li>\n<li>Nicandra<\/li>\n<li>Nigelle<\/li>\n<li>\u0152illet<\/li>\n<li>Oignon<\/li>\n<li>Onagre<\/li>\n<li>Panais<\/li>\n<li>Pastel<\/li>\n<li>Pens\u00e9e<\/li>\n<li>Persil<\/li>\n<li>Physalis comestible<\/li>\n<li>Piments<\/li>\n<li>Poireau<\/li>\n<li>Pois, pois chiche<\/li>\n<li>Pois de senteur<\/li>\n<li>Pourpier<\/li>\n<li>Quinoa<\/li>\n<li>Radis<\/li>\n<li>Roquette<\/li>\n<li>Rose-tr\u00e9mi\u00e8re<\/li>\n<li>Rose<\/li>\n<li>Salsifi, scorson\u00e8re<\/li>\n<li>Sarcoccoques<\/li>\n<li>Sarrasin<\/li>\n<li>Sauge<\/li>\n<li>Soja<\/li>\n<li>Souci<\/li>\n<li>Tabac<\/li>\n<li>Tag\u00e8te miniature<\/li>\n<li>Tomate<\/li>\n<li>Tournesol<\/li>\n<li>Zinnia<\/li>\n<\/ul>\n","protected":false},"excerpt":{"rendered":"<p>Distinguer le meilleur parmi le savoureux, appr\u00e9cier la graine qui ira bien l&#8217;ann\u00e9e prochaine, rep\u00e9rer la plante qui ne ressemble pas aux autres et qui promet&#8230; c&#8217;est en cultivant son regard qu&#8217;on entretient au passage une libert\u00e9 fondamentale : la souverainet\u00e9 alimentaire. Tout en se r\u00e9galant, c&#8217;est aussi une fa\u00e7on de r\u00e9sister \u00e0 une poign\u00e9e [&hellip;]<\/p>\n","protected":false},"featured_media":56459,"template":"","meta":{"_acf_changed":false,"_genesis_hide_title":false,"_genesis_hide_breadcrumbs":false,"_genesis_hide_singular_image":false,"_genesis_hide_footer_widgets":false,"_genesis_custom_body_class":"","_genesis_custom_post_class":"","_genesis_layout":""},"product_brand":[],"product_cat":[7132,7200,7196,7212,7206],"product_tag":[],"class_list":{"0":"post-56456","1":"product","2":"type-product","3":"status-publish","4":"has-post-thumbnail","6":"product_cat-books","7":"product_cat-nature-gardening-en","8":"product_cat-nature-tourism-en","9":"product_cat-traditional-skills-savoirs-faire-en","10":"product_cat-traditions-heritage-en","11":"pa_auteur-beucher-patricia-en","12":"pa_editeur-editions-ulmer-en","13":"pa_langue-francais-en","14":"entry","16":"first","17":"outofstock","18":"shipping-taxable","19":"purchasable","20":"product-type-simple"},"acf":[],"_links":{"self":[{"href":"https:\/\/www.libraria-occitana.org\/en\/wp-json\/wp\/v2\/product\/56456","targetHints":{"allow":["GET"]}}],"collection":[{"href":"https:\/\/www.libraria-occitana.org\/en\/wp-json\/wp\/v2\/product"}],"about":[{"href":"https:\/\/www.libraria-occitana.org\/en\/wp-json\/wp\/v2\/types\/product"}],"wp:featuredmedia":[{"embeddable":true,"href":"https:\/\/www.libraria-occitana.org\/en\/wp-json\/wp\/v2\/media\/56459"}],"wp:attachment":[{"href":"https:\/\/www.libraria-occitana.org\/en\/wp-json\/wp\/v2\/media?parent=56456"}],"wp:term":[{"taxonomy":"product_brand","embeddable":true,"href":"https:\/\/www.libraria-occitana.org\/en\/wp-json\/wp\/v2\/product_brand?post=56456"},{"taxonomy":"product_cat","embeddable":true,"href":"https:\/\/www.libraria-occitana.org\/en\/wp-json\/wp\/v2\/product_cat?post=56456"},{"taxonomy":"product_tag","embeddable":true,"href":"https:\/\/www.libraria-occitana.org\/en\/wp-json\/wp\/v2\/product_tag?post=56456"}],"curies":[{"name":"wp","href":"https:\/\/api.w.org\/{rel}","templated":true}]}}