{"id":56577,"date":"2022-04-12T19:54:13","date_gmt":"2022-04-12T17:54:13","guid":{"rendered":"http:\/\/www.libraria-occitana.org\/product\/laffaire-barataud-une-enquete-dans-le-limoges-des-annees-1920\/"},"modified":"2026-04-26T02:01:53","modified_gmt":"2026-04-26T00:01:53","slug":"laffaire-barataud-une-enquete-dans-le-limoges-des-annees-1920","status":"publish","type":"product","link":"https:\/\/www.libraria-occitana.org\/en\/product\/laffaire-barataud-une-enquete-dans-le-limoges-des-annees-1920\/","title":{"rendered":"L&#8217;affaire Barataud : Une enqu\u00eate dans le Limoges des ann\u00e9es 1920"},"content":{"rendered":"<p>Limoges 1928, une des plus c\u00e9l\u00e8bres affaires criminelles de l\u2019entre-deux-guerres. Dans une ville o\u00f9 plane l\u2019ombre de la Premi\u00e8re Guerre mondiale, o\u00f9 la jeunesse argent\u00e9e go\u00fbte aux plaisirs des \u00ab ann\u00e9es folles \u00bb, Charles Barataud est condamn\u00e9 aux travaux forc\u00e9s \u00e0 perp\u00e9tuit\u00e9 pour le meurtre d\u2019un chauffeur de taxi. Le coupable pr\u00e9sum\u00e9, Charles Barataud, figure du monde des nuits limougeaudes, b\u00e9n\u00e9ficiant de la complaisance des policiers, a le temps de tuer son jeune amant avant d\u2019\u00eatre incarc\u00e9r\u00e9. L\u2019enqu\u00eate puis le proc\u00e8s, dans le contexte d\u2019une ville marqu\u00e9e par de violents antagonismes sociaux et politiques, sont l\u2019occasion de stigmatiser le comportement d\u2019une bourgeoisie d\u00e9prav\u00e9e, ne contribuant pas \u00e0 la recherche de la v\u00e9rit\u00e9. Condamn\u00e9 au bagne et mort en Guyane, Barataud emporta dans sa tombe son secret, ayant toujours ni\u00e9 \u00eatre l\u2019assassin du chauffeur de taxi. Pr\u00e8s d\u2019un si\u00e8cle apr\u00e8s les faits, cet ouvrage r\u00e9ouvre le dossier en l\u2019enrichissant de nouvelles recherches, de documents in\u00e9dits et d\u2019une abondante iconographie. Les auteurs, en r\u00e9inscrivant l\u2019affaire dans son contexte, en brossant le portrait des principaux protagonistes et en explorant de nouvelles pistes, lui redonnent toute sa dimension et invitent le lecteur \u00e0 plonger dans les eaux troubles d\u2019une ville de province des ann\u00e9es 1920.<\/p>\n","protected":false},"excerpt":{"rendered":"<p>Limoges 1928, une des plus c\u00e9l\u00e8bres affaires criminelles de l\u2019entre-deux-guerres. Dans une ville o\u00f9 plane l\u2019ombre de la Premi\u00e8re Guerre mondiale, o\u00f9 la jeunesse argent\u00e9e go\u00fbte aux plaisirs des \u00ab ann\u00e9es folles \u00bb, Charles Barataud est condamn\u00e9 aux travaux forc\u00e9s \u00e0 perp\u00e9tuit\u00e9 pour le meurtre d\u2019un chauffeur de taxi. Le coupable pr\u00e9sum\u00e9, Charles Barataud, figure [&hellip;]<\/p>\n","protected":false},"featured_media":56575,"template":"","meta":{"_acf_changed":false,"_genesis_hide_title":false,"_genesis_hide_breadcrumbs":false,"_genesis_hide_singular_image":false,"_genesis_hide_footer_widgets":false,"_genesis_custom_body_class":"","_genesis_custom_post_class":"","_genesis_layout":""},"product_brand":[],"product_cat":[7132,7148,7158],"product_tag":[],"class_list":{"0":"post-56577","1":"product","2":"type-product","3":"status-publish","4":"has-post-thumbnail","6":"product_cat-books","7":"product_cat-history-geography-en","8":"product_cat-modern-and-contemporary-history-en","9":"pa_auteur-brousse-vincent-en","10":"pa_auteur-grandcoing-philippe-en","11":"pa_editeur-geste-en","12":"pa_langue-francais-en","13":"entry","15":"first","16":"instock","17":"shipping-taxable","18":"purchasable","19":"product-type-simple"},"acf":[],"_links":{"self":[{"href":"https:\/\/www.libraria-occitana.org\/en\/wp-json\/wp\/v2\/product\/56577","targetHints":{"allow":["GET"]}}],"collection":[{"href":"https:\/\/www.libraria-occitana.org\/en\/wp-json\/wp\/v2\/product"}],"about":[{"href":"https:\/\/www.libraria-occitana.org\/en\/wp-json\/wp\/v2\/types\/product"}],"wp:featuredmedia":[{"embeddable":true,"href":"https:\/\/www.libraria-occitana.org\/en\/wp-json\/wp\/v2\/media\/56575"}],"wp:attachment":[{"href":"https:\/\/www.libraria-occitana.org\/en\/wp-json\/wp\/v2\/media?parent=56577"}],"wp:term":[{"taxonomy":"product_brand","embeddable":true,"href":"https:\/\/www.libraria-occitana.org\/en\/wp-json\/wp\/v2\/product_brand?post=56577"},{"taxonomy":"product_cat","embeddable":true,"href":"https:\/\/www.libraria-occitana.org\/en\/wp-json\/wp\/v2\/product_cat?post=56577"},{"taxonomy":"product_tag","embeddable":true,"href":"https:\/\/www.libraria-occitana.org\/en\/wp-json\/wp\/v2\/product_tag?post=56577"}],"curies":[{"name":"wp","href":"https:\/\/api.w.org\/{rel}","templated":true}]}}