{"id":56593,"date":"2022-05-12T20:24:11","date_gmt":"2022-05-12T18:24:11","guid":{"rendered":"http:\/\/www.libraria-occitana.org\/product\/le-cimetiere-de-limoges-promenade-dans-les-allees-du-temps\/"},"modified":"2026-04-29T01:41:12","modified_gmt":"2026-04-28T23:41:12","slug":"le-cimetiere-de-limoges-promenade-dans-les-allees-du-temps","status":"publish","type":"product","link":"https:\/\/www.libraria-occitana.org\/en\/product\/le-cimetiere-de-limoges-promenade-dans-les-allees-du-temps\/","title":{"rendered":"Le cimeti\u00e8re de Limoges : Promenade dans les all\u00e9es du temps"},"content":{"rendered":"<p>En passant par l\u2019historique des anciens cimeti\u00e8res, l\u2019ouverture de Louyat en 1806, son architecture et ses personnages c\u00e9l\u00e8bres, le tout illustr\u00e9 de nombreuses photographies et plans, cet ouvrage d\u00e9voile \u00e0 ses curieux visiteurs les secrets de l\u2019un des plus grands cimeti\u00e8res de France comptant plus de 40 hectares.<\/p>\n<p>Le cimeti\u00e8re de Louyat \u00e0 Limoges, lieu insolite et myst\u00e9rieux devenu c\u00e9l\u00e8bre lors du tournage du film de Patrice Ch\u00e9reau \u00ab Ceux qui m\u2019aiment prendront le train \u00bb, sorti en 1998.<\/p>\n","protected":false},"excerpt":{"rendered":"<p>En passant par l\u2019historique des anciens cimeti\u00e8res, l\u2019ouverture de Louyat en 1806, son architecture et ses personnages c\u00e9l\u00e8bres, le tout illustr\u00e9 de nombreuses photographies et plans, cet ouvrage d\u00e9voile \u00e0 ses curieux visiteurs les secrets de l\u2019un des plus grands cimeti\u00e8res de France comptant plus de 40 hectares. Le cimeti\u00e8re de Louyat \u00e0 Limoges, lieu [&hellip;]<\/p>\n","protected":false},"featured_media":56591,"template":"","meta":{"_acf_changed":false,"_genesis_hide_title":false,"_genesis_hide_breadcrumbs":false,"_genesis_hide_singular_image":false,"_genesis_hide_footer_widgets":false,"_genesis_custom_body_class":"","_genesis_custom_post_class":"","_genesis_layout":""},"product_brand":[],"product_cat":[7132,7198,7196],"product_tag":[],"class_list":{"0":"post-56593","1":"product","2":"type-product","3":"status-publish","4":"has-post-thumbnail","6":"product_cat-books","7":"product_cat-guides-tourism-en","8":"product_cat-nature-tourism-en","9":"pa_auteur-vigier-patrick-en","10":"pa_editeur-geste-en","11":"pa_langue-francais-en","12":"entry","14":"first","15":"instock","16":"shipping-taxable","17":"purchasable","18":"product-type-simple"},"acf":[],"_links":{"self":[{"href":"https:\/\/www.libraria-occitana.org\/en\/wp-json\/wp\/v2\/product\/56593","targetHints":{"allow":["GET"]}}],"collection":[{"href":"https:\/\/www.libraria-occitana.org\/en\/wp-json\/wp\/v2\/product"}],"about":[{"href":"https:\/\/www.libraria-occitana.org\/en\/wp-json\/wp\/v2\/types\/product"}],"wp:featuredmedia":[{"embeddable":true,"href":"https:\/\/www.libraria-occitana.org\/en\/wp-json\/wp\/v2\/media\/56591"}],"wp:attachment":[{"href":"https:\/\/www.libraria-occitana.org\/en\/wp-json\/wp\/v2\/media?parent=56593"}],"wp:term":[{"taxonomy":"product_brand","embeddable":true,"href":"https:\/\/www.libraria-occitana.org\/en\/wp-json\/wp\/v2\/product_brand?post=56593"},{"taxonomy":"product_cat","embeddable":true,"href":"https:\/\/www.libraria-occitana.org\/en\/wp-json\/wp\/v2\/product_cat?post=56593"},{"taxonomy":"product_tag","embeddable":true,"href":"https:\/\/www.libraria-occitana.org\/en\/wp-json\/wp\/v2\/product_tag?post=56593"}],"curies":[{"name":"wp","href":"https:\/\/api.w.org\/{rel}","templated":true}]}}