{"id":56599,"date":"2022-04-12T20:32:17","date_gmt":"2022-04-12T18:32:17","guid":{"rendered":"http:\/\/www.libraria-occitana.org\/product\/rando-le-plateau-de-millevaches-16-balades\/"},"modified":"2026-04-29T01:41:32","modified_gmt":"2026-04-28T23:41:32","slug":"rando-le-plateau-de-millevaches-16-balades","status":"publish","type":"product","link":"https:\/\/www.libraria-occitana.org\/en\/product\/rando-le-plateau-de-millevaches-16-balades\/","title":{"rendered":"Rando Le Plateau de Millevaches &#8211; 16 balades \u00e0 pied, \u00e0 v\u00e9lo, \u00e0 cheval"},"content":{"rendered":"<p>Le plateau de Millevaches est un pays vaste et riche. Riche d\u2019une histoire et d\u2019un patrimoine naturel, paysager, architectural que l\u2019on ne soup\u00e7onnait pas aux premiers abords. On se laisse rapidement et facilement charmer par ce territoire, dont la diversit\u00e9 de paysages, de milieux, d\u2019ambiances, de points de vue ne cesse d\u2019\u00e9tonner. Depuis les villages, plus ou moins petits, depuis les collines ou les vall\u00e9es, depuis les tourbi\u00e8res ou les for\u00eats, chaque endroit du plateau rec\u00e8le un tr\u00e9sor qu\u2019il ne manque plus qu\u2019\u00e0 d\u00e9couvrir.<\/p>\n","protected":false},"excerpt":{"rendered":"<p>Le plateau de Millevaches est un pays vaste et riche. Riche d\u2019une histoire et d\u2019un patrimoine naturel, paysager, architectural que l\u2019on ne soup\u00e7onnait pas aux premiers abords. On se laisse rapidement et facilement charmer par ce territoire, dont la diversit\u00e9 de paysages, de milieux, d\u2019ambiances, de points de vue ne cesse d\u2019\u00e9tonner. Depuis les villages, [&hellip;]<\/p>\n","protected":false},"featured_media":56597,"template":"","meta":{"_acf_changed":false,"_genesis_hide_title":false,"_genesis_hide_breadcrumbs":false,"_genesis_hide_singular_image":false,"_genesis_hide_footer_widgets":false,"_genesis_custom_body_class":"","_genesis_custom_post_class":"","_genesis_layout":""},"product_brand":[],"product_cat":[7132,7198,7196],"product_tag":[],"class_list":{"0":"post-56599","1":"product","2":"type-product","3":"status-publish","4":"has-post-thumbnail","6":"product_cat-books","7":"product_cat-guides-tourism-en","8":"product_cat-nature-tourism-en","9":"pa_auteur-hennebel-clothilde-en","10":"pa_editeur-geste-en","11":"pa_langue-francais-en","12":"entry","14":"first","15":"instock","16":"shipping-taxable","17":"purchasable","18":"product-type-simple"},"acf":[],"_links":{"self":[{"href":"https:\/\/www.libraria-occitana.org\/en\/wp-json\/wp\/v2\/product\/56599","targetHints":{"allow":["GET"]}}],"collection":[{"href":"https:\/\/www.libraria-occitana.org\/en\/wp-json\/wp\/v2\/product"}],"about":[{"href":"https:\/\/www.libraria-occitana.org\/en\/wp-json\/wp\/v2\/types\/product"}],"wp:featuredmedia":[{"embeddable":true,"href":"https:\/\/www.libraria-occitana.org\/en\/wp-json\/wp\/v2\/media\/56597"}],"wp:attachment":[{"href":"https:\/\/www.libraria-occitana.org\/en\/wp-json\/wp\/v2\/media?parent=56599"}],"wp:term":[{"taxonomy":"product_brand","embeddable":true,"href":"https:\/\/www.libraria-occitana.org\/en\/wp-json\/wp\/v2\/product_brand?post=56599"},{"taxonomy":"product_cat","embeddable":true,"href":"https:\/\/www.libraria-occitana.org\/en\/wp-json\/wp\/v2\/product_cat?post=56599"},{"taxonomy":"product_tag","embeddable":true,"href":"https:\/\/www.libraria-occitana.org\/en\/wp-json\/wp\/v2\/product_tag?post=56599"}],"curies":[{"name":"wp","href":"https:\/\/api.w.org\/{rel}","templated":true}]}}