{"id":56611,"date":"2022-05-12T20:49:32","date_gmt":"2022-05-12T18:49:32","guid":{"rendered":"http:\/\/www.libraria-occitana.org\/product\/lame-sacree-du-limousin\/"},"modified":"2026-04-29T01:37:06","modified_gmt":"2026-04-28T23:37:06","slug":"lame-sacree-du-limousin","status":"publish","type":"product","link":"https:\/\/www.libraria-occitana.org\/en\/product\/lame-sacree-du-limousin\/","title":{"rendered":"L&#8217;\u00e2me sacr\u00e9e du Limousin"},"content":{"rendered":"<p>Ce livre vous invite dans un Limousin inconnu, inattendu. Les racines de l\u2019\u00e2me limousine plongent au plus profond des croyances pr\u00e9chr\u00e9tiennes.<\/p>\n<p>Culte des saints, p\u00e8lerinages, ostensions, fontaines \u00e0 l\u2019eau bienfaisante, menhirs qui rendent les femmes f\u00e9condes ou qui gu\u00e9rissent les fi\u00e8vres, envo\u00fbtements, messes de tourmentation, sorcellerie, jeteurs de sorts, contre-sorts, mal\u00e9fices, gu\u00e9risseurs aux recettes insolites, magn\u00e9tiseurs, coupeurs de feu, chapelles perdues aux curieux ex voto, arbres sacr\u00e9s, lieux maudits&#8230; Le limousin plonge ses racines dans plusieurs bouches, de la plus sainte \u00e0 la plus diabolique.<\/p>\n","protected":false},"excerpt":{"rendered":"<p>Ce livre vous invite dans un Limousin inconnu, inattendu. Les racines de l\u2019\u00e2me limousine plongent au plus profond des croyances pr\u00e9chr\u00e9tiennes. Culte des saints, p\u00e8lerinages, ostensions, fontaines \u00e0 l\u2019eau bienfaisante, menhirs qui rendent les femmes f\u00e9condes ou qui gu\u00e9rissent les fi\u00e8vres, envo\u00fbtements, messes de tourmentation, sorcellerie, jeteurs de sorts, contre-sorts, mal\u00e9fices, gu\u00e9risseurs aux recettes insolites, [&hellip;]<\/p>\n","protected":false},"featured_media":56609,"template":"","meta":{"_acf_changed":false,"_genesis_hide_title":false,"_genesis_hide_breadcrumbs":false,"_genesis_hide_singular_image":false,"_genesis_hide_footer_widgets":false,"_genesis_custom_body_class":"","_genesis_custom_post_class":"","_genesis_layout":""},"product_brand":[],"product_cat":[7132,7208,7206],"product_tag":[],"class_list":{"0":"post-56611","1":"product","2":"type-product","3":"status-publish","4":"has-post-thumbnail","6":"product_cat-books","7":"product_cat-customs-rites-and-beliefs-en","8":"product_cat-traditions-heritage-en","9":"pa_auteur-maudhuy-roger-en","10":"pa_editeur-geste-en","11":"pa_langue-francais-en","12":"entry","14":"first","15":"instock","16":"shipping-taxable","17":"purchasable","18":"product-type-simple"},"acf":[],"_links":{"self":[{"href":"https:\/\/www.libraria-occitana.org\/en\/wp-json\/wp\/v2\/product\/56611","targetHints":{"allow":["GET"]}}],"collection":[{"href":"https:\/\/www.libraria-occitana.org\/en\/wp-json\/wp\/v2\/product"}],"about":[{"href":"https:\/\/www.libraria-occitana.org\/en\/wp-json\/wp\/v2\/types\/product"}],"wp:featuredmedia":[{"embeddable":true,"href":"https:\/\/www.libraria-occitana.org\/en\/wp-json\/wp\/v2\/media\/56609"}],"wp:attachment":[{"href":"https:\/\/www.libraria-occitana.org\/en\/wp-json\/wp\/v2\/media?parent=56611"}],"wp:term":[{"taxonomy":"product_brand","embeddable":true,"href":"https:\/\/www.libraria-occitana.org\/en\/wp-json\/wp\/v2\/product_brand?post=56611"},{"taxonomy":"product_cat","embeddable":true,"href":"https:\/\/www.libraria-occitana.org\/en\/wp-json\/wp\/v2\/product_cat?post=56611"},{"taxonomy":"product_tag","embeddable":true,"href":"https:\/\/www.libraria-occitana.org\/en\/wp-json\/wp\/v2\/product_tag?post=56611"}],"curies":[{"name":"wp","href":"https:\/\/api.w.org\/{rel}","templated":true}]}}