{"id":56617,"date":"2022-06-12T20:55:49","date_gmt":"2022-06-12T18:55:49","guid":{"rendered":"http:\/\/www.libraria-occitana.org\/product\/veillees-limousines-contes-populaires\/"},"modified":"2026-04-29T01:41:27","modified_gmt":"2026-04-28T23:41:27","slug":"veillees-limousines-contes-populaires","status":"publish","type":"product","link":"https:\/\/www.libraria-occitana.org\/en\/product\/veillees-limousines-contes-populaires\/","title":{"rendered":"Veill\u00e9es limousines : Contes populaires"},"content":{"rendered":"<p>Un floril\u00e8ge, destin\u00e9 aux lecteurs de tous les \u00e2ges : deux jolies l\u00e9gendes, des contes d\u2019animaux, des aventures, des fables\u2026 On y trouve des le\u00e7ons de bonne conduite, bien s\u00fbr, mais surtout du merveilleux, des m\u00e9tamorphoses, des sorci\u00e8res bien m\u00e9chantes, des petits nains serviables et de bons g\u00e9ants.<\/p>\n<p>Dans cet ouvrage sont r\u00e9unis des si\u00e8cles de contes et l\u00e9gendes qui constituent l\u2019imaginaire collectif du Limousin. \u00c0 travers monts et vall\u00e9es, \u00e0 travers villes et bourgades beaucoup de myst\u00e8res, de l\u00e9gendes et de vieilles histoires racontent le Limousin d\u2019antan. Ces histoires appartiennent \u00e0 un fonds tr\u00e8s ancien, remontant \u00e0 un pass\u00e9 imm\u00e9morial pour la plupart. On leur donne ici une nouvelle vie.<\/p>\n","protected":false},"excerpt":{"rendered":"<p>Un floril\u00e8ge, destin\u00e9 aux lecteurs de tous les \u00e2ges : deux jolies l\u00e9gendes, des contes d\u2019animaux, des aventures, des fables\u2026 On y trouve des le\u00e7ons de bonne conduite, bien s\u00fbr, mais surtout du merveilleux, des m\u00e9tamorphoses, des sorci\u00e8res bien m\u00e9chantes, des petits nains serviables et de bons g\u00e9ants. Dans cet ouvrage sont r\u00e9unis des si\u00e8cles [&hellip;]<\/p>\n","protected":false},"featured_media":56615,"template":"","meta":{"_acf_changed":false,"_genesis_hide_title":false,"_genesis_hide_breadcrumbs":false,"_genesis_hide_singular_image":false,"_genesis_hide_footer_widgets":false,"_genesis_custom_body_class":"","_genesis_custom_post_class":"","_genesis_layout":""},"product_brand":[],"product_cat":[7132,7174,7176],"product_tag":[],"class_list":{"0":"post-56617","1":"product","2":"type-product","3":"status-publish","4":"has-post-thumbnail","6":"product_cat-books","7":"product_cat-literature-en","8":"product_cat-tales-fables-en","9":"pa_auteur-oger-eloise-en","10":"pa_auteur-sazilly-jeanne-de-en","11":"pa_editeur-geste-en","12":"pa_langue-francais-en","13":"entry","15":"first","16":"outofstock","17":"shipping-taxable","18":"purchasable","19":"product-type-simple"},"acf":[],"_links":{"self":[{"href":"https:\/\/www.libraria-occitana.org\/en\/wp-json\/wp\/v2\/product\/56617","targetHints":{"allow":["GET"]}}],"collection":[{"href":"https:\/\/www.libraria-occitana.org\/en\/wp-json\/wp\/v2\/product"}],"about":[{"href":"https:\/\/www.libraria-occitana.org\/en\/wp-json\/wp\/v2\/types\/product"}],"wp:featuredmedia":[{"embeddable":true,"href":"https:\/\/www.libraria-occitana.org\/en\/wp-json\/wp\/v2\/media\/56615"}],"wp:attachment":[{"href":"https:\/\/www.libraria-occitana.org\/en\/wp-json\/wp\/v2\/media?parent=56617"}],"wp:term":[{"taxonomy":"product_brand","embeddable":true,"href":"https:\/\/www.libraria-occitana.org\/en\/wp-json\/wp\/v2\/product_brand?post=56617"},{"taxonomy":"product_cat","embeddable":true,"href":"https:\/\/www.libraria-occitana.org\/en\/wp-json\/wp\/v2\/product_cat?post=56617"},{"taxonomy":"product_tag","embeddable":true,"href":"https:\/\/www.libraria-occitana.org\/en\/wp-json\/wp\/v2\/product_tag?post=56617"}],"curies":[{"name":"wp","href":"https:\/\/api.w.org\/{rel}","templated":true}]}}